{"id":712458,"date":"2025-08-27T16:56:28","date_gmt":"2025-08-27T13:56:28","guid":{"rendered":"https:\/\/roveyayinevi.com.tr\/index.php\/urun\/kor-2-gece-ve-ates\/"},"modified":"2026-04-16T02:21:00","modified_gmt":"2026-04-15T23:21:00","slug":"kor-2-gece-ve-ates","status":"publish","type":"product","link":"https:\/\/roveyayinevi.com.tr\/index.php\/urun\/kor-2-gece-ve-ates\/","title":{"rendered":"Kor 2 &#8211; Gece ve Ate\u015f"},"content":{"rendered":"<p>D\u00fcnyada 26 dile \u00e7evrilen K\u00fcller ve Kor kitab\u0131n\u0131n devam\u0131Bir\u00e7ok insan zaman\u0131n engin karanl\u0131\u011f\u0131nda k\u00fc\u00e7\u00fck birer p\u0131r\u0131lt\u0131d\u0131r ama sen h\u0131zla yanan bir k\u0131v\u0131lc\u0131m de\u011filsin.Sen, yanmaya cesaret edebilirsen, karanl\u0131kta parlayan bir ate\u015fsin.Antik Roma&#8217;dan ilham alan, zengin bir fantazi d\u00fcnyas\u0131nda ge\u00e7en k\u00fcller ve korda ailesi i\u00e7in sava\u015fan k\u00f6le Laia\u2019n\u0131n ve cesur asker Elias\u2019\u0131n hik\u00e2yeleri anlat\u0131l\u0131yordu.Ve \u015fimdi, Elias ile Laia canlar\u0131n\u0131 kurtarmak i\u00e7in ac\u0131mas\u0131z \u0130mparator\u2019dan ka\u00e7\u0131yorlar. Amazon, Time, Buzzfeed, Popsugar ve Entertainment Weekly taraf\u0131ndan y\u0131l\u0131n en iyi kitaplar\u0131 aras\u0131nda g\u00f6sterildi!\u201cSon sayfas\u0131na kadar adrenalin d\u00fc\u015fm\u00fcyor!\u201d <\/p>\n","protected":false},"excerpt":{"rendered":"<p>D\u00fcnyada 26 dile \u00e7evrilen K\u00fcller ve Kor kitab\u0131n\u0131n devam\u0131Bir\u00e7ok insan zaman\u0131n engin karanl\u0131\u011f\u0131nda k\u00fc\u00e7\u00fck birer p\u0131r\u0131lt\u0131d\u0131r ama sen h\u0131zla yanan bir k\u0131v\u0131lc\u0131m de\u011filsin.Sen, yanmaya cesaret edebilirsen,<span class=\"excerpt-hellip\"> [\u2026]<\/span><\/p>\n","protected":false},"featured_media":0,"template":"","meta":{"_monsterinsights_skip_tracking":false,"_monsterinsights_sitenote_active":false,"_monsterinsights_sitenote_note":"","_monsterinsights_sitenote_category":0},"product_brand":[],"product_cat":[12291,12711],"product_tag":[],"class_list":{"0":"post-712458","1":"product","2":"type-product","3":"status-publish","5":"product_cat-edebiyat","6":"product_cat-roman-oyku","7":"pa_cilt-ciltsiz","8":"pa_tur-kitap","9":"pa_yayinevi-epsilon-yayinlari","10":"pa_yazar-sabaa-tahir","12":"first","13":"instock","14":"sale","15":"shipping-taxable","16":"purchasable","17":"product-type-simple"},"_links":{"self":[{"href":"https:\/\/roveyayinevi.com.tr\/index.php\/wp-json\/wp\/v2\/product\/712458","targetHints":{"allow":["GET"]}}],"collection":[{"href":"https:\/\/roveyayinevi.com.tr\/index.php\/wp-json\/wp\/v2\/product"}],"about":[{"href":"https:\/\/roveyayinevi.com.tr\/index.php\/wp-json\/wp\/v2\/types\/product"}],"wp:attachment":[{"href":"https:\/\/roveyayinevi.com.tr\/index.php\/wp-json\/wp\/v2\/media?parent=712458"}],"wp:term":[{"taxonomy":"product_brand","embeddable":true,"href":"https:\/\/roveyayinevi.com.tr\/index.php\/wp-json\/wp\/v2\/product_brand?post=712458"},{"taxonomy":"product_cat","embeddable":true,"href":"https:\/\/roveyayinevi.com.tr\/index.php\/wp-json\/wp\/v2\/product_cat?post=712458"},{"taxonomy":"product_tag","embeddable":true,"href":"https:\/\/roveyayinevi.com.tr\/index.php\/wp-json\/wp\/v2\/product_tag?post=712458"}],"curies":[{"name":"wp","href":"https:\/\/api.w.org\/{rel}","templated":true}]}}