{"id":712455,"date":"2025-08-27T16:56:26","date_gmt":"2025-08-27T13:56:26","guid":{"rendered":"https:\/\/roveyayinevi.com.tr\/index.php\/urun\/devlet-ve-kimlik\/"},"modified":"2026-04-16T02:21:00","modified_gmt":"2026-04-15T23:21:00","slug":"devlet-ve-kimlik","status":"publish","type":"product","link":"https:\/\/roveyayinevi.com.tr\/index.php\/urun\/devlet-ve-kimlik\/","title":{"rendered":"Devlet Ve Kimlik"},"content":{"rendered":"<p>\u201cDo\u011fulu Devlet\u201d modelini \u201cBat\u0131l\u0131 Cumhuriyet\u201d modeliyle deyim yerindeyse \u201cevlendirip\u201d mutlu bir yuva (vatan) kurabilmek \u00e7ok ama \u00e7ok zor bir deneydir. G\u00fcn\u00fcm\u00fcz T\u00fcrkiye\u2019si i\u015fte bu zor evlili\u011fi yakla\u015f\u0131k bir as\u0131rd\u0131r s\u00fcrd\u00fcrm\u00fc\u015f ve s\u00fcrd\u00fcrmektedir. Kendi alan\u0131nda ilk ve tek \u00f6rnek evlilik olan bu olu\u015fum, her y\u00f6n\u00fcyle incelenmesi gereken bir fenomendir. T\u00fcrkiye\u2019de ya\u015fayan bizler ise, K\u00fcrt\u2019\u00fcyle, Laz\u2019\u0131yla, \u00c7erkez\u2019iyle vb. i\u015fte bu zor evlili\u011fi s\u00fcrd\u00fcrmeye gayret etmi\u015f olan Do\u011fulu \u201cBaba Devlet\u201d ile Bat\u0131l\u0131 \u201cAnne Cumhuriyet\u201din \u00e7ocuklar\u0131y\u0131z. Onlar\u0131n aras\u0131nda ya\u015fanan gerilimlerden etkilenip, aralar\u0131ndaki uyumdan da ho\u015fnut olmu\u015fuzdur. Her t\u00fcrl\u00fc engele ve aksili\u011fe ra\u011fmen onlar bu evlili\u011fi s\u00fcrd\u00fcrebilmeyi bug\u00fcne kadar ba\u015fard\u0131lar, \u015fimdi s\u0131ra bizlerde. Do\u011fulu Baba ile Bat\u0131l\u0131 Anne\u2019nin \u00e7ocu\u011fu olmak bizlerde bir \u201ckimlik\u201d bunal\u0131m\u0131 yaratm\u0131\u015ft\u0131 ama art\u0131k erginle\u015fmeye ba\u015flad\u0131k. Bu \u00e7apraz evlilik bizler i\u00e7in art\u0131k \u201cbunal\u0131m\u201d ve \u201ck\u00fclt\u00fcrel karamsarl\u0131k\u201d olarak bir engel de\u011fil, tam tersine bize dinamizm ve yarat\u0131c\u0131l\u0131k verecek bir g\u00fc\u00e7 olmal\u0131d\u0131r. Hi\u00e7bir Avrupa devleti, b\u00f6ylesi bir \u015fans\u0131 yakalayamam\u0131\u015ft\u0131r. Bunun de\u011ferini bilelim. Aram\u0131zdaki kavgalar\u0131n, \u00e7at\u0131\u015fmalar\u0131n k\u00f6keninde bu garip ama ger\u00e7ek evlili\u011fin bulundu\u011funu da bilelim. Bunun bizlere ne de\u011ferler katt\u0131\u011f\u0131n\u0131n fark\u0131na varal\u0131m ve d\u00fcnya sahnesine i\u015fte bu \u201cfarkl\u0131 kimli\u011fimizle\u201d \u00e7\u0131kal\u0131m. <\/p>\n","protected":false},"excerpt":{"rendered":"<p>\u201cDo\u011fulu Devlet\u201d modelini \u201cBat\u0131l\u0131 Cumhuriyet\u201d modeliyle deyim yerindeyse \u201cevlendirip\u201d mutlu bir yuva (vatan) kurabilmek \u00e7ok ama \u00e7ok zor bir deneydir. G\u00fcn\u00fcm\u00fcz T\u00fcrkiye\u2019si i\u015fte bu zor evlili\u011fi<span class=\"excerpt-hellip\"> [\u2026]<\/span><\/p>\n","protected":false},"featured_media":0,"template":"","meta":{"_monsterinsights_skip_tracking":false,"_monsterinsights_sitenote_active":false,"_monsterinsights_sitenote_note":"","_monsterinsights_sitenote_category":0},"product_brand":[],"product_cat":[13590,12337],"product_tag":[],"class_list":{"0":"post-712455","1":"product","2":"type-product","3":"status-publish","5":"product_cat-arastirma-inceleme-politika-siyaset","6":"product_cat-politika-siyaset","7":"pa_cilt-ciltsiz","8":"pa_tur-kitap","9":"pa_yayinevi-destek-yayinlari","10":"pa_yazar-aytunc-altindal","12":"first","13":"instock","14":"sale","15":"shipping-taxable","16":"purchasable","17":"product-type-simple"},"_links":{"self":[{"href":"https:\/\/roveyayinevi.com.tr\/index.php\/wp-json\/wp\/v2\/product\/712455","targetHints":{"allow":["GET"]}}],"collection":[{"href":"https:\/\/roveyayinevi.com.tr\/index.php\/wp-json\/wp\/v2\/product"}],"about":[{"href":"https:\/\/roveyayinevi.com.tr\/index.php\/wp-json\/wp\/v2\/types\/product"}],"wp:attachment":[{"href":"https:\/\/roveyayinevi.com.tr\/index.php\/wp-json\/wp\/v2\/media?parent=712455"}],"wp:term":[{"taxonomy":"product_brand","embeddable":true,"href":"https:\/\/roveyayinevi.com.tr\/index.php\/wp-json\/wp\/v2\/product_brand?post=712455"},{"taxonomy":"product_cat","embeddable":true,"href":"https:\/\/roveyayinevi.com.tr\/index.php\/wp-json\/wp\/v2\/product_cat?post=712455"},{"taxonomy":"product_tag","embeddable":true,"href":"https:\/\/roveyayinevi.com.tr\/index.php\/wp-json\/wp\/v2\/product_tag?post=712455"}],"curies":[{"name":"wp","href":"https:\/\/api.w.org\/{rel}","templated":true}]}}