{"id":712454,"date":"2025-08-27T16:56:26","date_gmt":"2025-08-27T13:56:26","guid":{"rendered":"https:\/\/roveyayinevi.com.tr\/index.php\/urun\/kehanetler-kitabi\/"},"modified":"2026-04-16T02:21:00","modified_gmt":"2026-04-15T23:21:00","slug":"kehanetler-kitabi","status":"publish","type":"product","link":"https:\/\/roveyayinevi.com.tr\/index.php\/urun\/kehanetler-kitabi\/","title":{"rendered":"Kehanetler Kitab\u0131"},"content":{"rendered":"<p>Kitapta yer alan 17 kehanet ve 28 Osmanl\u0131 tablosu, bak\u0131r \u00fczerine i\u015flenmi\u015f ve \u00f6zg\u00fcn bask\u0131 buradan yap\u0131lm\u0131\u015ft\u0131r. Tam metindir. Frans\u0131zca \u00f6zg\u00fcn yorum ve tablolar e\u015fli\u011finde T\u00fcrk\u00e7e \u00e7evirileri eklenmi\u015ftir. * * * Chalcondyles, belki de canl\u0131 tan\u0131\u011f\u0131 oldu\u011fu olaylar nedeniyle \u00f6ylesine ince ayr\u0131nt\u0131lara dikkat etmi\u015ftir ki bu dikkati ve g\u00f6zlemleri g\u00fcn\u00fcm\u00fcz\u00fcn tarih\u00e7ilerini \u015fa\u015f\u0131rtmaktad\u0131r. \u00d6rne\u011fin, bir dilencinin veya bir \u0130ranl\u0131, Ermeni ya da Arap t\u00fcccar\u0131n nas\u0131l giyindi\u011fine, belindeki ku\u015fa\u011f\u0131n nas\u0131l ba\u011flan\u0131rsa ne anlama geldi\u011fine var\u0131ncaya kadar yazm\u0131\u015ft\u0131r. * * * \u201cKehanetler\u201d b\u00f6l\u00fcm\u00fcnde inan\u0131lmas\u0131 zor bilgiler iletilmi\u015ftir. Hi\u00e7 ku\u015fkusuz gelece\u011fi hi\u00e7 kimse bilemez ve m\u00fcminler i\u00e7in gelece\u011fi bilebilmek sadece Tanr\u0131\u2019ya mahsustur. Ancak bu \u201ckehanetleri\u201d birer prognoz\/\u00f6ng\u00f6r\u00fc olarak de\u011ferlendirirsek, kitab\u0131n yaz\u0131ld\u0131\u011f\u0131 d\u00f6nemden y\u00fczy\u0131llarca sonra neredeyse bire bir ger\u00e7ekle\u015fen bu \u00f6ng\u00f6r\u00fcleri dikkatle incelemek gerekti\u011fi a\u00e7\u0131kt\u0131r. <\/p>\n","protected":false},"excerpt":{"rendered":"<p>Kitapta yer alan 17 kehanet ve 28 Osmanl\u0131 tablosu, bak\u0131r \u00fczerine i\u015flenmi\u015f ve \u00f6zg\u00fcn bask\u0131 buradan yap\u0131lm\u0131\u015ft\u0131r. Tam metindir. Frans\u0131zca \u00f6zg\u00fcn yorum ve tablolar e\u015fli\u011finde T\u00fcrk\u00e7e<span class=\"excerpt-hellip\"> [\u2026]<\/span><\/p>\n","protected":false},"featured_media":0,"template":"","meta":{"_monsterinsights_skip_tracking":false,"_monsterinsights_sitenote_active":false,"_monsterinsights_sitenote_note":"","_monsterinsights_sitenote_category":0},"product_brand":[],"product_cat":[12370,12304],"product_tag":[],"class_list":{"0":"post-712454","1":"product","2":"type-product","3":"status-publish","5":"product_cat-arastirma-inceleme","6":"product_cat-tarih","7":"pa_cilt-ciltsiz","8":"pa_tur-kitap","9":"pa_yayinevi-destek-yayinlari","10":"pa_yazar-laonicus-chalcondyles","12":"first","13":"instock","14":"sale","15":"shipping-taxable","16":"purchasable","17":"product-type-simple"},"_links":{"self":[{"href":"https:\/\/roveyayinevi.com.tr\/index.php\/wp-json\/wp\/v2\/product\/712454","targetHints":{"allow":["GET"]}}],"collection":[{"href":"https:\/\/roveyayinevi.com.tr\/index.php\/wp-json\/wp\/v2\/product"}],"about":[{"href":"https:\/\/roveyayinevi.com.tr\/index.php\/wp-json\/wp\/v2\/types\/product"}],"wp:attachment":[{"href":"https:\/\/roveyayinevi.com.tr\/index.php\/wp-json\/wp\/v2\/media?parent=712454"}],"wp:term":[{"taxonomy":"product_brand","embeddable":true,"href":"https:\/\/roveyayinevi.com.tr\/index.php\/wp-json\/wp\/v2\/product_brand?post=712454"},{"taxonomy":"product_cat","embeddable":true,"href":"https:\/\/roveyayinevi.com.tr\/index.php\/wp-json\/wp\/v2\/product_cat?post=712454"},{"taxonomy":"product_tag","embeddable":true,"href":"https:\/\/roveyayinevi.com.tr\/index.php\/wp-json\/wp\/v2\/product_tag?post=712454"}],"curies":[{"name":"wp","href":"https:\/\/api.w.org\/{rel}","templated":true}]}}