{"id":712453,"date":"2025-08-27T16:56:25","date_gmt":"2025-08-27T13:56:25","guid":{"rendered":"https:\/\/roveyayinevi.com.tr\/index.php\/urun\/hayatlarimin-kitabi\/"},"modified":"2025-12-30T10:12:10","modified_gmt":"2025-12-30T07:12:10","slug":"hayatlarimin-kitabi","status":"publish","type":"product","link":"https:\/\/roveyayinevi.com.tr\/index.php\/urun\/hayatlarimin-kitabi\/","title":{"rendered":"Hayatlar\u0131m\u0131n Kitab\u0131"},"content":{"rendered":"<p>Anadilinden farkl\u0131 bir dilde yazan ve Nabokov ve Conrad gibi ustalarla kar\u015f\u0131la\u015ft\u0131r\u0131lan Aleksandar Hemon&#8217;un hayatlar\u0131ndan biri; Saraybosnal\u0131, futbola, Amerikan m\u00fczi\u011fine ve k\u00f6t\u00fc \u015fiire merakl\u0131 bir gencin \u00f6yk\u00fcs\u00fc. Bir di\u011feriyse, Bosna\u2019da sava\u015f\u0131n patlamas\u0131ndan hemen \u00f6nce Chicago\u2019ya g\u00f6\u00e7 eden, ailesi ve vatan\u0131 i\u00e7in endi\u015felenen bir yersiz yurtsuzun hayat\u0131.    Hemon\u2019un otobiyografik denemeleri bir hat\u0131rattan \u00e7ok daha fazlas\u0131. Aile ba\u011flar\u0131na ve iki \u015fehre g\u00fczelleme olman\u0131n yan\u0131 s\u0131ra, Hayatlar\u0131m\u0131n Kitab\u0131 ki\u015fisel ve toplumsal trajedileri nokta at\u0131\u015f\u0131 bir i\u00e7g\u00f6r\u00fc, \u00f6zele\u015ftiri ve sivri bir mizahla dile getirmeyi ba\u015far\u0131yor. Hemon, t\u00fcm iyi yazarlar gibi, okurunun hayata farkl\u0131 bir yerden bakmas\u0131n\u0131 sa\u011fl\u0131yor.    \u201cHayatlar\u0131m\u0131n Kitab\u0131 d\u00fc\u015f\u00fcnd\u00fcrecek, g\u00fcld\u00fcrecek, a\u011flatacak ve size kendinizi hat\u0131rlatacak. Daha \u00f6nce hi\u00e7 Aleksandar Hemon kitab\u0131 okumad\u0131ysan\u0131z, d\u00fcnya g\u00f6r\u00fc\u015f\u00fcn\u00fcz\u00fcn derinle\u015fmesine haz\u0131r olun.\u201d Jonathan Safran Foer    \u201cAleksandar Hemon, d\u00fcr\u00fcst\u00e7e s\u00f6yl\u00fcyorum ki, bizim neslimizin en iyi yazar\u0131. Edebi dili derin, k\u0131vrak, komik, zarif, ac\u0131 verici, \u00f6fkeli, sert, sorgulay\u0131c\u0131. Hayatlar\u0131m\u0131n Kitab\u0131 -Hemon\u2019un t\u00fcm kitaplar\u0131 gibi- g\u00fcn\u00fcm\u00fcze adanm\u0131\u015f bir arya.\u201d Colum McCann   \u201cAleksandar Hemon&#8217;un denemeleri \u00f6ylesine mizahi ve ironik, \u00f6ylesine \u015fefkatli ve insanc\u0131l ki temel konusu g\u00f6z ard\u0131 ediliyor: Hayatlar\u0131m\u0131n Kitab\u0131 tarihin en korkun\u00e7 sava\u015flar\u0131ndan birinde kaybolup giden bir \u00fclkenin  son derece samimi ve y\u00fcrek burkan portresi.\u201d T\u00e9a Obreht   \u201cG\u00f6z kama\u015ft\u0131r\u0131c\u0131. Aleksandar Hemon&#8217;un b\u00fcy\u00fck yetene\u011finin g\u00fcc\u00fcn\u00fc, g\u00f6zlerinizi kapatt\u0131\u011f\u0131n\u0131zda da hissetmeye devam edeceksiniz.\u201d Junot D\u00edaz <\/p>\n","protected":false},"excerpt":{"rendered":"<p>Anadilinden farkl\u0131 bir dilde yazan ve Nabokov ve Conrad gibi ustalarla kar\u015f\u0131la\u015ft\u0131r\u0131lan Aleksandar Hemon&#8217;un hayatlar\u0131ndan biri; Saraybosnal\u0131, futbola, Amerikan m\u00fczi\u011fine ve k\u00f6t\u00fc \u015fiire merakl\u0131 bir gencin<span class=\"excerpt-hellip\"> [\u2026]<\/span><\/p>\n","protected":false},"featured_media":0,"template":"","meta":{"_monsterinsights_skip_tracking":false,"_monsterinsights_sitenote_active":false,"_monsterinsights_sitenote_note":"","_monsterinsights_sitenote_category":0},"product_brand":[],"product_cat":[12777,12291],"product_tag":[],"class_list":{"0":"post-712453","1":"product","2":"type-product","3":"status-publish","5":"product_cat-deneme","6":"product_cat-edebiyat","7":"pa_cilt-ciltsiz","8":"pa_tur-kitap","9":"pa_yayinevi-everest-yayinlari","10":"pa_yazar-aleksandar-hemon","12":"first","13":"instock","14":"sale","15":"shipping-taxable","16":"purchasable","17":"product-type-simple"},"_links":{"self":[{"href":"https:\/\/roveyayinevi.com.tr\/index.php\/wp-json\/wp\/v2\/product\/712453","targetHints":{"allow":["GET"]}}],"collection":[{"href":"https:\/\/roveyayinevi.com.tr\/index.php\/wp-json\/wp\/v2\/product"}],"about":[{"href":"https:\/\/roveyayinevi.com.tr\/index.php\/wp-json\/wp\/v2\/types\/product"}],"wp:attachment":[{"href":"https:\/\/roveyayinevi.com.tr\/index.php\/wp-json\/wp\/v2\/media?parent=712453"}],"wp:term":[{"taxonomy":"product_brand","embeddable":true,"href":"https:\/\/roveyayinevi.com.tr\/index.php\/wp-json\/wp\/v2\/product_brand?post=712453"},{"taxonomy":"product_cat","embeddable":true,"href":"https:\/\/roveyayinevi.com.tr\/index.php\/wp-json\/wp\/v2\/product_cat?post=712453"},{"taxonomy":"product_tag","embeddable":true,"href":"https:\/\/roveyayinevi.com.tr\/index.php\/wp-json\/wp\/v2\/product_tag?post=712453"}],"curies":[{"name":"wp","href":"https:\/\/api.w.org\/{rel}","templated":true}]}}