{"id":712452,"date":"2025-08-27T16:56:25","date_gmt":"2025-08-27T13:56:25","guid":{"rendered":"https:\/\/roveyayinevi.com.tr\/index.php\/urun\/bostan-olumsuz-klasikler\/"},"modified":"2026-04-16T02:21:00","modified_gmt":"2026-04-15T23:21:00","slug":"bostan-olumsuz-klasikler","status":"publish","type":"product","link":"https:\/\/roveyayinevi.com.tr\/index.php\/urun\/bostan-olumsuz-klasikler\/","title":{"rendered":"Bostan &#8211; \u00d6l\u00fcms\u00fcz Klasikler"},"content":{"rendered":"<p>Daha hayattayken b\u00fcy\u00fck bir \u015f\u00f6hret kazanan Sad\u00ee, \u00f6mr\u00fcn\u00fcn \u00fc\u00e7te birini ilim tahsiliyle, bir o kadar\u0131n\u0131 da seyahatlerde ge\u00e7irmi\u015ftir. Sad\u00ee, bu seyahatlerinde zaman\u0131n en b\u00fcy\u00fck bilginleriyle ve mutasavv\u0131flar\u0131yla tan\u0131\u015fm\u0131\u015f, onlarla sohbet etmi\u015f, bilgi ve g\u00f6r\u00fc\u015f\u00fcn\u00fc geni\u015fletmi\u015ftir. \u00d6mr\u00fcn\u00fcn geriye kalan k\u0131sm\u0131nda da k\u00f6\u015fesine \u00e7ekilerek kazand\u0131\u011f\u0131 deneyimleri yaz\u0131ya ge\u00e7irip insanlar\u0131n yarar\u0131na sunmu\u015ftur. Yirmiye yak\u0131n kitab\u0131 olan Sad\u00ee\u2019in eserleri i\u00e7erisinde en \u00e7ok bilinip okunanlardan birisi de \u015f\u00fcphesizi Bostan\u2026  Sad\u00ee, Bostan\u2019da adalet, a\u015fk, muhabbet, r\u0131za, kanaat, \u015f\u00fck\u00fcr, t\u00f6vbe gibi eskimeyen insani de\u011ferleri hik\u00e2yeler i\u00e7inde i\u015fliyor\u2026 Biny\u0131l ge\u00e7se de bu hik\u00e2yeler h\u00e2l\u00e2 merakla okunuyor ve insan haf\u0131zas\u0131nda yer ediyor. <\/p>\n","protected":false},"excerpt":{"rendered":"<p>Daha hayattayken b\u00fcy\u00fck bir \u015f\u00f6hret kazanan Sad\u00ee, \u00f6mr\u00fcn\u00fcn \u00fc\u00e7te birini ilim tahsiliyle, bir o kadar\u0131n\u0131 da seyahatlerde ge\u00e7irmi\u015ftir. Sad\u00ee, bu seyahatlerinde zaman\u0131n en b\u00fcy\u00fck bilginleriyle ve<span class=\"excerpt-hellip\"> [\u2026]<\/span><\/p>\n","protected":false},"featured_media":0,"template":"","meta":{"_monsterinsights_skip_tracking":false,"_monsterinsights_sitenote_active":false,"_monsterinsights_sitenote_note":"","_monsterinsights_sitenote_category":0},"product_brand":[],"product_cat":[12291,12292],"product_tag":[],"class_list":{"0":"post-712452","1":"product","2":"type-product","3":"status-publish","5":"product_cat-edebiyat","6":"product_cat-turk-edebiyati","7":"pa_cilt-ciltsiz","8":"pa_tur-kitap","9":"pa_yayinevi-kapi-yayinlari","10":"pa_yazar-seyh-sadii-sirazi","12":"first","13":"instock","14":"sale","15":"shipping-taxable","16":"purchasable","17":"product-type-simple"},"_links":{"self":[{"href":"https:\/\/roveyayinevi.com.tr\/index.php\/wp-json\/wp\/v2\/product\/712452","targetHints":{"allow":["GET"]}}],"collection":[{"href":"https:\/\/roveyayinevi.com.tr\/index.php\/wp-json\/wp\/v2\/product"}],"about":[{"href":"https:\/\/roveyayinevi.com.tr\/index.php\/wp-json\/wp\/v2\/types\/product"}],"wp:attachment":[{"href":"https:\/\/roveyayinevi.com.tr\/index.php\/wp-json\/wp\/v2\/media?parent=712452"}],"wp:term":[{"taxonomy":"product_brand","embeddable":true,"href":"https:\/\/roveyayinevi.com.tr\/index.php\/wp-json\/wp\/v2\/product_brand?post=712452"},{"taxonomy":"product_cat","embeddable":true,"href":"https:\/\/roveyayinevi.com.tr\/index.php\/wp-json\/wp\/v2\/product_cat?post=712452"},{"taxonomy":"product_tag","embeddable":true,"href":"https:\/\/roveyayinevi.com.tr\/index.php\/wp-json\/wp\/v2\/product_tag?post=712452"}],"curies":[{"name":"wp","href":"https:\/\/api.w.org\/{rel}","templated":true}]}}