{"id":712450,"date":"2025-08-27T16:56:24","date_gmt":"2025-08-27T13:56:24","guid":{"rendered":"https:\/\/roveyayinevi.com.tr\/index.php\/urun\/orgut-kurami-orgut-tasarimi-ve-orgutsel-degisim-ciltli\/"},"modified":"2026-04-16T02:21:00","modified_gmt":"2026-04-15T23:21:00","slug":"orgut-kurami-orgut-tasarimi-ve-orgutsel-degisim-ciltli","status":"publish","type":"product","link":"https:\/\/roveyayinevi.com.tr\/index.php\/urun\/orgut-kurami-orgut-tasarimi-ve-orgutsel-degisim-ciltli\/","title":{"rendered":"\u00d6rg\u00fct Kuram\u0131, \u00d6rg\u00fct Tasar\u0131m\u0131 ve \u00d6rg\u00fctsel De\u011fi\u015fim (Ciltli)"},"content":{"rendered":"<p>\u00d6rg\u00fct kuram\u0131n\u0131 ve tasar\u0131m\u0131n\u0131 de\u011fi\u015fim ekseninde tart\u0131\u015fmas\u0131 bak\u0131m\u0131ndan benzerlerinden farkl\u0131la\u015fan bu kitap, t\u00fcm konular\u0131n ve kavramlar\u0131n i\u015f d\u00fcnyas\u0131ndan \u00f6rnek olaylar ile desteklendi\u011fi olduk\u00e7a zengin bir anlat\u0131ma sahiptir.          Kitap \u00fc\u00e7 temel k\u0131s\u0131mdan ve on d\u00f6rt b\u00f6l\u00fcmden olu\u015fmaktad\u0131r. \u00d6rg\u00fct ve \u00e7evresini konu alan birinci k\u0131s\u0131m; \u00f6rg\u00fctsel etkililik, etik ve de\u011fi\u015fen k\u00fcresel \u00e7evrede \u00f6rg\u00fctlenme konular\u0131 etraf\u0131nda toplanmaktad\u0131r. \u00d6rg\u00fct tasar\u0131m\u0131na odaklanan ikinci k\u0131s\u0131m; \u00f6rg\u00fctsel yetenekler, \u00f6rg\u00fct k\u00fclt\u00fcr\u00fc, teknolojisi ve yap\u0131s\u0131 gibi \u00e7ok say\u0131da unsur ile birlikte \u00f6rg\u00fct tasar\u0131m\u0131n\u0131 zengin bir \u00e7er\u00e7evede ele almaktad\u0131r. \u00dc\u00e7\u00fcnc\u00fc k\u0131s\u0131m olan \u00f6rg\u00fctsel de\u011fi\u015fim ise \u00f6rg\u00fct ya\u015fam\u0131n\u0131n her a\u015famas\u0131nda de\u011fi\u015fimin y\u00f6netimi, karar verme, teknoloji, inovasyon, giri\u015fimcilik, g\u00fc\u00e7 ve politika gibi kapsaml\u0131 bir i\u00e7erik ile \u00f6rg\u00fctlerde de\u011fi\u015fim olgusunu her y\u00f6n\u00fc ile tart\u0131\u015fmaktad\u0131r. <\/p>\n","protected":false},"excerpt":{"rendered":"<p>\u00d6rg\u00fct kuram\u0131n\u0131 ve tasar\u0131m\u0131n\u0131 de\u011fi\u015fim ekseninde tart\u0131\u015fmas\u0131 bak\u0131m\u0131ndan benzerlerinden farkl\u0131la\u015fan bu kitap, t\u00fcm konular\u0131n ve kavramlar\u0131n i\u015f d\u00fcnyas\u0131ndan \u00f6rnek olaylar ile desteklendi\u011fi olduk\u00e7a zengin bir anlat\u0131ma<span class=\"excerpt-hellip\"> [\u2026]<\/span><\/p>\n","protected":false},"featured_media":0,"template":"","meta":{"_monsterinsights_skip_tracking":false,"_monsterinsights_sitenote_active":false,"_monsterinsights_sitenote_note":"","_monsterinsights_sitenote_category":0},"product_brand":[],"product_cat":[12573,12566],"product_tag":[],"class_list":{"0":"post-712450","1":"product","2":"type-product","3":"status-publish","5":"product_cat-akademik-kitaplar","6":"product_cat-egitim","7":"pa_cilt-ciltli","8":"pa_tur-kitap","9":"pa_yayinevi-gazi-kitabevi","10":"pa_yazar-gareth-r-jones","12":"first","13":"instock","14":"sale","15":"shipping-taxable","16":"purchasable","17":"product-type-simple"},"_links":{"self":[{"href":"https:\/\/roveyayinevi.com.tr\/index.php\/wp-json\/wp\/v2\/product\/712450","targetHints":{"allow":["GET"]}}],"collection":[{"href":"https:\/\/roveyayinevi.com.tr\/index.php\/wp-json\/wp\/v2\/product"}],"about":[{"href":"https:\/\/roveyayinevi.com.tr\/index.php\/wp-json\/wp\/v2\/types\/product"}],"wp:attachment":[{"href":"https:\/\/roveyayinevi.com.tr\/index.php\/wp-json\/wp\/v2\/media?parent=712450"}],"wp:term":[{"taxonomy":"product_brand","embeddable":true,"href":"https:\/\/roveyayinevi.com.tr\/index.php\/wp-json\/wp\/v2\/product_brand?post=712450"},{"taxonomy":"product_cat","embeddable":true,"href":"https:\/\/roveyayinevi.com.tr\/index.php\/wp-json\/wp\/v2\/product_cat?post=712450"},{"taxonomy":"product_tag","embeddable":true,"href":"https:\/\/roveyayinevi.com.tr\/index.php\/wp-json\/wp\/v2\/product_tag?post=712450"}],"curies":[{"name":"wp","href":"https:\/\/api.w.org\/{rel}","templated":true}]}}