{"id":712447,"date":"2025-08-27T16:56:22","date_gmt":"2025-08-27T13:56:22","guid":{"rendered":"https:\/\/roveyayinevi.com.tr\/index.php\/urun\/sanat-felsefesi-2\/"},"modified":"2026-04-16T02:21:00","modified_gmt":"2026-04-15T23:21:00","slug":"sanat-felsefesi-2","status":"publish","type":"product","link":"https:\/\/roveyayinevi.com.tr\/index.php\/urun\/sanat-felsefesi-2\/","title":{"rendered":"Sanat Felsefesi"},"content":{"rendered":"<p>Sanatta g\u00f6rd\u00fc\u011f\u00fcm\u00fcz, duydu\u011fumuz, okudu\u011fumuz mutla\u011f\u0131n \u0131\u015f\u0131\u011f\u0131, mutla\u011f\u0131n sesi, mutla\u011f\u0131n hik\u00e2yesidir, tersinden de s\u00f6ylenebilir; y\u0131ld\u0131zl\u0131 bir gecede g\u00f6ky\u00fcz\u00fcne bakan Tanr\u0131, Van Gogh\u2019un Y\u0131ld\u0131zl\u0131 Gece\u2019sini g\u00f6r\u00fcr ve bu y\u00fczden Y\u0131ld\u0131zl\u0131 Gece\u2019ye bakan biz de\u011filizdir, Y\u0131ld\u0131zl\u0131 Gece bize bakar, o mutla\u011f\u0131n y\u0131ld\u0131zl\u0131 gece olarak g\u00f6r\u00fcnmesi ve g\u00f6rmesidir; Truva Sava\u015f\u0131 Tanr\u0131n\u0131n g\u00f6z\u00fcnden \u0130lyada Destan\u0131\u2019d\u0131r, Tanr\u0131 bize \u0130lyada\u2019da hik\u00e2yemizi b\u00f6yle anlat\u0131r, \u00e7\u00fcnk\u00fc onun hik\u00e2yesi mutlak anlamda b\u00f6yle vuku bulmu\u015ftur; Beethoven\u2019\u0131nYedinci Senfoni\u2019sinde duydu\u011fu evrenin hareketidir, Tanr\u0131 hareket etmekte ve bize hareketini b\u00f6yle duyurmaktad\u0131r. Sanatta g\u00f6r\u00fcnen ve g\u00f6renin, duyulan ve duyan\u0131n, anlat\u0131lan ve anlatan\u0131n birbirine kar\u0131\u015fmas\u0131 bundan kaynakl\u0131d\u0131r, bunlar sanatta \u00f6zde\u015f hale gelirler. \u201cEvren Tanr\u0131da mutlak sanat eseri olarak ve ebedi g\u00fczellikte kurulmu\u015ftur. Benzer \u015fekilde kendilerinde ya da Tanr\u0131da olduklar\u0131 haliyle t\u00fcm \u015feyler, mutlak olarak hakiki olduklar\u0131 gibi, mutlak olarak g\u00fczeldir.\u201d                                       Schelling <\/p>\n","protected":false},"excerpt":{"rendered":"<p>Sanatta g\u00f6rd\u00fc\u011f\u00fcm\u00fcz, duydu\u011fumuz, okudu\u011fumuz mutla\u011f\u0131n \u0131\u015f\u0131\u011f\u0131, mutla\u011f\u0131n sesi, mutla\u011f\u0131n hik\u00e2yesidir, tersinden de s\u00f6ylenebilir; y\u0131ld\u0131zl\u0131 bir gecede g\u00f6ky\u00fcz\u00fcne bakan Tanr\u0131, Van Gogh\u2019un Y\u0131ld\u0131zl\u0131 Gece\u2019sini g\u00f6r\u00fcr ve bu<span class=\"excerpt-hellip\"> [\u2026]<\/span><\/p>\n","protected":false},"featured_media":0,"template":"","meta":{"_monsterinsights_skip_tracking":false,"_monsterinsights_sitenote_active":false,"_monsterinsights_sitenote_note":"","_monsterinsights_sitenote_category":0},"product_brand":[],"product_cat":[12388,15309],"product_tag":[],"class_list":{"0":"post-712447","1":"product","2":"type-product","3":"status-publish","5":"product_cat-felsefe","6":"product_cat-felsefi-akimlar","7":"pa_cilt-ciltsiz","8":"pa_tur-kitap","9":"pa_yayinevi-dogu-bati-yayinlari","10":"pa_yazar-f-w-j-schelling","12":"first","13":"instock","14":"sale","15":"shipping-taxable","16":"purchasable","17":"product-type-simple"},"_links":{"self":[{"href":"https:\/\/roveyayinevi.com.tr\/index.php\/wp-json\/wp\/v2\/product\/712447","targetHints":{"allow":["GET"]}}],"collection":[{"href":"https:\/\/roveyayinevi.com.tr\/index.php\/wp-json\/wp\/v2\/product"}],"about":[{"href":"https:\/\/roveyayinevi.com.tr\/index.php\/wp-json\/wp\/v2\/types\/product"}],"wp:attachment":[{"href":"https:\/\/roveyayinevi.com.tr\/index.php\/wp-json\/wp\/v2\/media?parent=712447"}],"wp:term":[{"taxonomy":"product_brand","embeddable":true,"href":"https:\/\/roveyayinevi.com.tr\/index.php\/wp-json\/wp\/v2\/product_brand?post=712447"},{"taxonomy":"product_cat","embeddable":true,"href":"https:\/\/roveyayinevi.com.tr\/index.php\/wp-json\/wp\/v2\/product_cat?post=712447"},{"taxonomy":"product_tag","embeddable":true,"href":"https:\/\/roveyayinevi.com.tr\/index.php\/wp-json\/wp\/v2\/product_tag?post=712447"}],"curies":[{"name":"wp","href":"https:\/\/api.w.org\/{rel}","templated":true}]}}