{"id":712443,"date":"2025-08-27T16:56:20","date_gmt":"2025-08-27T13:56:20","guid":{"rendered":"https:\/\/roveyayinevi.com.tr\/index.php\/urun\/mavi-aksamlar\/"},"modified":"2026-04-16T02:21:00","modified_gmt":"2026-04-15T23:21:00","slug":"mavi-aksamlar","status":"publish","type":"product","link":"https:\/\/roveyayinevi.com.tr\/index.php\/urun\/mavi-aksamlar\/","title":{"rendered":"Mavi Ak\u015famlar"},"content":{"rendered":"<p>Hayallerin, sevdalar\u0131n, gen\u00e7li\u011fin yar\u0131m kald\u0131\u011f\u0131 bir d\u00f6nemdi 1914 y\u0131l\u0131. B\u0131y\u0131klar\u0131 yeni terlemi\u015f gen\u00e7ler belki de bir daha geri d\u00f6nmemek \u00fczere Ruslarla sava\u015fmaya g\u00f6t\u00fcr\u00fcl\u00fcyorlard\u0131. Gazilik, esaret, hastal\u0131k\u2026 art\u0131k kaderlerinde ne varsa onu ya\u015fayacaklard\u0131. Trabzon\u2019un bir k\u00f6y\u00fcnden onsekizin deki gen\u00e7lerin Ruslara kar\u015f\u0131 sava\u015f\u0131n\u0131, Nargin Adas\u0131ndaki esaretlerini ve sevdiklerine kavu\u015fma hikayesini anlat\u0131yor bu roman. O d\u00f6nemi ak\u0131c\u0131 bir \u00fcslupla zihinlerde canland\u0131rmay\u0131 ba\u015faran yazar Ayd\u0131n \u00d6zg\u00f6ren\u2019in bu roman\u0131n\u0131 keyifle okuyacaks\u0131n\u0131z. <\/p>\n","protected":false},"excerpt":{"rendered":"<p>Hayallerin, sevdalar\u0131n, gen\u00e7li\u011fin yar\u0131m kald\u0131\u011f\u0131 bir d\u00f6nemdi 1914 y\u0131l\u0131. B\u0131y\u0131klar\u0131 yeni terlemi\u015f gen\u00e7ler belki de bir daha geri d\u00f6nmemek \u00fczere Ruslarla sava\u015fmaya g\u00f6t\u00fcr\u00fcl\u00fcyorlard\u0131. Gazilik, esaret, hastal\u0131k\u2026<span class=\"excerpt-hellip\"> [\u2026]<\/span><\/p>\n","protected":false},"featured_media":0,"template":"","meta":{"_monsterinsights_skip_tracking":false,"_monsterinsights_sitenote_active":false,"_monsterinsights_sitenote_note":"","_monsterinsights_sitenote_category":0},"product_brand":[],"product_cat":[12291,12711],"product_tag":[],"class_list":{"0":"post-712443","1":"product","2":"type-product","3":"status-publish","5":"product_cat-edebiyat","6":"product_cat-roman-oyku","7":"pa_cilt-ciltsiz","8":"pa_tur-kitap","9":"pa_yayinevi-altinordu-yayinlari","10":"pa_yazar-aydin-ozgoren","12":"first","13":"instock","14":"sale","15":"shipping-taxable","16":"purchasable","17":"product-type-simple"},"_links":{"self":[{"href":"https:\/\/roveyayinevi.com.tr\/index.php\/wp-json\/wp\/v2\/product\/712443","targetHints":{"allow":["GET"]}}],"collection":[{"href":"https:\/\/roveyayinevi.com.tr\/index.php\/wp-json\/wp\/v2\/product"}],"about":[{"href":"https:\/\/roveyayinevi.com.tr\/index.php\/wp-json\/wp\/v2\/types\/product"}],"wp:attachment":[{"href":"https:\/\/roveyayinevi.com.tr\/index.php\/wp-json\/wp\/v2\/media?parent=712443"}],"wp:term":[{"taxonomy":"product_brand","embeddable":true,"href":"https:\/\/roveyayinevi.com.tr\/index.php\/wp-json\/wp\/v2\/product_brand?post=712443"},{"taxonomy":"product_cat","embeddable":true,"href":"https:\/\/roveyayinevi.com.tr\/index.php\/wp-json\/wp\/v2\/product_cat?post=712443"},{"taxonomy":"product_tag","embeddable":true,"href":"https:\/\/roveyayinevi.com.tr\/index.php\/wp-json\/wp\/v2\/product_tag?post=712443"}],"curies":[{"name":"wp","href":"https:\/\/api.w.org\/{rel}","templated":true}]}}