{"id":712442,"date":"2025-08-27T16:56:19","date_gmt":"2025-08-27T13:56:19","guid":{"rendered":"https:\/\/roveyayinevi.com.tr\/index.php\/urun\/ezbere-iliskilere-ezber-bozan-cozumler\/"},"modified":"2026-04-03T02:26:52","modified_gmt":"2026-04-02T23:26:52","slug":"ezbere-iliskilere-ezber-bozan-cozumler","status":"publish","type":"product","link":"https:\/\/roveyayinevi.com.tr\/index.php\/urun\/ezbere-iliskilere-ezber-bozan-cozumler\/","title":{"rendered":"Ezbere \u0130li\u015fkilere Ezber Bozan \u00c7\u00f6z\u00fcmler"},"content":{"rendered":"<p>Bu kitap okuyucular\u0131n romantik ili\u015fkileriyle ilgili olarak nerelerde ve nas\u0131l zorluklar \u00e7ektiklerini anlamalar\u0131na, ba\u015fka ki\u015filerin de benzer zorluklar \u00e7ektiklerini g\u00f6rmelerine, ileti\u015fim kanallar\u0131n\u0131n nas\u0131l kapand\u0131\u011f\u0131n\u0131 ve nas\u0131l a\u00e7\u0131laca\u011f\u0131n\u0131 fark etmelerine yard\u0131mc\u0131 olmak amac\u0131yla yaz\u0131lm\u0131\u015ft\u0131r. Bu kitapta \u015fimdiye kadar bu konuda yaz\u0131lm\u0131\u015f olan kitaplarda yer almayan farkl\u0131 bir bak\u0131\u015f a\u00e7\u0131s\u0131, farkl\u0131 bir model sunulmaktad\u0131r. Bu modelin ad\u0131 psikogenetik modeldir. Psikogenetik model anne-baban\u0131z aras\u0131ndaki ili\u015fkinin sizin ili\u015fkilerinize nas\u0131l damga vurdu\u011fu, nas\u0131l bir iz b\u0131rakt\u0131\u011f\u0131 ile ilgilidir. Bu modele g\u00f6re anne-baban\u0131z\u0131n ya da sizi b\u00fcy\u00fctenlerin davran\u0131\u015flar\u0131, al\u0131\u015fkanl\u0131klar\u0131 ve ili\u015fki tarzlar\u0131 sizin bilin\u00e7d\u0131\u015f\u0131n\u0131zda yer al\u0131r. Dolay\u0131s\u0131yla psikogenetik model bu bilin\u00e7d\u0131\u015f\u0131 \u00f6r\u00fcnt\u00fclerin incelenmesini,  bilince \u00e7\u0131kar\u0131lmas\u0131n\u0131 ve de\u011fi\u015ftirilmesini ama\u00e7lar. \u0130li\u015fkilerimizde mutlu ya da mutsuz olmam\u0131z\u0131n nedeni kader de\u011fil psikogenetik ili\u015fki modelimiz ve bu modelde yer alan davran\u0131\u015f repertuar\u0131m\u0131zd\u0131r. <\/p>\n","protected":false},"excerpt":{"rendered":"<p>Bu kitap okuyucular\u0131n romantik ili\u015fkileriyle ilgili olarak nerelerde ve nas\u0131l zorluklar \u00e7ektiklerini anlamalar\u0131na, ba\u015fka ki\u015filerin de benzer zorluklar \u00e7ektiklerini g\u00f6rmelerine, ileti\u015fim kanallar\u0131n\u0131n nas\u0131l kapand\u0131\u011f\u0131n\u0131 ve nas\u0131l<span class=\"excerpt-hellip\"> [\u2026]<\/span><\/p>\n","protected":false},"featured_media":0,"template":"","meta":{"_monsterinsights_skip_tracking":false,"_monsterinsights_sitenote_active":false,"_monsterinsights_sitenote_note":"","_monsterinsights_sitenote_category":0},"product_brand":[],"product_cat":[12364,12376],"product_tag":[],"class_list":{"0":"post-712442","1":"product","2":"type-product","3":"status-publish","5":"product_cat-genel-konular","6":"product_cat-kisisel-gelisim","7":"pa_cilt-ciltsiz","8":"pa_tur-kitap","9":"pa_yayinevi-altinordu-yayinlari","10":"pa_yazar-ceylan-das","12":"first","13":"instock","14":"sale","15":"shipping-taxable","16":"purchasable","17":"product-type-simple"},"_links":{"self":[{"href":"https:\/\/roveyayinevi.com.tr\/index.php\/wp-json\/wp\/v2\/product\/712442","targetHints":{"allow":["GET"]}}],"collection":[{"href":"https:\/\/roveyayinevi.com.tr\/index.php\/wp-json\/wp\/v2\/product"}],"about":[{"href":"https:\/\/roveyayinevi.com.tr\/index.php\/wp-json\/wp\/v2\/types\/product"}],"wp:attachment":[{"href":"https:\/\/roveyayinevi.com.tr\/index.php\/wp-json\/wp\/v2\/media?parent=712442"}],"wp:term":[{"taxonomy":"product_brand","embeddable":true,"href":"https:\/\/roveyayinevi.com.tr\/index.php\/wp-json\/wp\/v2\/product_brand?post=712442"},{"taxonomy":"product_cat","embeddable":true,"href":"https:\/\/roveyayinevi.com.tr\/index.php\/wp-json\/wp\/v2\/product_cat?post=712442"},{"taxonomy":"product_tag","embeddable":true,"href":"https:\/\/roveyayinevi.com.tr\/index.php\/wp-json\/wp\/v2\/product_tag?post=712442"}],"curies":[{"name":"wp","href":"https:\/\/api.w.org\/{rel}","templated":true}]}}