{"id":712439,"date":"2025-08-27T16:56:17","date_gmt":"2025-08-27T13:56:17","guid":{"rendered":"https:\/\/roveyayinevi.com.tr\/index.php\/urun\/cilgin-milletler-ciltli\/"},"modified":"2026-04-16T02:21:00","modified_gmt":"2026-04-15T23:21:00","slug":"cilgin-milletler-ciltli","status":"publish","type":"product","link":"https:\/\/roveyayinevi.com.tr\/index.php\/urun\/cilgin-milletler-ciltli\/","title":{"rendered":"\u00c7\u0131lg\u0131n Milletler (Ciltli)"},"content":{"rendered":"<p>Gelin sizinle uzuuun bir yolculu\u011fa \u00e7\u0131kal\u0131m. Nereye mi gidiyoruz? Japonya\u2019daki Fuji Yanarda\u011f\u0131\u2019na t\u0131rmaya, (Aman dikkat, a\u015fa\u011f\u0131 d\u00fc\u015fersen k\u00f6m\u00fcr olabilirsin!)Hindistan\u2019daki Ganj Nehrin\u2019de y\u0131kanmaya, (Iyy, o suda y\u0131kan\u0131l\u0131r m\u0131!)Meksika\u2019daki bo\u011fa g\u00fcre\u015flerinden ka\u00e7maya, (Ka\u00e7mayal\u0131m da ne yapal\u0131m!)Erkeklerin etek giyip gayda \u00e7ald\u0131\u011f\u0131 \u0130sko\u00e7ya\u2019da dinlenmeye, (Erkek adam da etek mi giyermi\u015f peh!)Eskimolarla, Aborjinlerle hatta K\u0131z\u0131lderililerle sohbet etmeye&#8230;Daha bitmediii! \u00c7\u0131lg\u0131n m\u0131 \u00e7\u0131lg\u0131n 20 milletin tuhaf, garip, acayip k\u00fclt\u00fcrlerini \u00f6\u011frenip, yemeklerini tatmaya var m\u0131s\u0131n\u0131z?Hadi o zaman, toplay\u0131n bavullar\u0131n\u0131z\u0131 yolculuk ba\u015fl\u0131yooor!        <\/p>\n","protected":false},"excerpt":{"rendered":"<p>Gelin sizinle uzuuun bir yolculu\u011fa \u00e7\u0131kal\u0131m. Nereye mi gidiyoruz? Japonya\u2019daki Fuji Yanarda\u011f\u0131\u2019na t\u0131rmaya, (Aman dikkat, a\u015fa\u011f\u0131 d\u00fc\u015fersen k\u00f6m\u00fcr olabilirsin!)Hindistan\u2019daki Ganj Nehrin\u2019de y\u0131kanmaya, (Iyy, o suda y\u0131kan\u0131l\u0131r<span class=\"excerpt-hellip\"> [\u2026]<\/span><\/p>\n","protected":false},"featured_media":0,"template":"","meta":{"_monsterinsights_skip_tracking":false,"_monsterinsights_sitenote_active":false,"_monsterinsights_sitenote_note":"","_monsterinsights_sitenote_category":0},"product_brand":[],"product_cat":[12291,14825],"product_tag":[],"class_list":{"0":"post-712439","1":"product","2":"type-product","3":"status-publish","5":"product_cat-edebiyat","6":"product_cat-mizah","7":"pa_cilt-ciltli","8":"pa_tur-kitap","9":"pa_yayinevi-nesil-genc","10":"pa_yazar-yusuf-asal","12":"first","13":"instock","14":"sale","15":"shipping-taxable","16":"purchasable","17":"product-type-simple"},"_links":{"self":[{"href":"https:\/\/roveyayinevi.com.tr\/index.php\/wp-json\/wp\/v2\/product\/712439","targetHints":{"allow":["GET"]}}],"collection":[{"href":"https:\/\/roveyayinevi.com.tr\/index.php\/wp-json\/wp\/v2\/product"}],"about":[{"href":"https:\/\/roveyayinevi.com.tr\/index.php\/wp-json\/wp\/v2\/types\/product"}],"wp:attachment":[{"href":"https:\/\/roveyayinevi.com.tr\/index.php\/wp-json\/wp\/v2\/media?parent=712439"}],"wp:term":[{"taxonomy":"product_brand","embeddable":true,"href":"https:\/\/roveyayinevi.com.tr\/index.php\/wp-json\/wp\/v2\/product_brand?post=712439"},{"taxonomy":"product_cat","embeddable":true,"href":"https:\/\/roveyayinevi.com.tr\/index.php\/wp-json\/wp\/v2\/product_cat?post=712439"},{"taxonomy":"product_tag","embeddable":true,"href":"https:\/\/roveyayinevi.com.tr\/index.php\/wp-json\/wp\/v2\/product_tag?post=712439"}],"curies":[{"name":"wp","href":"https:\/\/api.w.org\/{rel}","templated":true}]}}