{"id":712438,"date":"2025-08-27T16:56:17","date_gmt":"2025-08-27T13:56:17","guid":{"rendered":"https:\/\/roveyayinevi.com.tr\/index.php\/urun\/cilgin-arabalar-ciltli\/"},"modified":"2026-04-16T02:21:00","modified_gmt":"2026-04-15T23:21:00","slug":"cilgin-arabalar-ciltli","status":"publish","type":"product","link":"https:\/\/roveyayinevi.com.tr\/index.php\/urun\/cilgin-arabalar-ciltli\/","title":{"rendered":"\u00c7\u0131lg\u0131n Arabalar (Ciltli)"},"content":{"rendered":"<p>Tekerle\u011fi kim icat etti?\u0130lk bisikleti bulan kim?\u0130lk trafik canavar\u0131 kimi \u0131s\u0131rd\u0131?Y\u00fczlerce asker taksiye binip sava\u015fa giderse ne olur?Araba \u00fclkemize ne zaman girdi?Dolmu\u015f\u00e7uluk fikri hangi uyan\u0131klardan \u00e7\u0131kt\u0131?Rudolf Diesel neden intihar etti?Henry Ford g\u0131c\u0131k biri miydi?Kiichiro Toyota\u2019y\u0131 kim \u00e7\u0131ld\u0131rtt\u0131?Bir otomobile ka\u00e7 inek s\u0131\u011far?Formula 1 yar\u0131\u015f\u00e7\u0131s\u0131 Michael Schumacher sar\u0131msak yiyerek mi yar\u0131\u015fmalara kat\u0131l\u0131yordu?Buharl\u0131 makinelerden, dizel ara\u00e7lara; at arabalar\u0131ndan saatte 435 km h\u0131zla giden yar\u0131\u015f arabalar\u0131na y\u00fczlerce ilgin\u00e7, \u00f6nemli ve komik bilgi bu kitapta.G\u00fclmekten bay\u0131lacaks\u0131n\u0131z.<\/p>\n","protected":false},"excerpt":{"rendered":"<p>Tekerle\u011fi kim icat etti?\u0130lk bisikleti bulan kim?\u0130lk trafik canavar\u0131 kimi \u0131s\u0131rd\u0131?Y\u00fczlerce asker taksiye binip sava\u015fa giderse ne olur?Araba \u00fclkemize ne zaman girdi?Dolmu\u015f\u00e7uluk fikri hangi uyan\u0131klardan \u00e7\u0131kt\u0131?Rudolf<span class=\"excerpt-hellip\"> [\u2026]<\/span><\/p>\n","protected":false},"featured_media":0,"template":"","meta":{"_monsterinsights_skip_tracking":false,"_monsterinsights_sitenote_active":false,"_monsterinsights_sitenote_note":"","_monsterinsights_sitenote_category":0},"product_brand":[],"product_cat":[12291,14825],"product_tag":[],"class_list":{"0":"post-712438","1":"product","2":"type-product","3":"status-publish","5":"product_cat-edebiyat","6":"product_cat-mizah","7":"pa_cilt-ciltli","8":"pa_tur-kitap","9":"pa_yayinevi-nesil-genc","10":"pa_yazar-yusuf-asal","12":"first","13":"instock","14":"sale","15":"shipping-taxable","16":"purchasable","17":"product-type-simple"},"_links":{"self":[{"href":"https:\/\/roveyayinevi.com.tr\/index.php\/wp-json\/wp\/v2\/product\/712438","targetHints":{"allow":["GET"]}}],"collection":[{"href":"https:\/\/roveyayinevi.com.tr\/index.php\/wp-json\/wp\/v2\/product"}],"about":[{"href":"https:\/\/roveyayinevi.com.tr\/index.php\/wp-json\/wp\/v2\/types\/product"}],"wp:attachment":[{"href":"https:\/\/roveyayinevi.com.tr\/index.php\/wp-json\/wp\/v2\/media?parent=712438"}],"wp:term":[{"taxonomy":"product_brand","embeddable":true,"href":"https:\/\/roveyayinevi.com.tr\/index.php\/wp-json\/wp\/v2\/product_brand?post=712438"},{"taxonomy":"product_cat","embeddable":true,"href":"https:\/\/roveyayinevi.com.tr\/index.php\/wp-json\/wp\/v2\/product_cat?post=712438"},{"taxonomy":"product_tag","embeddable":true,"href":"https:\/\/roveyayinevi.com.tr\/index.php\/wp-json\/wp\/v2\/product_tag?post=712438"}],"curies":[{"name":"wp","href":"https:\/\/api.w.org\/{rel}","templated":true}]}}