{"id":712437,"date":"2025-08-27T16:56:16","date_gmt":"2025-08-27T13:56:16","guid":{"rendered":"https:\/\/roveyayinevi.com.tr\/index.php\/urun\/cilgin-mucitler-ciltli\/"},"modified":"2026-04-16T02:21:00","modified_gmt":"2026-04-15T23:21:00","slug":"cilgin-mucitler-ciltli","status":"publish","type":"product","link":"https:\/\/roveyayinevi.com.tr\/index.php\/urun\/cilgin-mucitler-ciltli\/","title":{"rendered":"\u00c7\u0131lg\u0131n Mucitler (Ciltli)"},"content":{"rendered":"<p>L\u00fctf\u00fc\u2019n\u00fcn benle al\u0131p veremedi\u011fi nedir bilmiyorum ama hakk\u0131mda yapt\u0131\u011f\u0131 dedikodulara inanmay\u0131n. Beni tan\u0131mak istiyorsan\u0131z \u0130zafiyet\u2019e bak\u0131n.Albert EinsteinBa\u015f\u0131ma elma d\u00fc\u015ft\u00fc\u011f\u00fcnden beri ba\u015f\u0131ma gelen en k\u00f6t\u00fc \u015fey L\u00fctf\u00fc Lafcambaz\u0131\u2019n\u0131n diline d\u00fc\u015fmekti. Bu kitab\u0131 okuduktan sonra hangimizin hakl\u0131 oldu\u011funu anlayacaks\u0131n\u0131z.Isaac NewtonL\u00fctf\u00fcc\u00fc\u011f\u00fcm sa\u011f olsun bana methiyeler d\u00fczm\u00fc\u015f. Oysa ben mahcup olurum b\u00f6yle \u015feylerden. \u00d6h\u00f6, \u00f6h.. Yok yok konu\u015famayaca\u011f\u0131m; en iyisi siz kitab\u0131 okuyun.Louis PasteurEvreka! Evreka! Bu kitab\u0131 okuyunca bilim adamlar\u0131n\u0131n benden sonra ne kadar ilerlediklerine hayretle \u015fahit oldum. L\u00fctf\u00fc, aferin \u00e7ocu\u011fum sana!Ar\u015fimetGelmi\u015f ge\u00e7mi\u015f en b\u00fcy\u00fck bilim adamlar\u0131n\u0131n hayatlar\u0131n\u0131 ve bulu\u015flar\u0131n\u0131 g\u00fcld\u00fcrerek anlatan \u00c7\u0131lg\u0131n Mucitler\u2019i elinizden b\u0131rakamayacaks\u0131n\u0131z. \u00c7\u0131lg\u0131n Mucitler, hem bir bilim kitab\u0131 hem de bilimsel bir hik\u00e2ye kitab\u0131. Mizah\u0131 da cabas\u0131!\u0130yi okumalar\u2026<\/p>\n","protected":false},"excerpt":{"rendered":"<p>L\u00fctf\u00fc\u2019n\u00fcn benle al\u0131p veremedi\u011fi nedir bilmiyorum ama hakk\u0131mda yapt\u0131\u011f\u0131 dedikodulara inanmay\u0131n. Beni tan\u0131mak istiyorsan\u0131z \u0130zafiyet\u2019e bak\u0131n.Albert EinsteinBa\u015f\u0131ma elma d\u00fc\u015ft\u00fc\u011f\u00fcnden beri ba\u015f\u0131ma gelen en k\u00f6t\u00fc \u015fey L\u00fctf\u00fc<span class=\"excerpt-hellip\"> [\u2026]<\/span><\/p>\n","protected":false},"featured_media":0,"template":"","meta":{"_monsterinsights_skip_tracking":false,"_monsterinsights_sitenote_active":false,"_monsterinsights_sitenote_note":"","_monsterinsights_sitenote_category":0},"product_brand":[],"product_cat":[12291,14825],"product_tag":[],"class_list":{"0":"post-712437","1":"product","2":"type-product","3":"status-publish","5":"product_cat-edebiyat","6":"product_cat-mizah","7":"pa_cilt-ciltli","8":"pa_tur-kitap","9":"pa_yayinevi-nesil-genc","10":"pa_yazar-yusuf-asal","12":"first","13":"instock","14":"sale","15":"shipping-taxable","16":"purchasable","17":"product-type-simple"},"_links":{"self":[{"href":"https:\/\/roveyayinevi.com.tr\/index.php\/wp-json\/wp\/v2\/product\/712437","targetHints":{"allow":["GET"]}}],"collection":[{"href":"https:\/\/roveyayinevi.com.tr\/index.php\/wp-json\/wp\/v2\/product"}],"about":[{"href":"https:\/\/roveyayinevi.com.tr\/index.php\/wp-json\/wp\/v2\/types\/product"}],"wp:attachment":[{"href":"https:\/\/roveyayinevi.com.tr\/index.php\/wp-json\/wp\/v2\/media?parent=712437"}],"wp:term":[{"taxonomy":"product_brand","embeddable":true,"href":"https:\/\/roveyayinevi.com.tr\/index.php\/wp-json\/wp\/v2\/product_brand?post=712437"},{"taxonomy":"product_cat","embeddable":true,"href":"https:\/\/roveyayinevi.com.tr\/index.php\/wp-json\/wp\/v2\/product_cat?post=712437"},{"taxonomy":"product_tag","embeddable":true,"href":"https:\/\/roveyayinevi.com.tr\/index.php\/wp-json\/wp\/v2\/product_tag?post=712437"}],"curies":[{"name":"wp","href":"https:\/\/api.w.org\/{rel}","templated":true}]}}