{"id":712436,"date":"2025-08-27T16:55:41","date_gmt":"2025-08-27T13:55:41","guid":{"rendered":"https:\/\/roveyayinevi.com.tr\/index.php\/urun\/gelince-soylerim\/"},"modified":"2026-04-16T02:21:00","modified_gmt":"2026-04-15T23:21:00","slug":"gelince-soylerim","status":"publish","type":"product","link":"https:\/\/roveyayinevi.com.tr\/index.php\/urun\/gelince-soylerim\/","title":{"rendered":"Gelince S\u00f6ylerim"},"content":{"rendered":"<p>Bir g\u00fcn kendi \u00fczerimize konu\u015fmay\u0131 ba\u015fard\u0131\u011f\u0131m\u0131zda, \u00fczerimizdeki y\u00fcklerden, oram\u0131za buram\u0131za soku\u015fturulmu\u015f killerden, ziftlerden, bizi kendimize bile tan\u0131nmaz k\u0131lan tozlardan kurtuldu\u011fumuzda sana de\u011fil ama kendime \u00e7ok iyi gelece\u011fim kesin. Hissetti\u011fi her duyguyu kalemiyle bulu\u015fturup hayata iz b\u0131rakan yazar, bu eserinde de yine ya\u015fam\u0131n renklerini bir araya getirmi\u015f. Necdet Suba\u015f\u0131\u2019n\u0131n kaleminden \u201cGelince S\u00f6ylerim\u201d hayallerinin pe\u015finden ko\u015fmaya niyet edenlere ve  hayat\u0131na yeni bir pencere a\u00e7mak isteyenlere \u00e7ok iyi gelecek ve ruhunuzu rahatlat\u0131p i\u00e7inizdeki s\u0131k\u0131nt\u0131y\u0131 da\u011f\u0131tacak. <\/p>\n","protected":false},"excerpt":{"rendered":"<p>Bir g\u00fcn kendi \u00fczerimize konu\u015fmay\u0131 ba\u015fard\u0131\u011f\u0131m\u0131zda, \u00fczerimizdeki y\u00fcklerden, oram\u0131za buram\u0131za soku\u015fturulmu\u015f killerden, ziftlerden, bizi kendimize bile tan\u0131nmaz k\u0131lan tozlardan kurtuldu\u011fumuzda sana de\u011fil ama kendime \u00e7ok iyi<span class=\"excerpt-hellip\"> [\u2026]<\/span><\/p>\n","protected":false},"featured_media":0,"template":"","meta":{"_monsterinsights_skip_tracking":false,"_monsterinsights_sitenote_active":false,"_monsterinsights_sitenote_note":"","_monsterinsights_sitenote_category":0},"product_brand":[],"product_cat":[18545,12291],"product_tag":[],"class_list":{"0":"post-712436","1":"product","2":"type-product","3":"status-publish","5":"product_cat-anlati","6":"product_cat-edebiyat","7":"pa_cilt-ciltsiz","8":"pa_tur-kitap","9":"pa_yayinevi-otto-yayinlari","10":"pa_yazar-necdet-subasi","12":"first","13":"instock","14":"sale","15":"shipping-taxable","16":"purchasable","17":"product-type-simple"},"_links":{"self":[{"href":"https:\/\/roveyayinevi.com.tr\/index.php\/wp-json\/wp\/v2\/product\/712436","targetHints":{"allow":["GET"]}}],"collection":[{"href":"https:\/\/roveyayinevi.com.tr\/index.php\/wp-json\/wp\/v2\/product"}],"about":[{"href":"https:\/\/roveyayinevi.com.tr\/index.php\/wp-json\/wp\/v2\/types\/product"}],"wp:attachment":[{"href":"https:\/\/roveyayinevi.com.tr\/index.php\/wp-json\/wp\/v2\/media?parent=712436"}],"wp:term":[{"taxonomy":"product_brand","embeddable":true,"href":"https:\/\/roveyayinevi.com.tr\/index.php\/wp-json\/wp\/v2\/product_brand?post=712436"},{"taxonomy":"product_cat","embeddable":true,"href":"https:\/\/roveyayinevi.com.tr\/index.php\/wp-json\/wp\/v2\/product_cat?post=712436"},{"taxonomy":"product_tag","embeddable":true,"href":"https:\/\/roveyayinevi.com.tr\/index.php\/wp-json\/wp\/v2\/product_tag?post=712436"}],"curies":[{"name":"wp","href":"https:\/\/api.w.org\/{rel}","templated":true}]}}