{"id":712435,"date":"2025-08-27T16:55:40","date_gmt":"2025-08-27T13:55:40","guid":{"rendered":"https:\/\/roveyayinevi.com.tr\/index.php\/urun\/kimim-ben-2\/"},"modified":"2026-04-16T02:21:00","modified_gmt":"2026-04-15T23:21:00","slug":"kimim-ben-2","status":"publish","type":"product","link":"https:\/\/roveyayinevi.com.tr\/index.php\/urun\/kimim-ben-2\/","title":{"rendered":"Kimim Ben?"},"content":{"rendered":"<p>A\u015fk, Leyla ile Mecnun de\u011fil A\u015fk; \u00e7\u00f6ld\u00fcr, yoldur, kaybolu\u015ftur A\u015fk, insandaki d\u00fcnyaya \u00e7elme takar D\u00fc\u015f\u00fcr\u00fcr insandaki d\u00fcnyay\u0131 \u0130radeyi al\u0131r bilinci u\u00e7urur \u00c2\u015f\u0131klar\u0131 nesnesi yapar \u00d6znesi kendisidir Y\u00fcklemi gurbettir, hasrettir A\u015fk\u0131m Kap\u0131\u015fmak varl\u0131k denizindeki en k\u00fc\u00e7\u00fck noktay\u0131, insan\u0131 yazd\u0131, Kimim Ben? dedi. A\u015fk\u0131m Kap\u0131\u015fmak\u2019\u0131n dizelerine G\u00fclden Mutlu m\u00fczi\u011fiyle soluk verdi. A\u015fk\u0131m Kap\u0131\u015fmak Kimim Ben? sorusuyla sizleri bir anlam aray\u0131\u015f\u0131na, ki\u015fili\u011finizi bi\u00e7imlendiren i\u00e7 d\u00fcnyan\u0131z\u0131 ke\u015ffe y\u00f6nlendiriyor. Kimim ben? diye kendine her sordu\u011funda, varl\u0131\u011f\u0131na tu-tulmu\u015f aynan\u0131n aksini her daim i\u00e7inde, y\u00fcre\u011finin en derininde hisset. Benlik hastal\u0131\u011f\u0131na yakalanm\u0131\u015f pek \u00e7ok insan g\u00f6receksin \u00e7evrende. Kibirli, ikiy\u00fczl\u00fc, ger\u00e7ek y\u00fcz\u00fcn\u00fc senden gizleyen insanlar. Sana g\u00f6sterilen her \u015fey ger\u00e7ek de\u011fildir, bunu unut-ma. G\u00f6rd\u00fc\u011f\u00fcn suyun saf g\u00f6r\u00fcn\u00fc\u015f\u00fcne aldanma. Bil ki, her berrak suyun alt\u0131nda bal\u00e7\u0131kbal\u00e7\u0131k \u00e7amur da vard\u0131r. <\/p>\n","protected":false},"excerpt":{"rendered":"<p>A\u015fk, Leyla ile Mecnun de\u011fil A\u015fk; \u00e7\u00f6ld\u00fcr, yoldur, kaybolu\u015ftur A\u015fk, insandaki d\u00fcnyaya \u00e7elme takar D\u00fc\u015f\u00fcr\u00fcr insandaki d\u00fcnyay\u0131 \u0130radeyi al\u0131r bilinci u\u00e7urur \u00c2\u015f\u0131klar\u0131 nesnesi yapar \u00d6znesi kendisidir<span class=\"excerpt-hellip\"> [\u2026]<\/span><\/p>\n","protected":false},"featured_media":0,"template":"","meta":{"_monsterinsights_skip_tracking":false,"_monsterinsights_sitenote_active":false,"_monsterinsights_sitenote_note":"","_monsterinsights_sitenote_category":0},"product_brand":[],"product_cat":[12777,12291],"product_tag":[],"class_list":{"0":"post-712435","1":"product","2":"type-product","3":"status-publish","5":"product_cat-deneme","6":"product_cat-edebiyat","7":"pa_cilt-ciltsiz","8":"pa_tur-kitap","9":"pa_yayinevi-inkilap-kitabevi","10":"pa_yazar-askim-kapismak-gulden-mutlu","12":"first","13":"instock","14":"sale","15":"shipping-taxable","16":"purchasable","17":"product-type-simple"},"_links":{"self":[{"href":"https:\/\/roveyayinevi.com.tr\/index.php\/wp-json\/wp\/v2\/product\/712435","targetHints":{"allow":["GET"]}}],"collection":[{"href":"https:\/\/roveyayinevi.com.tr\/index.php\/wp-json\/wp\/v2\/product"}],"about":[{"href":"https:\/\/roveyayinevi.com.tr\/index.php\/wp-json\/wp\/v2\/types\/product"}],"wp:attachment":[{"href":"https:\/\/roveyayinevi.com.tr\/index.php\/wp-json\/wp\/v2\/media?parent=712435"}],"wp:term":[{"taxonomy":"product_brand","embeddable":true,"href":"https:\/\/roveyayinevi.com.tr\/index.php\/wp-json\/wp\/v2\/product_brand?post=712435"},{"taxonomy":"product_cat","embeddable":true,"href":"https:\/\/roveyayinevi.com.tr\/index.php\/wp-json\/wp\/v2\/product_cat?post=712435"},{"taxonomy":"product_tag","embeddable":true,"href":"https:\/\/roveyayinevi.com.tr\/index.php\/wp-json\/wp\/v2\/product_tag?post=712435"}],"curies":[{"name":"wp","href":"https:\/\/api.w.org\/{rel}","templated":true}]}}