{"id":712431,"date":"2025-08-27T16:55:38","date_gmt":"2025-08-27T13:55:38","guid":{"rendered":"https:\/\/roveyayinevi.com.tr\/index.php\/urun\/gokyuzunu-kaybeden-sehir\/"},"modified":"2026-04-16T02:21:00","modified_gmt":"2026-04-15T23:21:00","slug":"gokyuzunu-kaybeden-sehir","status":"publish","type":"product","link":"https:\/\/roveyayinevi.com.tr\/index.php\/urun\/gokyuzunu-kaybeden-sehir\/","title":{"rendered":"G\u00f6ky\u00fcz\u00fcn\u00fc Kaybeden \u015eehir"},"content":{"rendered":"<p>Bir \u015fehir g\u00f6kyu\u0308zu\u0308nu\u0308 kaybederse ne olur, du\u0308\u015fu\u0308ndu\u0308nu\u0308z mu\u0308 hi\u00e7? Bir \u015fehir, bir u\u0308lke, bir insan g\u00f6kyu\u0308zu\u0308nu\u0308 kaybetti\u011finde ilk olarak \u00e7ocuklu\u011funu, gen\u00e7li\u011fini, onu var eden ne varsa bu\u0308tu\u0308n hepsini kaybetmi\u015f demektir. \u00dcstelik art\u0131k bunun d\u00f6nu\u0308\u015fu\u0308 de yoktur. Giden gitmi\u015ftir. Kaybedilen ne varsa hi\u00e7 d\u00f6nmeyecek, o kocaman bo\u015flu\u011fu herkese yabanc\u0131 bir karanl\u0131k, bir bilinmezlik dolduracakt\u0131r. Her \u015fey du\u0308nya d\u00f6ndu\u0308k\u00e7e de\u011fi\u015fti\u011fine, hi\u00e7 bilmedi\u011fimiz bir y\u00f6ne do\u011fru gitti\u011fine g\u00f6re bizim tavr\u0131m\u0131z ne olmal\u0131d\u0131r? Belki de sorulmas\u0131 gereken soru budur. Roman\u0131m\u0131z\u0131n kahraman\u0131 i\u015fte bu yak\u0131c\u0131 sorunun yan\u0131t\u0131n\u0131 aram\u0131\u015f ve o aray\u0131\u015f\u0131nda kendiyle bir daha yu\u0308zle\u015fmi\u015ftir. Evet, o sokak, o mahalle, o insanlar yoktur art\u0131k. O sevgi, o vefa, o merhamet, o dayan\u0131\u015fma, o s\u0131cakl\u0131k yoktur. Bu\u0308tu\u0308n bunlar\u0131n yerini \u201cba\u015fka\u201d dedi\u011fimiz ne varsa, onlar alm\u0131\u015ft\u0131r. Aydo\u011fan Yava\u015fl\u0131, bu roman\u0131yla geleneksellikle modernite aras\u0131nda s\u0131k\u0131\u015f\u0131p kalm\u0131\u015f g<\/p>\n","protected":false},"excerpt":{"rendered":"<p>Bir \u015fehir g\u00f6kyu\u0308zu\u0308nu\u0308 kaybederse ne olur, du\u0308\u015fu\u0308ndu\u0308nu\u0308z mu\u0308 hi\u00e7? Bir \u015fehir, bir u\u0308lke, bir insan g\u00f6kyu\u0308zu\u0308nu\u0308 kaybetti\u011finde ilk olarak \u00e7ocuklu\u011funu, gen\u00e7li\u011fini, onu var eden ne varsa<span class=\"excerpt-hellip\"> [\u2026]<\/span><\/p>\n","protected":false},"featured_media":0,"template":"","meta":{"_monsterinsights_skip_tracking":false,"_monsterinsights_sitenote_active":false,"_monsterinsights_sitenote_note":"","_monsterinsights_sitenote_category":0},"product_brand":[],"product_cat":[12291,15117],"product_tag":[],"class_list":{"0":"post-712431","1":"product","2":"type-product","3":"status-publish","5":"product_cat-edebiyat","6":"product_cat-genclik-edebiyati","7":"pa_cilt-ciltsiz","8":"pa_tur-kitap","9":"pa_yayinevi-altin-kitaplar-ozel-urun","10":"pa_yazar-aydogan-yavasli","12":"first","13":"instock","14":"sale","15":"shipping-taxable","16":"purchasable","17":"product-type-simple"},"_links":{"self":[{"href":"https:\/\/roveyayinevi.com.tr\/index.php\/wp-json\/wp\/v2\/product\/712431","targetHints":{"allow":["GET"]}}],"collection":[{"href":"https:\/\/roveyayinevi.com.tr\/index.php\/wp-json\/wp\/v2\/product"}],"about":[{"href":"https:\/\/roveyayinevi.com.tr\/index.php\/wp-json\/wp\/v2\/types\/product"}],"wp:attachment":[{"href":"https:\/\/roveyayinevi.com.tr\/index.php\/wp-json\/wp\/v2\/media?parent=712431"}],"wp:term":[{"taxonomy":"product_brand","embeddable":true,"href":"https:\/\/roveyayinevi.com.tr\/index.php\/wp-json\/wp\/v2\/product_brand?post=712431"},{"taxonomy":"product_cat","embeddable":true,"href":"https:\/\/roveyayinevi.com.tr\/index.php\/wp-json\/wp\/v2\/product_cat?post=712431"},{"taxonomy":"product_tag","embeddable":true,"href":"https:\/\/roveyayinevi.com.tr\/index.php\/wp-json\/wp\/v2\/product_tag?post=712431"}],"curies":[{"name":"wp","href":"https:\/\/api.w.org\/{rel}","templated":true}]}}