{"id":712429,"date":"2025-08-27T16:55:37","date_gmt":"2025-08-27T13:55:37","guid":{"rendered":"https:\/\/roveyayinevi.com.tr\/index.php\/urun\/bu-kitap-igrenc-kokuyor\/"},"modified":"2025-10-12T04:27:34","modified_gmt":"2025-10-12T01:27:34","slug":"bu-kitap-igrenc-kokuyor","status":"publish","type":"product","link":"https:\/\/roveyayinevi.com.tr\/index.php\/urun\/bu-kitap-igrenc-kokuyor\/","title":{"rendered":"Bu Kitap \u0130\u011fren\u00e7 Kokuyor!"},"content":{"rendered":"<p>Bu kitab\u0131 okuduktan sonra, \u00e7\u00f6pe att\u0131\u011f\u0131n\u0131z \u015feyleri tekrar d\u00fc\u015f\u00fcnmeye ba\u015flayacaks\u0131n\u0131z! Geri d\u00f6n\u00fc\u015f\u00fcm art\u0131k sizin de uzmanl\u0131k alan\u0131n\u0131z olacak! \u00c7\u00f6plerin d\u00fcnyas\u0131na dalmaya haz\u0131r m\u0131s\u0131n\u0131z? Burnunuzu t\u0131kay\u0131n. \u00c7\u00f6p sahalar\u0131 ve \u00e7\u00f6pl\u00fcklerden, yarat\u0131c\u0131 insanlar\u0131n \u00e7\u00f6p\u00fc tekrar kullanmak i\u00e7in bulduklar\u0131 ak\u0131l almaz y\u00f6ntemlere kadar, bu kitap evlerimizdeki, okyanuslardaki ve hatta uzaydaki \u00e7\u00f6pler hakk\u0131nda bilmek istedi\u011finizve bilmeniz gereken her \u015feyi anlat\u0131yor. Hepsi de g\u00f6z al\u0131c\u0131 foto\u011fraflarla s\u00fcslenmi\u015f\u0327 harika grafikler, pek \u00e7ok ilham verici hik\u00e2ye, e\u011flenceli bilgiler, koku\u015fmu\u015fistatistikler, kompost gibi moda haline gelen \u00e7\u00f6z\u00fcmler ve harekete ge\u00e7menizi sa\u011flayacak tavsiyeler&#8230; <\/p>\n","protected":false},"excerpt":{"rendered":"<p>Bu kitab\u0131 okuduktan sonra, \u00e7\u00f6pe att\u0131\u011f\u0131n\u0131z \u015feyleri tekrar d\u00fc\u015f\u00fcnmeye ba\u015flayacaks\u0131n\u0131z! Geri d\u00f6n\u00fc\u015f\u00fcm art\u0131k sizin de uzmanl\u0131k alan\u0131n\u0131z olacak! \u00c7\u00f6plerin d\u00fcnyas\u0131na dalmaya haz\u0131r m\u0131s\u0131n\u0131z? Burnunuzu t\u0131kay\u0131n. \u00c7\u00f6p<span class=\"excerpt-hellip\"> [\u2026]<\/span><\/p>\n","protected":false},"featured_media":0,"template":"","meta":{"_monsterinsights_skip_tracking":false,"_monsterinsights_sitenote_active":false,"_monsterinsights_sitenote_note":"","_monsterinsights_sitenote_category":0},"product_brand":[],"product_cat":[13829,12274],"product_tag":[],"class_list":{"0":"post-712429","1":"product","2":"type-product","3":"status-publish","5":"product_cat-bilimsel-kitaplar","6":"product_cat-cocuk-ve-genclik-kitaplari","7":"pa_cilt-ciltsiz","8":"pa_tur-kitap","9":"pa_yayinevi-beta-kids","10":"pa_yazar-sarah-wassner-flynn","12":"first","13":"instock","14":"sale","15":"shipping-taxable","16":"purchasable","17":"product-type-simple"},"_links":{"self":[{"href":"https:\/\/roveyayinevi.com.tr\/index.php\/wp-json\/wp\/v2\/product\/712429","targetHints":{"allow":["GET"]}}],"collection":[{"href":"https:\/\/roveyayinevi.com.tr\/index.php\/wp-json\/wp\/v2\/product"}],"about":[{"href":"https:\/\/roveyayinevi.com.tr\/index.php\/wp-json\/wp\/v2\/types\/product"}],"wp:attachment":[{"href":"https:\/\/roveyayinevi.com.tr\/index.php\/wp-json\/wp\/v2\/media?parent=712429"}],"wp:term":[{"taxonomy":"product_brand","embeddable":true,"href":"https:\/\/roveyayinevi.com.tr\/index.php\/wp-json\/wp\/v2\/product_brand?post=712429"},{"taxonomy":"product_cat","embeddable":true,"href":"https:\/\/roveyayinevi.com.tr\/index.php\/wp-json\/wp\/v2\/product_cat?post=712429"},{"taxonomy":"product_tag","embeddable":true,"href":"https:\/\/roveyayinevi.com.tr\/index.php\/wp-json\/wp\/v2\/product_tag?post=712429"}],"curies":[{"name":"wp","href":"https:\/\/api.w.org\/{rel}","templated":true}]}}