{"id":712427,"date":"2025-08-27T16:55:36","date_gmt":"2025-08-27T13:55:36","guid":{"rendered":"https:\/\/roveyayinevi.com.tr\/index.php\/urun\/darbelerin-golgesinde\/"},"modified":"2026-04-16T02:21:00","modified_gmt":"2026-04-15T23:21:00","slug":"darbelerin-golgesinde","status":"publish","type":"product","link":"https:\/\/roveyayinevi.com.tr\/index.php\/urun\/darbelerin-golgesinde\/","title":{"rendered":"Darbelerin G\u00f6lgesinde"},"content":{"rendered":"<p>Eserde, \u201cBir D\u00fc\u011f\u00fcn Gecesi\u201d ba\u015fl\u0131\u011f\u0131 alt\u0131nda T\u00fcrk siyasi tarihindeki darbeler ve darbe y\u00f6netimlerindeki uygulamalar objektif bir bi\u00e7imde ele al\u0131nm\u0131\u015ft\u0131r. Ama\u00e7; demokrasiyi kesintiye u\u011fratan darbelerin yap\u0131l\u0131\u015f nedenlerini inceleyip darbe y\u00f6netimlerinin i\u00e7 ve d\u0131\u015f politikada bir ilerleme sa\u011flayamad\u0131klar\u0131n\u0131 g\u00f6zler \u00f6n\u00fcne sermek ve \u00f6zellikle, 15 Temmuz 2016 tarihinde ger\u00e7ekle\u015ftirilen \u201cDarbe Kalk\u0131\u015fmas\u0131\u201dn\u0131 bir\u00e7ok y\u00f6nleri ile ele alarak, \u201ckalk\u0131\u015fmay\u0131\u201d ger\u00e7ekle\u015ftiren FE*T\u00d6\u2019n\u00fcn  ger\u00e7ek y\u00fcz\u00fcn\u00fc d\u00fcnyaya g\u00f6stermektir. Eser ad\u0131n\u0131n al\u0131\u015f\u0131lm\u0131\u015f\u0131n d\u0131\u015f\u0131nda \u201cBir D\u00fc\u011f\u00fcn Gecesi\u201d olarak taraf\u0131mdan se\u00e7ilme  sebebi, darbelerden \u00e7eken aziz T\u00fcrk milletinin 15 Temmuz ak\u015fam\u0131nda, kendi geleceklerini koruma i\u00e7g\u00fcd\u00fcleri ile d\u00fc\u011f\u00fcne gider gibi ellerine ald\u0131klar\u0131 T\u00fcrk bayraklar\u0131 ile sokaklar\u0131 ve caddeleri doldurmalar\u0131ndan kaynaklanmaktad\u0131r. <\/p>\n","protected":false},"excerpt":{"rendered":"<p>Eserde, \u201cBir D\u00fc\u011f\u00fcn Gecesi\u201d ba\u015fl\u0131\u011f\u0131 alt\u0131nda T\u00fcrk siyasi tarihindeki darbeler ve darbe y\u00f6netimlerindeki uygulamalar objektif bir bi\u00e7imde ele al\u0131nm\u0131\u015ft\u0131r. Ama\u00e7; demokrasiyi kesintiye u\u011fratan darbelerin yap\u0131l\u0131\u015f nedenlerini<span class=\"excerpt-hellip\"> [\u2026]<\/span><\/p>\n","protected":false},"featured_media":0,"template":"","meta":{"_monsterinsights_skip_tracking":false,"_monsterinsights_sitenote_active":false,"_monsterinsights_sitenote_note":"","_monsterinsights_sitenote_category":0},"product_brand":[],"product_cat":[13590,12337],"product_tag":[],"class_list":{"0":"post-712427","1":"product","2":"type-product","3":"status-publish","5":"product_cat-arastirma-inceleme-politika-siyaset","6":"product_cat-politika-siyaset","7":"pa_cilt-ciltsiz","8":"pa_tur-kitap","9":"pa_yayinevi-yade-yayinlari","10":"pa_yazar-tayfun-atmaca","12":"first","13":"instock","14":"sale","15":"shipping-taxable","16":"purchasable","17":"product-type-simple"},"_links":{"self":[{"href":"https:\/\/roveyayinevi.com.tr\/index.php\/wp-json\/wp\/v2\/product\/712427","targetHints":{"allow":["GET"]}}],"collection":[{"href":"https:\/\/roveyayinevi.com.tr\/index.php\/wp-json\/wp\/v2\/product"}],"about":[{"href":"https:\/\/roveyayinevi.com.tr\/index.php\/wp-json\/wp\/v2\/types\/product"}],"wp:attachment":[{"href":"https:\/\/roveyayinevi.com.tr\/index.php\/wp-json\/wp\/v2\/media?parent=712427"}],"wp:term":[{"taxonomy":"product_brand","embeddable":true,"href":"https:\/\/roveyayinevi.com.tr\/index.php\/wp-json\/wp\/v2\/product_brand?post=712427"},{"taxonomy":"product_cat","embeddable":true,"href":"https:\/\/roveyayinevi.com.tr\/index.php\/wp-json\/wp\/v2\/product_cat?post=712427"},{"taxonomy":"product_tag","embeddable":true,"href":"https:\/\/roveyayinevi.com.tr\/index.php\/wp-json\/wp\/v2\/product_tag?post=712427"}],"curies":[{"name":"wp","href":"https:\/\/api.w.org\/{rel}","templated":true}]}}