{"id":712426,"date":"2025-08-27T16:55:36","date_gmt":"2025-08-27T13:55:36","guid":{"rendered":"https:\/\/roveyayinevi.com.tr\/index.php\/urun\/ayet-ve-hadislerin-isiginda-basarili-ve-mutlu-olmanin-sirlari\/"},"modified":"2026-04-16T02:21:00","modified_gmt":"2026-04-15T23:21:00","slug":"ayet-ve-hadislerin-isiginda-basarili-ve-mutlu-olmanin-sirlari","status":"publish","type":"product","link":"https:\/\/roveyayinevi.com.tr\/index.php\/urun\/ayet-ve-hadislerin-isiginda-basarili-ve-mutlu-olmanin-sirlari\/","title":{"rendered":"Ayet Ve Hadislerin I\u015f\u0131\u011f\u0131nda Ba\u015far\u0131l\u0131 Ve Mutlu Olman\u0131n S\u0131rlar\u0131"},"content":{"rendered":"<p>Okudu\u011fum pek \u00e7ok ki\u015fisel geli\u015fim kitab\u0131 mutlu olabilmek i\u00e7in e\u011flenceyi \u00f6neriyor. E\u011flenmek; sadece i\u00e7ki i\u00e7mek, dans etmek, m\u00fczik dinlemek de\u011fildir. E\u011flence, geni\u015f bir kavramd\u0131r. Televizyonu kapatarak ailenizle birlikte yapaca\u011f\u0131n\u0131z sohbet, d\u00fc\u011f\u00fcnleriniz, \u00e7ocuklar\u0131n\u0131z\u0131n do\u011fumuyla ilgili duygu ve d\u00fc\u015f\u00fcncelerinizi payla\u015fman\u0131z, \u00e7ocuklar\u0131n\u0131zla ilgili an\u0131lar\u0131n\u0131z, okul ve askerlik an\u0131lar\u0131n\u0131z, ailenizle veya sevdi\u011finiz yak\u0131n dostlar\u0131n\u0131zla birlikte gezintiye \u00e7\u0131kmak, pikni\u011fe gitmek, sinemaya gitmek, topluca kitap okumak, herhangi bir kursa veya etkinli\u011fe kat\u0131lmak da e\u011flendirebilir. Mutlulu\u011fu ba\u015fka kaynaklarda aramaya gerek yok. Mutluluk bizim elimizde. Y\u00fcre\u011fimizdeki \u201ciyi ses\u201d bizi mutlu eder. \u0130\u00e7imizdeki o sese kulak vermeliyiz. Mutlu olmak i\u00e7in \u00e7ok ba\u015far\u0131l\u0131 olmaya, \u00e7ok kazanmaya, g\u00fc\u00e7l\u00fc olmaya gerek yok. \u00c7ok basit \u015feylerden mutlu olabiliriz. \u00d6zg\u00fcr irademizi hapsederek mutlulu\u011fumuzu engelliyoruz. D\u00fcnya nimetlerine tamah ederek mutlulu\u011fumuzun \u00f6n\u00fcne set \u00e7ekiyoruz. \u0130nan\u00e7 ba\u011flam\u0131nda din\u00ee duygulardan uzakla\u015farak kendimizi y\u0131prat\u0131yoruz. Ne kadar s\u0131radan bir ya\u015fant\u0131m\u0131z olursa olsun kendimizi oldu\u011fumuz gibi kabul edersek sorun yok, ancak ya\u015fant\u0131m\u0131z\u0131 be\u011fenmez, sahip olduklar\u0131m\u0131z\u0131 yetersiz bulursak asla mutlu olamay\u0131z. <\/p>\n","protected":false},"excerpt":{"rendered":"<p>Okudu\u011fum pek \u00e7ok ki\u015fisel geli\u015fim kitab\u0131 mutlu olabilmek i\u00e7in e\u011flenceyi \u00f6neriyor. E\u011flenmek; sadece i\u00e7ki i\u00e7mek, dans etmek, m\u00fczik dinlemek de\u011fildir. E\u011flence, geni\u015f bir kavramd\u0131r. Televizyonu kapatarak<span class=\"excerpt-hellip\"> [\u2026]<\/span><\/p>\n","protected":false},"featured_media":0,"template":"","meta":{"_monsterinsights_skip_tracking":false,"_monsterinsights_sitenote_active":false,"_monsterinsights_sitenote_note":"","_monsterinsights_sitenote_category":0},"product_brand":[],"product_cat":[12364,12376],"product_tag":[],"class_list":{"0":"post-712426","1":"product","2":"type-product","3":"status-publish","5":"product_cat-genel-konular","6":"product_cat-kisisel-gelisim","7":"pa_cilt-ciltsiz","8":"pa_tur-kitap","9":"pa_yayinevi-yade-yayinlari","10":"pa_yazar-celebi-ozturk","12":"first","13":"instock","14":"sale","15":"shipping-taxable","16":"purchasable","17":"product-type-simple"},"_links":{"self":[{"href":"https:\/\/roveyayinevi.com.tr\/index.php\/wp-json\/wp\/v2\/product\/712426","targetHints":{"allow":["GET"]}}],"collection":[{"href":"https:\/\/roveyayinevi.com.tr\/index.php\/wp-json\/wp\/v2\/product"}],"about":[{"href":"https:\/\/roveyayinevi.com.tr\/index.php\/wp-json\/wp\/v2\/types\/product"}],"wp:attachment":[{"href":"https:\/\/roveyayinevi.com.tr\/index.php\/wp-json\/wp\/v2\/media?parent=712426"}],"wp:term":[{"taxonomy":"product_brand","embeddable":true,"href":"https:\/\/roveyayinevi.com.tr\/index.php\/wp-json\/wp\/v2\/product_brand?post=712426"},{"taxonomy":"product_cat","embeddable":true,"href":"https:\/\/roveyayinevi.com.tr\/index.php\/wp-json\/wp\/v2\/product_cat?post=712426"},{"taxonomy":"product_tag","embeddable":true,"href":"https:\/\/roveyayinevi.com.tr\/index.php\/wp-json\/wp\/v2\/product_tag?post=712426"}],"curies":[{"name":"wp","href":"https:\/\/api.w.org\/{rel}","templated":true}]}}