{"id":712422,"date":"2025-08-27T16:55:33","date_gmt":"2025-08-27T13:55:33","guid":{"rendered":"https:\/\/roveyayinevi.com.tr\/index.php\/urun\/alcatraz-3-kristalya-sovalyeleri\/"},"modified":"2026-04-16T02:21:00","modified_gmt":"2026-04-15T23:21:00","slug":"alcatraz-3-kristalya-sovalyeleri","status":"publish","type":"product","link":"https:\/\/roveyayinevi.com.tr\/index.php\/urun\/alcatraz-3-kristalya-sovalyeleri\/","title":{"rendered":"Alcatraz 3 &#8211; Kristalya \u015e\u00f6valyeleri"},"content":{"rendered":"<p>\u201cSanderson\u2019\u0131n gen\u00e7ler ve her zaman gen\u00e7 kalanlar i\u00e7in kaleme ald\u0131\u011f\u0131 bu orijinal ve \u00e7\u0131lg\u0131n roman, Artemis Fowl ve Talihsiz Ser\u00fcvenler Dizisi\u2019ni an\u0131msat\u0131yor. \u0130\u00e7inde bar\u0131nd\u0131rd\u0131\u011f\u0131 mizah \u00f6\u011feleri gen\u00e7leri g\u00fclmekten k\u0131r\u0131\u011f ge\u00e7irecek ve yeti\u015fkinler de bu komik kitab\u0131n sayfalar\u0131 aras\u0131nda kendileri i\u00e7in b\u0131rak\u0131lm\u0131\u015f zekice g\u00f6ndermeler bulacaklar\u2026 \u015eeytani bir zek\u00e2n\u0131n \u00fcr\u00fcn\u00fc olan son sayfay\u0131 \u00e7evirdi\u011finizde, kendinizi bu yetenekli yazar\u0131n kaleminden \u00e7\u0131kan ba\u015fka \u015feyleri okumay\u0131 isterken bulacaks\u0131n\u0131z.\u201d                                                                                                                                                      VOYA Dergisi  Alcatraz yine i\u015f ba\u015f\u0131nda! Alcatraz Smedry en sonunda \u00d6zg\u00fcr Krall\u0131klar\u2019a ula\u015fmay\u0131 ba\u015fard\u0131. Ne yaz\u0131k ki bunu ba\u015faran sadece Alcatraz de\u011fil ve annesi de dahil olmak \u00fczere di\u011fer K\u00f6t\u00fc K\u00fct\u00fcphaneciler de \u00d6zg\u00fcr Krall\u0131klar\u2019a ula\u015fm\u0131\u015f durumdalar. \u015eimdi Alcatraz\u2019\u0131n Kristalya \u015e\u00f6valyeleri aras\u0131ndaki haini ortaya \u00e7\u0131karmas\u0131, bir yabanc\u0131 h\u00e2line gelmi\u015f babas\u0131 ile aras\u0131n\u0131 d\u00fczeltmesi ve \u00d6zg\u00fcr Krall\u0131klar\u2019\u0131n elinde kalan son kalelerden birini K\u00f6t\u00fc K\u00fct\u00fcphanecilerin elinden kurtarmas\u0131 laz\u0131m. <\/p>\n","protected":false},"excerpt":{"rendered":"<p>\u201cSanderson\u2019\u0131n gen\u00e7ler ve her zaman gen\u00e7 kalanlar i\u00e7in kaleme ald\u0131\u011f\u0131 bu orijinal ve \u00e7\u0131lg\u0131n roman, Artemis Fowl ve Talihsiz Ser\u00fcvenler Dizisi\u2019ni an\u0131msat\u0131yor. \u0130\u00e7inde bar\u0131nd\u0131rd\u0131\u011f\u0131 mizah \u00f6\u011feleri<span class=\"excerpt-hellip\"> [\u2026]<\/span><\/p>\n","protected":false},"featured_media":0,"template":"","meta":{"_monsterinsights_skip_tracking":false,"_monsterinsights_sitenote_active":false,"_monsterinsights_sitenote_note":"","_monsterinsights_sitenote_category":0},"product_brand":[],"product_cat":[12291,14777],"product_tag":[],"class_list":{"0":"post-712422","1":"product","2":"type-product","3":"status-publish","5":"product_cat-edebiyat","6":"product_cat-fantastik","7":"pa_cilt-ciltsiz","8":"pa_tur-kitap","9":"pa_yayinevi-akil-celen-kitaplar","10":"pa_yazar-brandon-sanderson","12":"first","13":"instock","14":"sale","15":"shipping-taxable","16":"purchasable","17":"product-type-simple"},"_links":{"self":[{"href":"https:\/\/roveyayinevi.com.tr\/index.php\/wp-json\/wp\/v2\/product\/712422","targetHints":{"allow":["GET"]}}],"collection":[{"href":"https:\/\/roveyayinevi.com.tr\/index.php\/wp-json\/wp\/v2\/product"}],"about":[{"href":"https:\/\/roveyayinevi.com.tr\/index.php\/wp-json\/wp\/v2\/types\/product"}],"wp:attachment":[{"href":"https:\/\/roveyayinevi.com.tr\/index.php\/wp-json\/wp\/v2\/media?parent=712422"}],"wp:term":[{"taxonomy":"product_brand","embeddable":true,"href":"https:\/\/roveyayinevi.com.tr\/index.php\/wp-json\/wp\/v2\/product_brand?post=712422"},{"taxonomy":"product_cat","embeddable":true,"href":"https:\/\/roveyayinevi.com.tr\/index.php\/wp-json\/wp\/v2\/product_cat?post=712422"},{"taxonomy":"product_tag","embeddable":true,"href":"https:\/\/roveyayinevi.com.tr\/index.php\/wp-json\/wp\/v2\/product_tag?post=712422"}],"curies":[{"name":"wp","href":"https:\/\/api.w.org\/{rel}","templated":true}]}}