{"id":712420,"date":"2025-08-27T16:55:33","date_gmt":"2025-08-27T13:55:33","guid":{"rendered":"https:\/\/roveyayinevi.com.tr\/index.php\/urun\/gercek-tibbin-10-sifresi\/"},"modified":"2026-04-16T02:21:00","modified_gmt":"2026-04-15T23:21:00","slug":"gercek-tibbin-10-sifresi","status":"publish","type":"product","link":"https:\/\/roveyayinevi.com.tr\/index.php\/urun\/gercek-tibbin-10-sifresi\/","title":{"rendered":"Ger\u00e7ek T\u0131bb\u0131n 10 \u015eifresi"},"content":{"rendered":"<p>Prof. Canan Karatay bu kez ger\u00e7ek t\u0131bb\u0131n yeni \u015fifreleriyle kar\u015f\u0131n\u0131zda! Yine iddial\u0131, yine kendinden emin. K\u00f6hnemi\u015f yanl\u0131\u015f bilgileri d\u00fczeltiyor, ufku geni\u015fletiyor, sa\u011fl\u0131\u011fa getirdi\u011fi Karatay bak\u0131\u015f a\u00e7\u0131s\u0131n\u0131 peki\u015ftiriyor. Mutluluk ve \u015fifa i\u00e7in en kestirme yolu g\u00f6steriyor. Hepimizi iyile\u015ftiriyor! Karatay, 50 y\u0131ll\u0131k hekimlik tecr\u00fcbesiyle g\u00f6zlemledi, okudu, ara\u015ft\u0131rd\u0131, bilgi s\u00fczgecinden ge\u00e7irdi. \u015eimdi T\u00fcrk halk\u0131n\u0131n sa\u011fl\u0131kl\u0131 ya\u015famas\u0131 ve ya\u015flanmas\u0131 i\u00e7in, mutlu, enerjik ve verimli bir ya\u015fam s\u00fcrmesi i\u00e7in bir ezberi daha bozuyor!Prof. Canan Karatay&#8217;\u0131n yeni kitab\u0131ndaki iddias\u0131 \u00e7ok net! Y\u00fczlerce bilimsel referans \u0131\u015f\u0131\u011f\u0131nda \u2018GENET\u0130K\u2019 ve \u2018\u0130Y\u0130LE\u015eMEZ\u2019 denen hastal\u0131klar \u0130Y\u0130LE\u015e\u0130R diyor. Hangi hastal\u0131klar iyile\u015fir diyor: \u00b7         Kronik \u0130nflamasyon \u00b7         \u0130ns\u00fclin Direnci \u00b7         Diyabet, Obezite \u00b7         Hipertansiyon \u00b7         Ha\u015fimato \u00b7         Depresyon, Unutkanl\u0131k \u00b7         Kronik Artrit, Eklem ve Kas A\u011fr\u0131lar\u0131 \u00b7         PolikistikOver \u00b7         Fibrokistik Meme \u00b7         Fibromiyalji \u00b7         Kanser \u00b7         Ve T\u00fcm Kronik Dejeneratif Hastal\u0131klar <\/p>\n","protected":false},"excerpt":{"rendered":"<p>Prof. Canan Karatay bu kez ger\u00e7ek t\u0131bb\u0131n yeni \u015fifreleriyle kar\u015f\u0131n\u0131zda! Yine iddial\u0131, yine kendinden emin. K\u00f6hnemi\u015f yanl\u0131\u015f bilgileri d\u00fczeltiyor, ufku geni\u015fletiyor, sa\u011fl\u0131\u011fa getirdi\u011fi Karatay bak\u0131\u015f a\u00e7\u0131s\u0131n\u0131<span class=\"excerpt-hellip\"> [\u2026]<\/span><\/p>\n","protected":false},"featured_media":0,"template":"","meta":{"_monsterinsights_skip_tracking":false,"_monsterinsights_sitenote_active":false,"_monsterinsights_sitenote_note":"","_monsterinsights_sitenote_category":0},"product_brand":[],"product_cat":[13402,13365],"product_tag":[],"class_list":{"0":"post-712420","1":"product","2":"type-product","3":"status-publish","5":"product_cat-beslenme-ve-diyet","6":"product_cat-saglik","7":"pa_cilt-ciltsiz","8":"pa_tur-kitap","9":"pa_yayinevi-hayykitap","10":"pa_yazar-canan-efendigil-karatay","12":"first","13":"instock","14":"sale","15":"shipping-taxable","16":"purchasable","17":"product-type-simple"},"_links":{"self":[{"href":"https:\/\/roveyayinevi.com.tr\/index.php\/wp-json\/wp\/v2\/product\/712420","targetHints":{"allow":["GET"]}}],"collection":[{"href":"https:\/\/roveyayinevi.com.tr\/index.php\/wp-json\/wp\/v2\/product"}],"about":[{"href":"https:\/\/roveyayinevi.com.tr\/index.php\/wp-json\/wp\/v2\/types\/product"}],"wp:attachment":[{"href":"https:\/\/roveyayinevi.com.tr\/index.php\/wp-json\/wp\/v2\/media?parent=712420"}],"wp:term":[{"taxonomy":"product_brand","embeddable":true,"href":"https:\/\/roveyayinevi.com.tr\/index.php\/wp-json\/wp\/v2\/product_brand?post=712420"},{"taxonomy":"product_cat","embeddable":true,"href":"https:\/\/roveyayinevi.com.tr\/index.php\/wp-json\/wp\/v2\/product_cat?post=712420"},{"taxonomy":"product_tag","embeddable":true,"href":"https:\/\/roveyayinevi.com.tr\/index.php\/wp-json\/wp\/v2\/product_tag?post=712420"}],"curies":[{"name":"wp","href":"https:\/\/api.w.org\/{rel}","templated":true}]}}