{"id":712419,"date":"2025-08-27T16:55:32","date_gmt":"2025-08-27T13:55:32","guid":{"rendered":"https:\/\/roveyayinevi.com.tr\/index.php\/urun\/21-yuzyilin-modern-yonetimi-icin-gelecege-yon-veren-yonetim-teorileri\/"},"modified":"2026-04-16T02:21:00","modified_gmt":"2026-04-15T23:21:00","slug":"21-yuzyilin-modern-yonetimi-icin-gelecege-yon-veren-yonetim-teorileri","status":"publish","type":"product","link":"https:\/\/roveyayinevi.com.tr\/index.php\/urun\/21-yuzyilin-modern-yonetimi-icin-gelecege-yon-veren-yonetim-teorileri\/","title":{"rendered":"&#8221;21. Y\u00fczy\u0131l\u0131n Modern Y\u00f6netimi \u0130\u00e7in&#8221; Gelece\u011fe Y\u00f6n Veren Y\u00f6netim Teorileri"},"content":{"rendered":"<p>G\u00fcn\u00fcm\u00fczde \u00e7ok say\u0131da y\u00f6netim teorisi, y\u00f6netim biliminin teorik zemini olu\u015fturmakta ve gelecekte nas\u0131l \u015fekillenece\u011fini belirlemektedir. \u00d6zellikle geli\u015fmi\u015f \u00fclkelerde y\u00f6netim teorilerine b\u00fcy\u00fck \u00f6nem verilmekte ve yeni teorilerin geli\u015ftirilebilmesi i\u00e7in b\u00fcy\u00fck \u00e7aba harcanmaktad\u0131r. Bu \u00e7al\u0131\u015fma; y\u00f6netim kavram\u0131nda ve y\u00f6netim biliminde meydana gelen de\u011fi\u015fimi etkilemeleri ve adeta s\u00fcreci y\u00f6netmeleri a\u00e7\u0131s\u0131ndan b\u00fcy\u00fck \u00f6nem ta\u015f\u0131yan \u2018Y\u00f6netim Teorileri\u2019ni incelemek i\u00e7in haz\u0131rlanm\u0131\u015ft\u0131r. Amac\u0131m\u0131z \u00f6zellikle geli\u015fmi\u015f \u00fclkelerde olduk\u00e7a yayg\u0131nla\u015fan ve kabul g\u00f6ren y\u00f6netim teorilerinin, \u00fclkemizde de tan\u0131nmas\u0131na ve uygulamaya aktar\u0131lma s\u00fcrecinde katk\u0131da bulanabilmektir. Bu amaca hizmet edebilmek i\u00e7in haz\u0131rlad\u0131\u011f\u0131m\u0131z \u00e7al\u0131\u015fmam\u0131z ,14 ayr\u0131 yazar taraf\u0131ndan haz\u0131rlanan 14 b\u00f6l\u00fcmden olu\u015fmaktad\u0131r. Her bir yazar be\u015f y\u00f6netim teorisini incelemi\u015f ve \u00e7al\u0131\u015fma toplam   yetmi\u015f y\u00f6netim teorisinden olu\u015fturulmu\u015ftur. \u00c7al\u0131\u015fmam\u0131zda gerek yurt i\u00e7inde gerekse yurt d\u0131\u015f\u0131nda g\u00f6rev yapan, teorinin ve uygulaman\u0131n i\u00e7inden gelen yazarlar, 21. Y\u00fczy\u0131l\u0131n y\u00f6netim d\u00fc\u015f\u00fcncesinin \u015fekillendirecek, s\u00fcrece adeta liderlik yapacak y\u00f6netim teorilerini, ayr\u0131nt\u0131l\u0131 bir \u015fekilde incelemi\u015flerdir. <\/p>\n","protected":false},"excerpt":{"rendered":"<p>G\u00fcn\u00fcm\u00fczde \u00e7ok say\u0131da y\u00f6netim teorisi, y\u00f6netim biliminin teorik zemini olu\u015fturmakta ve gelecekte nas\u0131l \u015fekillenece\u011fini belirlemektedir. \u00d6zellikle geli\u015fmi\u015f \u00fclkelerde y\u00f6netim teorilerine b\u00fcy\u00fck \u00f6nem verilmekte ve yeni teorilerin<span class=\"excerpt-hellip\"> [\u2026]<\/span><\/p>\n","protected":false},"featured_media":0,"template":"","meta":{"_monsterinsights_skip_tracking":false,"_monsterinsights_sitenote_active":false,"_monsterinsights_sitenote_note":"","_monsterinsights_sitenote_category":0},"product_brand":[],"product_cat":[12573,12566],"product_tag":[],"class_list":{"0":"post-712419","1":"product","2":"type-product","3":"status-publish","5":"product_cat-akademik-kitaplar","6":"product_cat-egitim","7":"pa_cilt-ciltsiz","8":"pa_tur-kitap","9":"pa_yayinevi-gazi-kitabevi","10":"pa_yazar-mehmet-akif-ozer","12":"first","13":"instock","14":"sale","15":"shipping-taxable","16":"purchasable","17":"product-type-simple"},"_links":{"self":[{"href":"https:\/\/roveyayinevi.com.tr\/index.php\/wp-json\/wp\/v2\/product\/712419","targetHints":{"allow":["GET"]}}],"collection":[{"href":"https:\/\/roveyayinevi.com.tr\/index.php\/wp-json\/wp\/v2\/product"}],"about":[{"href":"https:\/\/roveyayinevi.com.tr\/index.php\/wp-json\/wp\/v2\/types\/product"}],"wp:attachment":[{"href":"https:\/\/roveyayinevi.com.tr\/index.php\/wp-json\/wp\/v2\/media?parent=712419"}],"wp:term":[{"taxonomy":"product_brand","embeddable":true,"href":"https:\/\/roveyayinevi.com.tr\/index.php\/wp-json\/wp\/v2\/product_brand?post=712419"},{"taxonomy":"product_cat","embeddable":true,"href":"https:\/\/roveyayinevi.com.tr\/index.php\/wp-json\/wp\/v2\/product_cat?post=712419"},{"taxonomy":"product_tag","embeddable":true,"href":"https:\/\/roveyayinevi.com.tr\/index.php\/wp-json\/wp\/v2\/product_tag?post=712419"}],"curies":[{"name":"wp","href":"https:\/\/api.w.org\/{rel}","templated":true}]}}