{"id":712418,"date":"2025-08-27T16:55:32","date_gmt":"2025-08-27T13:55:32","guid":{"rendered":"https:\/\/roveyayinevi.com.tr\/index.php\/urun\/mumi-vadisinde-mevsimler\/"},"modified":"2026-04-16T02:21:00","modified_gmt":"2026-04-15T23:21:00","slug":"mumi-vadisinde-mevsimler","status":"publish","type":"product","link":"https:\/\/roveyayinevi.com.tr\/index.php\/urun\/mumi-vadisinde-mevsimler\/","title":{"rendered":"Mumi Vadisi&#8217;nde Mevsimler"},"content":{"rendered":"<p>MUM\u0130 VAD\u0130S\u0130, y\u0131l\u0131n farkl\u0131 zamanlar\u0131nda \u00e7ok farkl\u0131 bir hale bu\u0308ru\u0308nu\u0308r. Art\u0131k bahar gelmi\u015ftir&#8230;K\u0131\u015f uykusundan ilk uyanan, i\u015faret fi\u015fe\u011fini verir. Mumrik uzaklardan d\u00f6nmu\u0308\u015f, dallardaki \u00e7i\u00e7ekler patlam\u0131\u015f ve gu\u0308ne\u015f s\u0131rt\u0131m\u0131z\u0131 \u0131s\u0131tmaya ba\u015flam\u0131\u015fken herkes Vadi\u2019de yeni bir maceraya uyan\u0131r. Mumi Baba\u2019n\u0131n kay\u0131\u011f\u0131n\u0131 gu\u0308venlice deniz fenerine ula\u015ft\u0131r; MumiAnne\u2019ye bah\u00e7esini du\u0308zenlerken yard\u0131m et ve Mumi\u015f\u2019inMumrik\u2019e yazd\u0131\u011f\u0131 mesajlar\u0131 oku&#8230; Bu kitapla, hem yarat\u0131c\u0131l\u0131\u011f\u0131n\u0131 geli\u015ftirecek hem de Mumilerin ilkbahar tela\u015f\u0131na e\u011flenceli aktivitelerle ortak olacaks\u0131n. \u00c7iz, renklendir, say ve labirentlerden ge\u00e7; doya doya e\u011flen! <\/p>\n","protected":false},"excerpt":{"rendered":"<p>MUM\u0130 VAD\u0130S\u0130, y\u0131l\u0131n farkl\u0131 zamanlar\u0131nda \u00e7ok farkl\u0131 bir hale bu\u0308ru\u0308nu\u0308r. Art\u0131k bahar gelmi\u015ftir&#8230;K\u0131\u015f uykusundan ilk uyanan, i\u015faret fi\u015fe\u011fini verir. Mumrik uzaklardan d\u00f6nmu\u0308\u015f, dallardaki \u00e7i\u00e7ekler patlam\u0131\u015f ve<span class=\"excerpt-hellip\"> [\u2026]<\/span><\/p>\n","protected":false},"featured_media":0,"template":"","meta":{"_monsterinsights_skip_tracking":false,"_monsterinsights_sitenote_active":false,"_monsterinsights_sitenote_note":"","_monsterinsights_sitenote_category":0},"product_brand":[],"product_cat":[12913,12274],"product_tag":[],"class_list":{"0":"post-712418","1":"product","2":"type-product","3":"status-publish","5":"product_cat-3-6-yas-kitaplari","6":"product_cat-cocuk-ve-genclik-kitaplari","7":"pa_cilt-ciltsiz","8":"pa_tur-kitap","9":"pa_yayinevi-dinozor-cocuk","10":"pa_yazar-annukka-ahola","12":"first","13":"instock","14":"sale","15":"shipping-taxable","16":"purchasable","17":"product-type-simple"},"_links":{"self":[{"href":"https:\/\/roveyayinevi.com.tr\/index.php\/wp-json\/wp\/v2\/product\/712418","targetHints":{"allow":["GET"]}}],"collection":[{"href":"https:\/\/roveyayinevi.com.tr\/index.php\/wp-json\/wp\/v2\/product"}],"about":[{"href":"https:\/\/roveyayinevi.com.tr\/index.php\/wp-json\/wp\/v2\/types\/product"}],"wp:attachment":[{"href":"https:\/\/roveyayinevi.com.tr\/index.php\/wp-json\/wp\/v2\/media?parent=712418"}],"wp:term":[{"taxonomy":"product_brand","embeddable":true,"href":"https:\/\/roveyayinevi.com.tr\/index.php\/wp-json\/wp\/v2\/product_brand?post=712418"},{"taxonomy":"product_cat","embeddable":true,"href":"https:\/\/roveyayinevi.com.tr\/index.php\/wp-json\/wp\/v2\/product_cat?post=712418"},{"taxonomy":"product_tag","embeddable":true,"href":"https:\/\/roveyayinevi.com.tr\/index.php\/wp-json\/wp\/v2\/product_tag?post=712418"}],"curies":[{"name":"wp","href":"https:\/\/api.w.org\/{rel}","templated":true}]}}