{"id":712416,"date":"2025-08-27T16:55:31","date_gmt":"2025-08-27T13:55:31","guid":{"rendered":"https:\/\/roveyayinevi.com.tr\/index.php\/urun\/kopekbaliklarinin-kayip-sarkilari\/"},"modified":"2026-04-16T02:20:59","modified_gmt":"2026-04-15T23:20:59","slug":"kopekbaliklarinin-kayip-sarkilari","status":"publish","type":"product","link":"https:\/\/roveyayinevi.com.tr\/index.php\/urun\/kopekbaliklarinin-kayip-sarkilari\/","title":{"rendered":"K\u00f6pekbal\u0131klar\u0131n\u0131n Kay\u0131p \u015eark\u0131lar\u0131"},"content":{"rendered":"<p>Yeti\u015fkinlik bir yan\u0131lsama; b\u00fcy\u00fcmek, bitmeyen bir s\u00fcre\u00e7! Ra\u015fel Meseri\u2019den, bilimle felsefe, hayvanlar d\u00fcnyas\u0131yla insanlar \u00e2lemi, \u00e7ocuklarla yeti\u015fkinler aras\u0131nda mekik dokuyan, politikayla b\u00fcy\u00fcme sanat\u0131n\u0131 i\u00e7 i\u00e7e ge\u00e7iren \u00e7arp\u0131c\u0131 bir roman!K\u00f6pekbal\u0131klar\u0131n\u0131n Kay\u0131p \u015eark\u0131lar\u0131, d\u00fcnyan\u0131n ve belki de kendi hayat\u0131n\u0131n kurtulu\u015funu arayan gen\u00e7 bir kad\u0131n\u0131n, her \u015feyini feda ederek at\u0131ld\u0131\u011f\u0131 ger\u00e7ek\u00fcst\u00fc bir yol ser\u00fcvenini konu ediniyor.Ergenlikle ba\u015flayan \u201ckendini tan\u0131ma\u201d s\u00fcrecinin, \u00f6l\u00fcmle ger\u00e7ekle\u015fecek nihai randevuya kadar asla sonlanmayaca\u011f\u0131n\u0131 vurgulayan roman, gen\u00e7lerden yeti\u015fkinlere uzanan geni\u015f bir okur yelpazesine sesleniyor.  Gen\u00e7 bir kad\u0131n, evinden ayr\u0131larak kendini yollara vurur. T\u00fcm benli\u011fini, \u00e7\u0131kt\u0131\u011f\u0131 bu yolculu\u011fa adayan g\u00f6z\u00fc pek kad\u0131n\u0131n tek bir amac\u0131 vard\u0131r: K\u00f6pekbal\u0131klar\u0131n\u0131n kay\u0131p \u015fark\u0131lar\u0131n\u0131 bulmak ve sahiplerine iade etmek. B\u00f6ylece, insanl\u0131\u011f\u0131n t\u00fcm s\u0131rr\u0131n\u0131 da i\u00e7inde bar\u0131nd\u0131ran o \u015fark\u0131lar\u0131n, iktidar sahiplerinin eline ge\u00e7mesini engelleyecek ve insanl\u0131\u011f\u0131 kurtaracakt\u0131r. Ancak hedefine ula\u015fmas\u0131 hi\u00e7 de kolay olmayacakt\u0131r&#8230; K\u00f6pekbal\u0131klar\u0131n\u0131n Kay\u0131p \u015eark\u0131lar\u0131, kitapseverleri fantastik unsurlarla bezeli, fizik kurallar\u0131n\u0131 bazen ciddiye alan bazen de onlarla dalga ge\u00e7en, ger\u00e7ek\u00fcst\u00fc bir yolculu\u011fa \u00e7\u0131kar\u0131yor. Yazar Ra\u015fel Meseri, oyuncu c\u00fcmleleriyle, insan\u0131 kendi ger\u00e7e\u011finin pe\u015fine d\u00fc\u015f\u00fcr\u00fcyor. &#8220;\u00c7a\u011f\u0131m\u0131z\u0131n ruhu i\u015fte b\u00f6yleydi! Sistemin s\u00fcrd\u00fcr\u00fclebilirli\u011finin mant\u0131\u011f\u0131 \u00e7ok basitti! G\u00fcc\u00fc elinde tutmayanlarda tutuyorlarm\u0131\u015f hissi yaratmak, o g\u00fcc\u00fc istediklerindeyse sopay\u0131 g\u00f6stermek!&#8221; <\/p>\n","protected":false},"excerpt":{"rendered":"<p>Yeti\u015fkinlik bir yan\u0131lsama; b\u00fcy\u00fcmek, bitmeyen bir s\u00fcre\u00e7! Ra\u015fel Meseri\u2019den, bilimle felsefe, hayvanlar d\u00fcnyas\u0131yla insanlar \u00e2lemi, \u00e7ocuklarla yeti\u015fkinler aras\u0131nda mekik dokuyan, politikayla b\u00fcy\u00fcme sanat\u0131n\u0131 i\u00e7 i\u00e7e ge\u00e7iren<span class=\"excerpt-hellip\"> [\u2026]<\/span><\/p>\n","protected":false},"featured_media":0,"template":"","meta":{"_monsterinsights_skip_tracking":false,"_monsterinsights_sitenote_active":false,"_monsterinsights_sitenote_note":"","_monsterinsights_sitenote_category":0},"product_brand":[],"product_cat":[12291,12711],"product_tag":[],"class_list":{"0":"post-712416","1":"product","2":"type-product","3":"status-publish","5":"product_cat-edebiyat","6":"product_cat-roman-oyku","7":"pa_cilt-ciltsiz","8":"pa_tur-kitap","9":"pa_yayinevi-delidolu","10":"pa_yazar-rasel-meseri","12":"first","13":"instock","14":"sale","15":"shipping-taxable","16":"purchasable","17":"product-type-simple"},"_links":{"self":[{"href":"https:\/\/roveyayinevi.com.tr\/index.php\/wp-json\/wp\/v2\/product\/712416","targetHints":{"allow":["GET"]}}],"collection":[{"href":"https:\/\/roveyayinevi.com.tr\/index.php\/wp-json\/wp\/v2\/product"}],"about":[{"href":"https:\/\/roveyayinevi.com.tr\/index.php\/wp-json\/wp\/v2\/types\/product"}],"wp:attachment":[{"href":"https:\/\/roveyayinevi.com.tr\/index.php\/wp-json\/wp\/v2\/media?parent=712416"}],"wp:term":[{"taxonomy":"product_brand","embeddable":true,"href":"https:\/\/roveyayinevi.com.tr\/index.php\/wp-json\/wp\/v2\/product_brand?post=712416"},{"taxonomy":"product_cat","embeddable":true,"href":"https:\/\/roveyayinevi.com.tr\/index.php\/wp-json\/wp\/v2\/product_cat?post=712416"},{"taxonomy":"product_tag","embeddable":true,"href":"https:\/\/roveyayinevi.com.tr\/index.php\/wp-json\/wp\/v2\/product_tag?post=712416"}],"curies":[{"name":"wp","href":"https:\/\/api.w.org\/{rel}","templated":true}]}}