{"id":712415,"date":"2025-08-27T16:55:30","date_gmt":"2025-08-27T13:55:30","guid":{"rendered":"https:\/\/roveyayinevi.com.tr\/index.php\/urun\/kullugun-hakikati-meryem-suresi-3-30-40-ayetler\/"},"modified":"2026-04-16T02:20:59","modified_gmt":"2026-04-15T23:20:59","slug":"kullugun-hakikati-meryem-suresi-3-30-40-ayetler","status":"publish","type":"product","link":"https:\/\/roveyayinevi.com.tr\/index.php\/urun\/kullugun-hakikati-meryem-suresi-3-30-40-ayetler\/","title":{"rendered":"Kullu\u011fun Hakikati &#8211; Meryem Suresi 3 (30-40. Ayetler)"},"content":{"rendered":"<p>Cem\u00e2lnur Sargut\u2019un derledi\u011fi Meryem Suresi \u015ferhlerinin \u00fc\u00e7\u00fcnc\u00fc ve son kitab\u0131  Kullu\u011fun Hak\u00eekati: Ken\u2019an Rif\u00e2\u00ee Hazretleri, Hz. Meryem\u2019in s\u00e2fiyetinden gelen ve Hz. Peygamber\u2019de (s.a.s) tecell\u00ee eden kullu\u011fun hak\u00eekatini \u015fu \u015fiirle a\u00e7\u0131kl\u0131yor: Kullu\u011fu m\u00fc\u2019minlerin bir ulu S\u00fcbh\u00e2n\u2019ad\u0131r,Hizmeti dervi\u015flerin er olan ins\u00e2nad\u0131r. G\u00f6rd\u00fc\u011f\u00fc mahb\u00fbbudur, arz\u00fbsu m\u00e2\u015f\u00fbkudur, \u00c2\u015f\u0131ka yok ba\u015fka \u015fey, varsa hep efs\u00e2nedir. S\u00e2hib-i ilm \u00fc edeb \u00e2rif-i bill\u00e2h olur, Mazhar-\u0131 kalb-i sel\u00eem, hem tecell\u00ee-g\u00e2h olur. C\u00fcmle bilgiden garaz, Hakk\u2019\u0131 g\u00f6r\u00fcp bilmedir, Kim buna ermi\u015f ise \u00e2leme o \u015f\u00e2h olur. \u00c7ok \u015f\u00fck\u00fcr All\u00e2h\u2019a ki eyledi ihs\u00e2n bize, Zulmet-i d\u00fcny\u00e2da bir m\u00fcr\u015fid-i \u00e2l\u00ee bize. \u015e\u00fckr ile Ken\u2019\u00e2n diyor, etti in\u00e2yet Hud\u00e2, Lutfedip oldu ay\u00e2n Hak o cem\u00e2lden bize. <\/p>\n","protected":false},"excerpt":{"rendered":"<p>Cem\u00e2lnur Sargut\u2019un derledi\u011fi Meryem Suresi \u015ferhlerinin \u00fc\u00e7\u00fcnc\u00fc ve son kitab\u0131 Kullu\u011fun Hak\u00eekati: Ken\u2019an Rif\u00e2\u00ee Hazretleri, Hz. Meryem\u2019in s\u00e2fiyetinden gelen ve Hz. Peygamber\u2019de (s.a.s) tecell\u00ee eden kullu\u011fun<span class=\"excerpt-hellip\"> [\u2026]<\/span><\/p>\n","protected":false},"featured_media":0,"template":"","meta":{"_monsterinsights_skip_tracking":false,"_monsterinsights_sitenote_active":false,"_monsterinsights_sitenote_note":"","_monsterinsights_sitenote_category":0},"product_brand":[],"product_cat":[12718,12719],"product_tag":[],"class_list":{"0":"post-712415","1":"product","2":"type-product","3":"status-publish","5":"product_cat-din","6":"product_cat-islam","7":"pa_cilt-ciltsiz","8":"pa_tur-kitap","9":"pa_yayinevi-nefes-yayincilik","10":"pa_yazar-cemalnur-sargut","12":"first","13":"instock","14":"sale","15":"shipping-taxable","16":"purchasable","17":"product-type-simple"},"_links":{"self":[{"href":"https:\/\/roveyayinevi.com.tr\/index.php\/wp-json\/wp\/v2\/product\/712415","targetHints":{"allow":["GET"]}}],"collection":[{"href":"https:\/\/roveyayinevi.com.tr\/index.php\/wp-json\/wp\/v2\/product"}],"about":[{"href":"https:\/\/roveyayinevi.com.tr\/index.php\/wp-json\/wp\/v2\/types\/product"}],"wp:attachment":[{"href":"https:\/\/roveyayinevi.com.tr\/index.php\/wp-json\/wp\/v2\/media?parent=712415"}],"wp:term":[{"taxonomy":"product_brand","embeddable":true,"href":"https:\/\/roveyayinevi.com.tr\/index.php\/wp-json\/wp\/v2\/product_brand?post=712415"},{"taxonomy":"product_cat","embeddable":true,"href":"https:\/\/roveyayinevi.com.tr\/index.php\/wp-json\/wp\/v2\/product_cat?post=712415"},{"taxonomy":"product_tag","embeddable":true,"href":"https:\/\/roveyayinevi.com.tr\/index.php\/wp-json\/wp\/v2\/product_tag?post=712415"}],"curies":[{"name":"wp","href":"https:\/\/api.w.org\/{rel}","templated":true}]}}