{"id":712412,"date":"2025-08-27T16:55:29","date_gmt":"2025-08-27T13:55:29","guid":{"rendered":"https:\/\/roveyayinevi.com.tr\/index.php\/urun\/heymimres-nelik-ve-kimligin-diyalektigi\/"},"modified":"2026-01-29T02:37:52","modified_gmt":"2026-01-28T23:37:52","slug":"heymimres-nelik-ve-kimligin-diyalektigi","status":"publish","type":"product","link":"https:\/\/roveyayinevi.com.tr\/index.php\/urun\/heymimres-nelik-ve-kimligin-diyalektigi\/","title":{"rendered":"Heymimres Nelik ve Kimli\u011fin Diyalekti\u011fi"},"content":{"rendered":"<p>Bir yanda sanatsal t\u00fcrler ve bunlar\u0131n nelikleri, di\u011fer yanda bireysel ve toplumsal kimliklerimiz. Farkl\u0131 kategoriler de olsa keyfi, tesad\u00fcfi ve kas\u0131tl\u0131 olarak yan yana gelebiliyorlar. Heykel, mimari ve resmin bile\u015fimi olarak Heymimres bu ili\u015fkiyi kurcal\u0131yor. Sanat\u00e7\u0131lar yap\u0131t meydana getirirken sanat\u0131n \u00f6zerk sorunlar\u0131n\u0131n yan\u0131 s\u0131ra, sanat d\u0131\u015f\u0131 konulara da bula\u015f\u0131rlar. Bazen planl\u0131, bazen kendili\u011finden kurulur bu ili\u015fki. \u00d6rne\u011fin \u2018k\u00fctle, hacim ve y\u00fczey\u2019 kavramlar\u0131 fizik, matematik, m\u00fchendislik ve felsefenin ilgi alan\u0131na da girer. Yine, \u2018kimlik\u2019, sanat\u0131n yan\u0131 s\u0131ra siyaset, sosyoloji ve psikolojinin de konusudur. Heymimres maceram sanat eseri yapma s\u00fcrecinde taklit\/yarat\u0131c\u0131l\u0131k, kopya\/\u00f6zg\u00fcn, zanaat\/sanat, ustal\u0131k\/sanat\u00e7\u0131l\u0131k, gelenek\/yenilik, safl\u0131k\/melezlik, elsel\/zihinsel, k\u0131lg\u0131sal\/kuramsal, analog\/dijital, planl\u0131\/rastlant\u0131sal, sanat d\u0131\u015f\u0131\/sanat i\u00e7i gibi ayr\u0131mlar aras\u0131nda kesin s\u0131n\u0131rlar olmad\u0131\u011f\u0131n\u0131, bunlar\u0131n rahatl\u0131kla yan yana gelebileceklerini bir kez daha g\u00f6sterdi. <\/p>\n","protected":false},"excerpt":{"rendered":"<p>Bir yanda sanatsal t\u00fcrler ve bunlar\u0131n nelikleri, di\u011fer yanda bireysel ve toplumsal kimliklerimiz. Farkl\u0131 kategoriler de olsa keyfi, tesad\u00fcfi ve kas\u0131tl\u0131 olarak yan yana gelebiliyorlar. Heykel,<span class=\"excerpt-hellip\"> [\u2026]<\/span><\/p>\n","protected":false},"featured_media":0,"template":"","meta":{"_monsterinsights_skip_tracking":false,"_monsterinsights_sitenote_active":false,"_monsterinsights_sitenote_note":"","_monsterinsights_sitenote_category":0},"product_brand":[],"product_cat":[12312,12304],"product_tag":[],"class_list":{"0":"post-712412","1":"product","2":"type-product","3":"status-publish","5":"product_cat-diger","6":"product_cat-tarih","7":"pa_cilt-ciltsiz","8":"pa_tur-kitap","9":"pa_yayinevi-utopya-yayinevi","10":"pa_yazar-mehmet-yilmaz","12":"first","13":"instock","14":"sale","15":"shipping-taxable","16":"purchasable","17":"product-type-simple"},"_links":{"self":[{"href":"https:\/\/roveyayinevi.com.tr\/index.php\/wp-json\/wp\/v2\/product\/712412","targetHints":{"allow":["GET"]}}],"collection":[{"href":"https:\/\/roveyayinevi.com.tr\/index.php\/wp-json\/wp\/v2\/product"}],"about":[{"href":"https:\/\/roveyayinevi.com.tr\/index.php\/wp-json\/wp\/v2\/types\/product"}],"wp:attachment":[{"href":"https:\/\/roveyayinevi.com.tr\/index.php\/wp-json\/wp\/v2\/media?parent=712412"}],"wp:term":[{"taxonomy":"product_brand","embeddable":true,"href":"https:\/\/roveyayinevi.com.tr\/index.php\/wp-json\/wp\/v2\/product_brand?post=712412"},{"taxonomy":"product_cat","embeddable":true,"href":"https:\/\/roveyayinevi.com.tr\/index.php\/wp-json\/wp\/v2\/product_cat?post=712412"},{"taxonomy":"product_tag","embeddable":true,"href":"https:\/\/roveyayinevi.com.tr\/index.php\/wp-json\/wp\/v2\/product_tag?post=712412"}],"curies":[{"name":"wp","href":"https:\/\/api.w.org\/{rel}","templated":true}]}}