{"id":712411,"date":"2025-08-27T16:55:28","date_gmt":"2025-08-27T13:55:28","guid":{"rendered":"https:\/\/roveyayinevi.com.tr\/index.php\/urun\/karanlik-sular\/"},"modified":"2026-04-16T02:20:59","modified_gmt":"2026-04-15T23:20:59","slug":"karanlik-sular","status":"publish","type":"product","link":"https:\/\/roveyayinevi.com.tr\/index.php\/urun\/karanlik-sular\/","title":{"rendered":"Karanl\u0131k Sular"},"content":{"rendered":"<p>Goodreads okurlar\u0131na g\u00f6re 2017\u2019nin en iyi polisiye-gerilim roman\u0131! Yay\u0131mland\u0131\u011f\u0131 andan itibaren \u00e7oksatan listelerini alt\u00fcst eden, son y\u0131llar\u0131n en \u00f6nemli gerilim roman\u0131 Trendeki K\u0131z\u2019\u0131n yazar\u0131 Paula Hawkins\u2019ten gizem dolu yepyeni bir roman! \u00d6l\u00fcm\u00fcnden birka\u00e7 g\u00fcn \u00f6nce Nel yard\u0131m istemek \u00fczere k\u0131z karde\u015fine telefon eder. Ancak karde\u015fi Jules yan\u0131t vermez ve yard\u0131m \u00e7a\u011fr\u0131s\u0131n\u0131 geri \u00e7evirir. Birka\u00e7 g\u00fcn sonra Nel\u2019in \u00f6l\u00fcm haberi gelir. Jules ise ka\u00e7t\u0131\u011f\u0131 ve gelmemeye yemin etti\u011fi kasabaya, geride kalan ye\u011fenine bakmak i\u00e7in d\u00f6nmek zorunda kal\u0131r. Ancak Jules deh\u015fet i\u00e7erisindedir. \u00c7ok korkmu\u015ftur. An\u0131msamak istemedi\u011fi hat\u0131ralar\u0131 su y\u00fcz\u00fcne \u00e7\u0131karken, Nel\u2019in intihar etmeyece\u011fine de giderek ikna olur. Bunlar\u0131n \u00f6tesinde Jules sudan korkmaktad\u0131r, \u00f6zellikle de \u00d6l\u00fcm G\u00f6leti d\u00f6nen o korku verici yerden&#8230; G <\/p>\n","protected":false},"excerpt":{"rendered":"<p>Goodreads okurlar\u0131na g\u00f6re 2017\u2019nin en iyi polisiye-gerilim roman\u0131! Yay\u0131mland\u0131\u011f\u0131 andan itibaren \u00e7oksatan listelerini alt\u00fcst eden, son y\u0131llar\u0131n en \u00f6nemli gerilim roman\u0131 Trendeki K\u0131z\u2019\u0131n yazar\u0131 Paula Hawkins\u2019ten<span class=\"excerpt-hellip\"> [\u2026]<\/span><\/p>\n","protected":false},"featured_media":0,"template":"","meta":{"_monsterinsights_skip_tracking":false,"_monsterinsights_sitenote_active":false,"_monsterinsights_sitenote_note":"","_monsterinsights_sitenote_category":0},"product_brand":[],"product_cat":[12291,17033],"product_tag":[],"class_list":{"0":"post-712411","1":"product","2":"type-product","3":"status-publish","5":"product_cat-edebiyat","6":"product_cat-korku-gerilim","7":"pa_cilt-ciltsiz","8":"pa_tur-kitap","9":"pa_yayinevi-ithaki-yayinlari","10":"pa_yazar-paula-hawkins","12":"first","13":"instock","14":"sale","15":"shipping-taxable","16":"purchasable","17":"product-type-simple"},"_links":{"self":[{"href":"https:\/\/roveyayinevi.com.tr\/index.php\/wp-json\/wp\/v2\/product\/712411","targetHints":{"allow":["GET"]}}],"collection":[{"href":"https:\/\/roveyayinevi.com.tr\/index.php\/wp-json\/wp\/v2\/product"}],"about":[{"href":"https:\/\/roveyayinevi.com.tr\/index.php\/wp-json\/wp\/v2\/types\/product"}],"wp:attachment":[{"href":"https:\/\/roveyayinevi.com.tr\/index.php\/wp-json\/wp\/v2\/media?parent=712411"}],"wp:term":[{"taxonomy":"product_brand","embeddable":true,"href":"https:\/\/roveyayinevi.com.tr\/index.php\/wp-json\/wp\/v2\/product_brand?post=712411"},{"taxonomy":"product_cat","embeddable":true,"href":"https:\/\/roveyayinevi.com.tr\/index.php\/wp-json\/wp\/v2\/product_cat?post=712411"},{"taxonomy":"product_tag","embeddable":true,"href":"https:\/\/roveyayinevi.com.tr\/index.php\/wp-json\/wp\/v2\/product_tag?post=712411"}],"curies":[{"name":"wp","href":"https:\/\/api.w.org\/{rel}","templated":true}]}}