{"id":712408,"date":"2025-08-27T16:55:26","date_gmt":"2025-08-27T13:55:26","guid":{"rendered":"https:\/\/roveyayinevi.com.tr\/index.php\/urun\/dostoyevskinin-bati-elestirisi\/"},"modified":"2026-04-16T02:20:59","modified_gmt":"2026-04-15T23:20:59","slug":"dostoyevskinin-bati-elestirisi","status":"publish","type":"product","link":"https:\/\/roveyayinevi.com.tr\/index.php\/urun\/dostoyevskinin-bati-elestirisi\/","title":{"rendered":"Dostoyevski&#8217;nin Bat\u0131 Ele\u015ftirisi"},"content":{"rendered":"<p>D\u00fcnya edebiyat\u0131n\u0131n tart\u0131\u015fmas\u0131z en b\u00fcy\u00fck isimlerinden Dostoyevski\u2019nin bahsetti\u011fi evrensel problemlerin \u00f6nemli bir k\u0131sm\u0131n\u0131 anl\u0131yoruz, \u00e7\u00fcnk\u00fc bunlar hepimize hitap ediyor. Ancak bunlar\u0131n tarihsel, politik, k\u00fclt\u00fcrel ve teolojik arka planlar\u0131 oldu\u011funu da unutmamam\u0131z gerek.Raskolnikov\u2019u, Nastasya Filipovna\u2019y\u0131, Prens Mi\u015fkin\u2019i yaratan b\u00fcy\u00fck yazar, \u015fu sat\u0131rlar\u0131 da kaleme ala bilmi\u015fti: \u201cAvrupa\u2019da \u015fimdi s\u00fcrd\u00fcr\u00fclen diplomatik g\u00f6r\u00fc\u015fmeler ve anla\u015fmalar ne \u015fekilde sonu\u00e7lan\u0131rsa sonu\u00e7lans\u0131n, \u00f6n\u00fcm\u00fczdeki y\u00fczy\u0131lda da olsa, \u0130stanbul eninde sonunda bizim olacakt\u0131r!\u201dAdeta siyasi bir g\u00fcndem belirleyen bu ifadelerin sahibi Dostoyevski ile evrensel karakterlerini d\u00f6ne d\u00f6ne okudu\u011fumuz Dostoyevski\u2019yi ba\u011fda\u015ft\u0131rmak m\u00fcmk\u00fcn m\u00fc?Bruce K. Ward\u2019un kitab\u0131, Dostoyevski\u2019nin romanlar\u0131 i\u00e7in tuttu\u011fu notlar\u0131 ve defterlerini de dikkate alarak, siyasi, felsefi ve teolojik g\u00f6r\u00fc\u015fleriyle sanat\u0131 aras\u0131nda kurdu\u011fu ba\u011flant\u0131lar sebebiyle T\u00fcrk\u00e7edeki Dostoyevski literat\u00fcr\u00fcne \u00f6nemli bir katk\u0131 niteli\u011finde&#8230; <\/p>\n","protected":false},"excerpt":{"rendered":"<p>D\u00fcnya edebiyat\u0131n\u0131n tart\u0131\u015fmas\u0131z en b\u00fcy\u00fck isimlerinden Dostoyevski\u2019nin bahsetti\u011fi evrensel problemlerin \u00f6nemli bir k\u0131sm\u0131n\u0131 anl\u0131yoruz, \u00e7\u00fcnk\u00fc bunlar hepimize hitap ediyor. Ancak bunlar\u0131n tarihsel, politik, k\u00fclt\u00fcrel ve teolojik<span class=\"excerpt-hellip\"> [\u2026]<\/span><\/p>\n","protected":false},"featured_media":0,"template":"","meta":{"_monsterinsights_skip_tracking":false,"_monsterinsights_sitenote_active":false,"_monsterinsights_sitenote_note":"","_monsterinsights_sitenote_category":0},"product_brand":[],"product_cat":[13072,12291],"product_tag":[],"class_list":{"0":"post-712408","1":"product","2":"type-product","3":"status-publish","5":"product_cat-arastirma-inceleme-referans","6":"product_cat-edebiyat","7":"pa_cilt-ciltsiz","8":"pa_tur-kitap","9":"pa_yayinevi-ithaki-yayinlari","10":"pa_yazar-bruce-k-ward","12":"first","13":"instock","14":"sale","15":"shipping-taxable","16":"purchasable","17":"product-type-simple"},"_links":{"self":[{"href":"https:\/\/roveyayinevi.com.tr\/index.php\/wp-json\/wp\/v2\/product\/712408","targetHints":{"allow":["GET"]}}],"collection":[{"href":"https:\/\/roveyayinevi.com.tr\/index.php\/wp-json\/wp\/v2\/product"}],"about":[{"href":"https:\/\/roveyayinevi.com.tr\/index.php\/wp-json\/wp\/v2\/types\/product"}],"wp:attachment":[{"href":"https:\/\/roveyayinevi.com.tr\/index.php\/wp-json\/wp\/v2\/media?parent=712408"}],"wp:term":[{"taxonomy":"product_brand","embeddable":true,"href":"https:\/\/roveyayinevi.com.tr\/index.php\/wp-json\/wp\/v2\/product_brand?post=712408"},{"taxonomy":"product_cat","embeddable":true,"href":"https:\/\/roveyayinevi.com.tr\/index.php\/wp-json\/wp\/v2\/product_cat?post=712408"},{"taxonomy":"product_tag","embeddable":true,"href":"https:\/\/roveyayinevi.com.tr\/index.php\/wp-json\/wp\/v2\/product_tag?post=712408"}],"curies":[{"name":"wp","href":"https:\/\/api.w.org\/{rel}","templated":true}]}}