{"id":712407,"date":"2025-08-27T16:55:25","date_gmt":"2025-08-27T13:55:25","guid":{"rendered":"https:\/\/roveyayinevi.com.tr\/index.php\/urun\/artemis\/"},"modified":"2026-04-16T02:20:59","modified_gmt":"2026-04-15T23:20:59","slug":"artemis","status":"publish","type":"product","link":"https:\/\/roveyayinevi.com.tr\/index.php\/urun\/artemis\/","title":{"rendered":"Artemis"},"content":{"rendered":"<p>Goodreads okurlar\u0131na g\u00f6re 2017&#8217;nin en iyi bilimkurgu roman\u0131.Son y\u0131llar\u0131n en iyi bilimkurgu romanlar\u0131ndan biri olanMarsl\u0131&#8217;n\u0131n yazar\u0131 Andy Weir&#8217;dan yepyeni, soluk solu\u011fa bir kitap!Artemis&#8230; Ay&#8217;daki tek \u015fehir. E\u011fer \u00e7ok zengin de\u011filsen ya da bir turist olarak ziyaret etmiyorsan Ay ve Artemis, tabiri caizse &#8220;zalim bir sevgilidir&#8221;. Haliyle hayatta kalmak i\u00e7in ufak tefek ka\u00e7ak\u00e7\u0131l\u0131klar yapmak pek de beklenmedik bir \u015fey de\u011fil. \u00d6zellikle de \u00e7ok borcun varsa ve al\u0131n terin bu bor\u00e7lar\u0131 kapamaya yetmiyorsa.Ek i\u015f olarak ka\u00e7ak\u00e7\u0131l\u0131k yapan Jazz&#8217;in hayat\u0131 da kar\u015f\u0131s\u0131na reddedemeyece\u011fi bir teklif \u00e7\u0131k\u0131nca tamamen de\u011fi\u015fir. K\u00fc\u00e7\u00fck bir ka\u00e7ak\u00e7\u0131 olarak kalk\u0131\u015ft\u0131\u011f\u0131 bu b\u00fcy\u00fck sabotaj boyunu a\u015facak ve bekledi\u011finin de \u00f6tesinde Jazz , t\u00fcm Artemis&#8217;in kontrol\u00fcn\u00fc ele ge\u00e7irmeyi ilgilendiren bir komplonun ortas\u0131nda bulacakt\u0131r kendini. Bundan sonra almas\u0131 gereken risk, i\u015fe ilk girdi\u011fi zamankinden \u00e7ok daha b\u00fcy\u00fckt\u00fcr.Andy Weir, Marsl\u0131 \u2019da g\u00f6sterdi\u011fi m\u00fchendislik, bilim ve teknoloji bilgisini Artemis \u2019te de sergileyip yine fazlas\u0131yla ger\u00e7ek\u00e7i bir gelecek \u00f6ng\u00f6r\u00fcyor.\u201c Marsl\u0131 \u2019dan sonra isteyebilece\u011finiz her \u015fey bu kitapta: zeki ce , e\u011flenceli, a drenalini y\u00fcksek, elinizden d\u00fc\u015f\u00fcremeyece\u011finiz bir \u00f6yk\u00fc.\u201dErnest Cline, Ba\u015flat \u2019\u0131n yazar\u0131.\u201cWeir imk\u00e2ns\u0131z\u0131 ba\u015fard\u0131 \u2013 Ay\u2019daki bir \u015fehirde ge\u00e7en bilimkurgu noir roman\u0131yla Marsl\u0131 \u2019y\u0131 sollad\u0131. Bu hayattan daha ne isteyebilirsiniz ki? Gidip okuyun \u015fu kitab\u0131.\u201dBlake Crouch, Karanl\u0131k Madde \u2019nin yazar\u0131.\u201cHeyecan verici, keskin zek\u00e2l\u0131, adrenalin dolu bir macera&#8230; senenin en iyi bilimkurgu romanlar\u0131ndan biri.\u201dBooklist (starred review)<\/p>\n","protected":false},"excerpt":{"rendered":"<p>Goodreads okurlar\u0131na g\u00f6re 2017&#8217;nin en iyi bilimkurgu roman\u0131.Son y\u0131llar\u0131n en iyi bilimkurgu romanlar\u0131ndan biri olanMarsl\u0131&#8217;n\u0131n yazar\u0131 Andy Weir&#8217;dan yepyeni, soluk solu\u011fa bir kitap!Artemis&#8230; Ay&#8217;daki tek \u015fehir.<span class=\"excerpt-hellip\"> [\u2026]<\/span><\/p>\n","protected":false},"featured_media":0,"template":"","meta":{"_monsterinsights_skip_tracking":false,"_monsterinsights_sitenote_active":false,"_monsterinsights_sitenote_note":"","_monsterinsights_sitenote_category":0},"product_brand":[],"product_cat":[12540,12291],"product_tag":[],"class_list":{"0":"post-712407","1":"product","2":"type-product","3":"status-publish","5":"product_cat-bilim-kurgu","6":"product_cat-edebiyat","7":"pa_cilt-ciltsiz","8":"pa_tur-kitap","9":"pa_yayinevi-ithaki-yayinlari","10":"pa_yazar-andy-weir","12":"first","13":"instock","14":"sale","15":"shipping-taxable","16":"purchasable","17":"product-type-simple"},"_links":{"self":[{"href":"https:\/\/roveyayinevi.com.tr\/index.php\/wp-json\/wp\/v2\/product\/712407","targetHints":{"allow":["GET"]}}],"collection":[{"href":"https:\/\/roveyayinevi.com.tr\/index.php\/wp-json\/wp\/v2\/product"}],"about":[{"href":"https:\/\/roveyayinevi.com.tr\/index.php\/wp-json\/wp\/v2\/types\/product"}],"wp:attachment":[{"href":"https:\/\/roveyayinevi.com.tr\/index.php\/wp-json\/wp\/v2\/media?parent=712407"}],"wp:term":[{"taxonomy":"product_brand","embeddable":true,"href":"https:\/\/roveyayinevi.com.tr\/index.php\/wp-json\/wp\/v2\/product_brand?post=712407"},{"taxonomy":"product_cat","embeddable":true,"href":"https:\/\/roveyayinevi.com.tr\/index.php\/wp-json\/wp\/v2\/product_cat?post=712407"},{"taxonomy":"product_tag","embeddable":true,"href":"https:\/\/roveyayinevi.com.tr\/index.php\/wp-json\/wp\/v2\/product_tag?post=712407"}],"curies":[{"name":"wp","href":"https:\/\/api.w.org\/{rel}","templated":true}]}}