{"id":712403,"date":"2025-08-27T16:55:23","date_gmt":"2025-08-27T13:55:23","guid":{"rendered":"https:\/\/roveyayinevi.com.tr\/index.php\/urun\/dogal-roman\/"},"modified":"2026-04-11T02:26:34","modified_gmt":"2026-04-10T23:26:34","slug":"dogal-roman","status":"publish","type":"product","link":"https:\/\/roveyayinevi.com.tr\/index.php\/urun\/dogal-roman\/","title":{"rendered":"Do\u011fal Roman"},"content":{"rendered":"<p>Bir romanda nelerden bahsedilmesini beklemeyiz? Tuvaletlerden mesela. Sineklerden. Bitkilerin \u00fcreme bi\u00e7imlerinden. G\u00fcndelik hayat\u0131n s\u0131radan detaylar\u0131ndan. Bunlar her ne kadar \u201cdo\u011fal\u201d \u015feyler olsalar da romanlara giremeyecek kadar yersiz ya da \u00f6nemsiz g\u00f6r\u00fcl\u00fcrler genelde. Bulgar yazar Georgi Gospodinov ise b\u00fct\u00fcn bu d\u0131\u015flanm\u0131\u015f konulara kucak a\u00e7arak \u201cmuzip\u201d bir roman \u00e7\u0131karm\u0131\u015f ortaya: \u201cSine\u011fin bak\u0131\u015f\u0131n\u0131 an\u0131msatan \u00e7oky\u00f6nl\u00fc bir roman. Ve onun gibi, ayr\u0131nt\u0131larla, s\u0131radan g\u00f6z\u00fcn g\u00f6rmedi\u011fi k\u00fc\u00e7\u00fcc\u00fck \u015feylerle dolu bir roman.\u201d Bir bo\u015fanmayla ba\u015fl\u0131yor hik\u00e2ye: Bir yazar olan anlat\u0131c\u0131, kar\u0131s\u0131ndan ayr\u0131l\u0131yor ve eski hayat\u0131yla birlikte g\u00f6r\u00fcn\u00fc\u015fe g\u00f6re ak\u0131lc\u0131 benli\u011fini de geride b\u0131rak\u0131yor. Kahraman\u0131m\u0131z d\u0131\u015f d\u00fcnyadan giderek koparken, biz de onun i\u00e7 d\u00fcnyas\u0131n\u0131n dolamba\u00e7l\u0131 dehlizlerine \u00e7ekiliyoruz. \u201cDo\u011fal\u201d bir romandan beklenece\u011fi \u00fczere, anlat\u0131 \u00e7izgisel bir do\u011frultuda de\u011fil zikzaklarla ve fragmanlarla ilerliyor; i\u00e7 i\u00e7e ge\u00e7en kurmaca katmanlar\u0131 kimi zaman ger\u00e7ekli\u011fe g\u00f6z k\u0131rp\u0131yor.     \u201cKendi hayat\u0131m\u0131z\u0131 anlatman\u0131n imk\u00e2ns\u0131zl\u0131\u011f\u0131 hakk\u0131nda bir kitap,\u201d diyor Gospodinov, Do\u011fal Roman i\u00e7in \u2013 ama yarat\u0131c\u0131 bir yazar\u0131n yapaca\u011f\u0131 gibi, bu imk\u00e2ns\u0131zl\u0131\u011f\u0131n i\u00e7indeki imk\u00e2nlar\u0131 ke\u015ffedip kullanmay\u0131 iyi ba\u015far\u0131yor. <\/p>\n","protected":false},"excerpt":{"rendered":"<p>Bir romanda nelerden bahsedilmesini beklemeyiz? Tuvaletlerden mesela. Sineklerden. Bitkilerin \u00fcreme bi\u00e7imlerinden. G\u00fcndelik hayat\u0131n s\u0131radan detaylar\u0131ndan. Bunlar her ne kadar \u201cdo\u011fal\u201d \u015feyler olsalar da romanlara giremeyecek kadar<span class=\"excerpt-hellip\"> [\u2026]<\/span><\/p>\n","protected":false},"featured_media":0,"template":"","meta":{"_monsterinsights_skip_tracking":false,"_monsterinsights_sitenote_active":false,"_monsterinsights_sitenote_note":"","_monsterinsights_sitenote_category":0},"product_brand":[],"product_cat":[12291,12711],"product_tag":[],"class_list":{"0":"post-712403","1":"product","2":"type-product","3":"status-publish","5":"product_cat-edebiyat","6":"product_cat-roman-oyku","7":"pa_cilt-ciltsiz","8":"pa_tur-kitap","9":"pa_yayinevi-metis-yayinlari","10":"pa_yazar-georgi-gospodinov","12":"first","13":"instock","14":"sale","15":"shipping-taxable","16":"purchasable","17":"product-type-simple"},"_links":{"self":[{"href":"https:\/\/roveyayinevi.com.tr\/index.php\/wp-json\/wp\/v2\/product\/712403","targetHints":{"allow":["GET"]}}],"collection":[{"href":"https:\/\/roveyayinevi.com.tr\/index.php\/wp-json\/wp\/v2\/product"}],"about":[{"href":"https:\/\/roveyayinevi.com.tr\/index.php\/wp-json\/wp\/v2\/types\/product"}],"wp:attachment":[{"href":"https:\/\/roveyayinevi.com.tr\/index.php\/wp-json\/wp\/v2\/media?parent=712403"}],"wp:term":[{"taxonomy":"product_brand","embeddable":true,"href":"https:\/\/roveyayinevi.com.tr\/index.php\/wp-json\/wp\/v2\/product_brand?post=712403"},{"taxonomy":"product_cat","embeddable":true,"href":"https:\/\/roveyayinevi.com.tr\/index.php\/wp-json\/wp\/v2\/product_cat?post=712403"},{"taxonomy":"product_tag","embeddable":true,"href":"https:\/\/roveyayinevi.com.tr\/index.php\/wp-json\/wp\/v2\/product_tag?post=712403"}],"curies":[{"name":"wp","href":"https:\/\/api.w.org\/{rel}","templated":true}]}}