{"id":712402,"date":"2025-08-27T16:55:22","date_gmt":"2025-08-27T13:55:22","guid":{"rendered":"https:\/\/roveyayinevi.com.tr\/index.php\/urun\/hakikat-cesareti-kendinin-ve-baskalarinin-yonetimi-2-college-de-france-dersleri-1983-1984\/"},"modified":"2025-11-22T04:32:17","modified_gmt":"2025-11-22T01:32:17","slug":"hakikat-cesareti-kendinin-ve-baskalarinin-yonetimi-2-college-de-france-dersleri-1983-1984","status":"publish","type":"product","link":"https:\/\/roveyayinevi.com.tr\/index.php\/urun\/hakikat-cesareti-kendinin-ve-baskalarinin-yonetimi-2-college-de-france-dersleri-1983-1984\/","title":{"rendered":"Hakikat Cesareti: Kendinin ve Ba\u015fkalar\u0131n\u0131n Y\u00f6netimi 2 &#8211; College de France Dersleri 1983 &#8211; 1984"},"content":{"rendered":"<p>Michel Foucault\u2019nun 1970-1984 aras\u203anda Coll\u00e8ge de France\u2019taki \u201cD\u00fc\u015f\u00fcnce Sistemleri Tarihi\u201d ba\u015fl\u0131kl\u0131 k\u00fcrs\u00fcs\u00fcnde verdi\u011fi bu derslerde, d\u00fc\u015f\u00fcn\u00fcr\u00fcn elindeki tarihsel materyalleri nas\u0131l i\u015fledi\u011fine, felsefeyle tarih aras\u0131ndaki ba\u011flar\u0131 nasl \u00f6rd\u00fc\u011f\u00fcne tan\u0131k oluyoruz. Bu derslerde Foucault, Antik Yunan\u2019da paran\u0131n tesisinden 18. y\u00fczy\u0131l Fransa \u015fehircili\u011fine, psikiyatrik iktidardan modern devlet akl\u0131na, H\u0131ristiyan \u00f6znellik bi\u00e7imlerinden neoliberalizmin insan kavray\u0131\u015f\u0131na uzanan tarihsel ara\u015ft\u0131rmalar\u0131, hakikat ile \u00f6zne aras\u0131ndaki ili\u015fkinin bi\u00e7imlerini sorgulayarak ortaya koyuyor.\u0130stanbul Bilgi \u00dcniversitesi Yay\u0131nlar\u0131, Fransa\u2019da 1999\u2019dan itibaren yay\u0131nlanan, bir\u00e7ok yeni ara\u015ft\u0131rma i\u00e7in \u00e7\u0131k\u0131\u015f noktas\u0131 olu\u015fturan ve Foucault\u2019nun d\u00fc\u015f\u00fcncesinin al\u0131mlanmas\u0131nda bir d\u00f6n\u00fcm noktas\u0131 haline gelen bu dersleri, T\u00fcrk\u00e7e bask\u0131s\u0131 i\u00e7in yaz\u0131lan yeni \u00f6ns\u00f6zlerle birlikte yay\u0131nl\u0131yor. Foucault\u2019nun \u00f6l\u00fcm\u00fcnden bir ka\u00e7 ay \u00f6nce verdi\u011fi bu son ders, ayn\u0131 zamanda d\u00fc\u015f\u00fcn\u00fcr\u00fcn bir t\u00fcr felsefi vasiyetnamesi gibi de okunabilir. Bir yandan, daha \u00f6nceki y\u0131llarda ba\u015flayan parrh\u00easia kavram\u0131n\u0131n analizi, Antik Yunan\u2019da do\u011fruyu s\u00f6yleme bi\u00e7imlerinin genel bir analizine d\u00f6n\u00fc\u015f\u00fcr. Di\u011fer yandan, Foucault Yunan d\u00fc\u015f\u00fcncesinin \u00f6l\u00fcm kar\u015f\u0131s\u0131ndaki tutumunu ve kendilik kayg\u0131s\u0131n\u0131 ele alarak bu dersi \u201cfelsefi ya\u015fam\u201d hakk\u0131nda bir \u00e7al\u0131\u015fma haline getirir.\u201cHem size hem de kendime g\u00f6stermek istedig\u0306im s\u0327ey s\u0327uydu: nas\u0131l oldu da Sokrates\u00e7i parr\u00easia\u2019n\u0131n ortaya \u00e7\u0131k\u0131s\u0327\u0131yla ve temellenmesiyle birlikte varolus\u0327 (bios) Yunan d\u00fcs\u0327\u00fcncesinde bir estetik nesne olarak, estetik d\u00f6n\u00fcs\u0327t\u00fcrme \u00e7abas\u0131n\u0131n ve estetik alg\u0131n\u0131n nesnesi olarak, \u2018g\u00fczel bir eser\u2019 olarak ins\u0327a edildi? Burada \u00e7ok zengin tarihsel bir alan a\u00e7\u0131l\u0131yor \u00f6n\u00fcm\u00fczde. Elbette ruhun metafizig\u0306inin tarihi yap\u0131lmal\u0131. Fakat ayn\u0131 s\u0327ekilde varolus\u0327un tarzbilgisinin tarihi de ve m\u00fcmk\u00fcn bir g\u00fczellik olarak yas\u0327am\u0131n tarihi de yap\u0131lmal\u0131 ki bu da ruhun metafizig\u0306inin tarihinin dig\u0306er y\u00fcz\u00fcn\u00fc ve alternatifini tes\u0327kil eder.\u201d (29 \u015eubat 1984 dersi) <\/p>\n","protected":false},"excerpt":{"rendered":"<p>Michel Foucault\u2019nun 1970-1984 aras\u203anda Coll\u00e8ge de France\u2019taki \u201cD\u00fc\u015f\u00fcnce Sistemleri Tarihi\u201d ba\u015fl\u0131kl\u0131 k\u00fcrs\u00fcs\u00fcnde verdi\u011fi bu derslerde, d\u00fc\u015f\u00fcn\u00fcr\u00fcn elindeki tarihsel materyalleri nas\u0131l i\u015fledi\u011fine, felsefeyle tarih aras\u0131ndaki ba\u011flar\u0131 nasl<span class=\"excerpt-hellip\"> [\u2026]<\/span><\/p>\n","protected":false},"featured_media":0,"template":"","meta":{"_monsterinsights_skip_tracking":false,"_monsterinsights_sitenote_active":false,"_monsterinsights_sitenote_note":"","_monsterinsights_sitenote_category":0},"product_brand":[],"product_cat":[16038,12388],"product_tag":[],"class_list":{"0":"post-712402","1":"product","2":"type-product","3":"status-publish","5":"product_cat-arastirma-inceleme-referans-felsefe","6":"product_cat-felsefe","7":"pa_cilt-ciltsiz","8":"pa_tur-kitap","9":"pa_yayinevi-istanbul-bilgi-universitesi-yayinlari","10":"pa_yazar-michel-foucault","12":"first","13":"instock","14":"sale","15":"shipping-taxable","16":"purchasable","17":"product-type-simple"},"_links":{"self":[{"href":"https:\/\/roveyayinevi.com.tr\/index.php\/wp-json\/wp\/v2\/product\/712402","targetHints":{"allow":["GET"]}}],"collection":[{"href":"https:\/\/roveyayinevi.com.tr\/index.php\/wp-json\/wp\/v2\/product"}],"about":[{"href":"https:\/\/roveyayinevi.com.tr\/index.php\/wp-json\/wp\/v2\/types\/product"}],"wp:attachment":[{"href":"https:\/\/roveyayinevi.com.tr\/index.php\/wp-json\/wp\/v2\/media?parent=712402"}],"wp:term":[{"taxonomy":"product_brand","embeddable":true,"href":"https:\/\/roveyayinevi.com.tr\/index.php\/wp-json\/wp\/v2\/product_brand?post=712402"},{"taxonomy":"product_cat","embeddable":true,"href":"https:\/\/roveyayinevi.com.tr\/index.php\/wp-json\/wp\/v2\/product_cat?post=712402"},{"taxonomy":"product_tag","embeddable":true,"href":"https:\/\/roveyayinevi.com.tr\/index.php\/wp-json\/wp\/v2\/product_tag?post=712402"}],"curies":[{"name":"wp","href":"https:\/\/api.w.org\/{rel}","templated":true}]}}