{"id":712400,"date":"2025-08-27T16:55:21","date_gmt":"2025-08-27T13:55:21","guid":{"rendered":"https:\/\/roveyayinevi.com.tr\/index.php\/urun\/kipir-kipir-bir-hayal\/"},"modified":"2026-04-16T02:20:59","modified_gmt":"2026-04-15T23:20:59","slug":"kipir-kipir-bir-hayal","status":"publish","type":"product","link":"https:\/\/roveyayinevi.com.tr\/index.php\/urun\/kipir-kipir-bir-hayal\/","title":{"rendered":"K\u0131p\u0131r K\u0131p\u0131r Bir Hayal"},"content":{"rendered":"<p>Akl\u0131m\u0131za bir fikir geldi\u2026 Bir hayal, bir yenilik\u2026 Ne oldu\u011funu nas\u0131l anlatmal\u0131? Ya insanlar bu hayali anlamazsa\u2026 Ba\u015fak A\u011fao\u011flu, k\u0131p\u0131r k\u0131p\u0131r, yerinde duramayan bir hayali anlat\u0131yor. Ne\u015feli, c\u0131v\u0131l c\u0131v\u0131l, nefes nefese\u2026 <\/p>\n","protected":false},"excerpt":{"rendered":"<p>Akl\u0131m\u0131za bir fikir geldi\u2026 Bir hayal, bir yenilik\u2026 Ne oldu\u011funu nas\u0131l anlatmal\u0131? Ya insanlar bu hayali anlamazsa\u2026 Ba\u015fak A\u011fao\u011flu, k\u0131p\u0131r k\u0131p\u0131r, yerinde duramayan bir hayali anlat\u0131yor.<span class=\"excerpt-hellip\"> [\u2026]<\/span><\/p>\n","protected":false},"featured_media":0,"template":"","meta":{"_monsterinsights_skip_tracking":false,"_monsterinsights_sitenote_active":false,"_monsterinsights_sitenote_note":"","_monsterinsights_sitenote_category":0},"product_brand":[],"product_cat":[12913,12274],"product_tag":[],"class_list":{"0":"post-712400","1":"product","2":"type-product","3":"status-publish","5":"product_cat-3-6-yas-kitaplari","6":"product_cat-cocuk-ve-genclik-kitaplari","7":"pa_cilt-ciltsiz","8":"pa_tur-kitap","9":"pa_yayinevi-iletisim-yayinlari","10":"pa_yazar-basak-agaoglu","12":"first","13":"instock","14":"sale","15":"shipping-taxable","16":"purchasable","17":"product-type-simple"},"_links":{"self":[{"href":"https:\/\/roveyayinevi.com.tr\/index.php\/wp-json\/wp\/v2\/product\/712400","targetHints":{"allow":["GET"]}}],"collection":[{"href":"https:\/\/roveyayinevi.com.tr\/index.php\/wp-json\/wp\/v2\/product"}],"about":[{"href":"https:\/\/roveyayinevi.com.tr\/index.php\/wp-json\/wp\/v2\/types\/product"}],"wp:attachment":[{"href":"https:\/\/roveyayinevi.com.tr\/index.php\/wp-json\/wp\/v2\/media?parent=712400"}],"wp:term":[{"taxonomy":"product_brand","embeddable":true,"href":"https:\/\/roveyayinevi.com.tr\/index.php\/wp-json\/wp\/v2\/product_brand?post=712400"},{"taxonomy":"product_cat","embeddable":true,"href":"https:\/\/roveyayinevi.com.tr\/index.php\/wp-json\/wp\/v2\/product_cat?post=712400"},{"taxonomy":"product_tag","embeddable":true,"href":"https:\/\/roveyayinevi.com.tr\/index.php\/wp-json\/wp\/v2\/product_tag?post=712400"}],"curies":[{"name":"wp","href":"https:\/\/api.w.org\/{rel}","templated":true}]}}