{"id":712399,"date":"2025-08-27T16:55:21","date_gmt":"2025-08-27T13:55:21","guid":{"rendered":"https:\/\/roveyayinevi.com.tr\/index.php\/urun\/suriyeli-gocu\/"},"modified":"2026-04-16T02:20:59","modified_gmt":"2026-04-15T23:20:59","slug":"suriyeli-gocu","status":"publish","type":"product","link":"https:\/\/roveyayinevi.com.tr\/index.php\/urun\/suriyeli-gocu\/","title":{"rendered":"Suriyeli G\u00f6\u00e7\u00fc"},"content":{"rendered":"<p>Arap Bahar\u0131\u2019n\u0131n T\u00fcrkiye&#8217;ye en b\u00fcy\u00fck faturas\u0131 Suriyeli s\u0131\u011f\u0131nmac\u0131lar&#8230; \u00dclkemizde say\u0131lar\u0131 3,5 milyona yakla\u015ft\u0131&#8230; N\u00fcfuslar\u0131 y\u00fcksek do\u011fum oran\u0131yla h\u0131zla art\u0131yor&#8230; Kilis\u2019teki s\u0131\u011f\u0131nmac\u0131 n\u00fcfusu, yerli n\u00fcfusun \u00f6n\u00fcne ge\u00e7mi\u015f durumda\u2026 Mazlumlara her zaman elini uzatan T\u00fcrk milleti, Suriye&#8217;de sava\u015ftan ka\u00e7an s\u0131\u011f\u0131nmac\u0131lara kuca\u011f\u0131n\u0131 hi\u00e7 d\u00fc\u015f\u00fcnmeden a\u00e7t\u0131. P\u0131trak dikeni gibi T\u00fcrkiye\u2019nin her bir k\u00f6\u015fesine da\u011f\u0131lan Suriyeliler; yar\u0131 a\u00e7 yar\u0131 tok ya\u015famak zorunda kald\u0131lar, dilencilik yapt\u0131lar, ucuz i\u015f g\u00fcc\u00fc olarak kullan\u0131ld\u0131lar, fuhu\u015f batakl\u0131\u011f\u0131na s\u00fcr\u00fcklendiler. Madalyonun \u00f6b\u00fcr y\u00fcz\u00fcnde ise Suriyelilerin kurdu\u011fu organize su\u00e7 \u015febekeleri var. Krizin ba\u015flar\u0131nda \u201cetkilenen\u201d konumunda olan Suriyeliler, 2011\u2019den sonra T\u00fcrkiye\u2019nin toplumsal denklemi i\u00e7erisinde \u00f6nemli bir \u201cetkileyen\u201d konumuna geldiler. T\u0131pk\u0131 Afganlar\u0131n \u00fclkelerindeki sava\u015ftan ka\u00e7arak Pakistan&#8217;a g\u00f6\u00e7 etmeleriyle ba\u015flayan s\u00fcre\u00e7te oldu\u011fu gibi\u2026 S\u0131\u011f\u0131nmac\u0131lar\u0131n T\u00fcrkiye\u2019de ge\u00e7irdi\u011fi yedi y\u0131l i\u00e7inde ortaya \u00e7\u0131kan sorunlar ve bu sorunlar\u0131n b\u00fcy\u00fcme e\u011filimi, k\u00fcresel oyun kurucular\u0131n fazlas\u0131yla i\u015fine geliyor. T\u00fcrk toplumu, s\u0131\u011f\u0131nmac\u0131lar \u00fczerinden siyasal, ekonomik, k\u00fclt\u00fcrel, etnik ve mezhepsel a\u00e7\u0131dan ne kadar \u00e7ok erozyona u\u011frat\u0131l\u0131rsa, ne kadar \u00e7ok ayr\u0131\u015ft\u0131r\u0131l\u0131p par\u00e7alan\u0131rsa bu durum, o kadar \u00e7ok k\u00fcresel oyun kurucular\u0131n \u00e7\u0131karlar\u0131na hizmet edecek. Gelinen noktada &#8220;Suriyeli G\u00f6\u00e7\u00fc&#8221; T\u00fcrkiye i\u00e7in bir ulusal g\u00fcvenlik ve gelecek tehdidine d\u00f6n\u00fc\u015ft\u00fc.  Kitapta, T\u00fcrkiye\u2019nin \u00f6n\u00fcndeki bu tuza\u011fa dikkat \u00e7ekiyoruz! <\/p>\n","protected":false},"excerpt":{"rendered":"<p>Arap Bahar\u0131\u2019n\u0131n T\u00fcrkiye&#8217;ye en b\u00fcy\u00fck faturas\u0131 Suriyeli s\u0131\u011f\u0131nmac\u0131lar&#8230; \u00dclkemizde say\u0131lar\u0131 3,5 milyona yakla\u015ft\u0131&#8230; N\u00fcfuslar\u0131 y\u00fcksek do\u011fum oran\u0131yla h\u0131zla art\u0131yor&#8230; Kilis\u2019teki s\u0131\u011f\u0131nmac\u0131 n\u00fcfusu, yerli n\u00fcfusun \u00f6n\u00fcne ge\u00e7mi\u015f<span class=\"excerpt-hellip\"> [\u2026]<\/span><\/p>\n","protected":false},"featured_media":0,"template":"","meta":{"_monsterinsights_skip_tracking":false,"_monsterinsights_sitenote_active":false,"_monsterinsights_sitenote_note":"","_monsterinsights_sitenote_category":0},"product_brand":[],"product_cat":[13590,12337],"product_tag":[],"class_list":{"0":"post-712399","1":"product","2":"type-product","3":"status-publish","5":"product_cat-arastirma-inceleme-politika-siyaset","6":"product_cat-politika-siyaset","7":"pa_cilt-ciltsiz","8":"pa_tur-kitap","9":"pa_yayinevi-kripto-basim-yayin","10":"pa_yazar-bahadir-selim-dilek","12":"first","13":"instock","14":"sale","15":"shipping-taxable","16":"purchasable","17":"product-type-simple"},"_links":{"self":[{"href":"https:\/\/roveyayinevi.com.tr\/index.php\/wp-json\/wp\/v2\/product\/712399","targetHints":{"allow":["GET"]}}],"collection":[{"href":"https:\/\/roveyayinevi.com.tr\/index.php\/wp-json\/wp\/v2\/product"}],"about":[{"href":"https:\/\/roveyayinevi.com.tr\/index.php\/wp-json\/wp\/v2\/types\/product"}],"wp:attachment":[{"href":"https:\/\/roveyayinevi.com.tr\/index.php\/wp-json\/wp\/v2\/media?parent=712399"}],"wp:term":[{"taxonomy":"product_brand","embeddable":true,"href":"https:\/\/roveyayinevi.com.tr\/index.php\/wp-json\/wp\/v2\/product_brand?post=712399"},{"taxonomy":"product_cat","embeddable":true,"href":"https:\/\/roveyayinevi.com.tr\/index.php\/wp-json\/wp\/v2\/product_cat?post=712399"},{"taxonomy":"product_tag","embeddable":true,"href":"https:\/\/roveyayinevi.com.tr\/index.php\/wp-json\/wp\/v2\/product_tag?post=712399"}],"curies":[{"name":"wp","href":"https:\/\/api.w.org\/{rel}","templated":true}]}}