{"id":712398,"date":"2025-08-27T16:55:20","date_gmt":"2025-08-27T13:55:20","guid":{"rendered":"https:\/\/roveyayinevi.com.tr\/index.php\/urun\/aysenaz-ablalik-yapiyor\/"},"modified":"2026-04-16T02:20:59","modified_gmt":"2026-04-15T23:20:59","slug":"aysenaz-ablalik-yapiyor","status":"publish","type":"product","link":"https:\/\/roveyayinevi.com.tr\/index.php\/urun\/aysenaz-ablalik-yapiyor\/","title":{"rendered":"Ay\u015fenaz Ablal\u0131k Yap\u0131yor"},"content":{"rendered":"<p>Ay\u015fenaz, bu kitapta kuzeni ile oyunlar oynarken ona ablal\u0131k yapmaya \u00e7al\u0131\u015f\u0131yor. Her sayfas\u0131nda farkl\u0131 meselkleri g\u00f6steren bu kitapta sizce hangi meslek daha e\u011flenceli g\u00f6z\u00fck\u00fcyor. <\/p>\n","protected":false},"excerpt":{"rendered":"<p>Ay\u015fenaz, bu kitapta kuzeni ile oyunlar oynarken ona ablal\u0131k yapmaya \u00e7al\u0131\u015f\u0131yor. Her sayfas\u0131nda farkl\u0131 meselkleri g\u00f6steren bu kitapta sizce hangi meslek daha e\u011flenceli g\u00f6z\u00fck\u00fcyor.<\/p>\n","protected":false},"featured_media":0,"template":"","meta":{"_monsterinsights_skip_tracking":false,"_monsterinsights_sitenote_active":false,"_monsterinsights_sitenote_note":"","_monsterinsights_sitenote_category":0},"product_brand":[],"product_cat":[12274,12523],"product_tag":[],"class_list":{"0":"post-712398","1":"product","2":"type-product","3":"status-publish","5":"product_cat-cocuk-ve-genclik-kitaplari","6":"product_cat-masallar","7":"pa_cilt-ciltsiz","8":"pa_tur-kitap","9":"pa_yayinevi-profil-kitap","10":"pa_yazar-kubra-cifci","12":"first","13":"instock","14":"sale","15":"shipping-taxable","16":"purchasable","17":"product-type-simple"},"_links":{"self":[{"href":"https:\/\/roveyayinevi.com.tr\/index.php\/wp-json\/wp\/v2\/product\/712398","targetHints":{"allow":["GET"]}}],"collection":[{"href":"https:\/\/roveyayinevi.com.tr\/index.php\/wp-json\/wp\/v2\/product"}],"about":[{"href":"https:\/\/roveyayinevi.com.tr\/index.php\/wp-json\/wp\/v2\/types\/product"}],"wp:attachment":[{"href":"https:\/\/roveyayinevi.com.tr\/index.php\/wp-json\/wp\/v2\/media?parent=712398"}],"wp:term":[{"taxonomy":"product_brand","embeddable":true,"href":"https:\/\/roveyayinevi.com.tr\/index.php\/wp-json\/wp\/v2\/product_brand?post=712398"},{"taxonomy":"product_cat","embeddable":true,"href":"https:\/\/roveyayinevi.com.tr\/index.php\/wp-json\/wp\/v2\/product_cat?post=712398"},{"taxonomy":"product_tag","embeddable":true,"href":"https:\/\/roveyayinevi.com.tr\/index.php\/wp-json\/wp\/v2\/product_tag?post=712398"}],"curies":[{"name":"wp","href":"https:\/\/api.w.org\/{rel}","templated":true}]}}