{"id":712396,"date":"2025-08-27T16:55:19","date_gmt":"2025-08-27T13:55:19","guid":{"rendered":"https:\/\/roveyayinevi.com.tr\/index.php\/urun\/cinko-cocuklar\/"},"modified":"2026-03-06T02:28:19","modified_gmt":"2026-03-05T23:28:19","slug":"cinko-cocuklar","status":"publish","type":"product","link":"https:\/\/roveyayinevi.com.tr\/index.php\/urun\/cinko-cocuklar\/","title":{"rendered":"\u00c7inko \u00c7ocuklar"},"content":{"rendered":"<p>\u201cGeceler korkun\u00e7, \u00e7\u00fcnk\u00fc g\u00f6r\u00fcyorum&#8230; R\u00fcyada k\u00f6r de\u011filim ki\u2026\u201d 2015 Nobel Edebiyat \u00d6d\u00fcl\u00fc\u2019n\u00fcn sahibi Svetlana Aleksiyevi\u00e7\u2019in \u00f6nemli eserlerinden \u00c7inko \u00c7ocuklar, SSCB-Afgan Sava\u015f\u0131 s\u0131ras\u0131nda ve sonras\u0131nda ya\u015fananlara dair etkileyici bir s\u00f6zl\u00fc tarih \u00e7al\u0131\u015fmas\u0131\u2026 \u0130sve\u00e7 Akademisi, Svetlana Aleksiyevi\u00e7\u2019e Nobel \u00d6d\u00fcl\u00fc verdi\u011finde yazar\u0131n \u201cyeni bir edebi t\u00fcr\u201d yaratt\u0131\u011f\u0131n\u0131 belirtmi\u015f, eserlerini de \u201cduygular\u0131n ve ruhun bir tarihi\u201d s\u00f6zc\u00fckleriyle betimlemi\u015fti. Aleksiyevi\u00e7 uzun bireysel monologlar\u0131 farkl\u0131 seslerin duyuldu\u011fu bir kolaja d\u00f6n\u00fc\u015ft\u00fcren \u00f6zg\u00fcn dok\u00fcmanter tarz\u0131yla, kendilerine nadiren konu\u015fma f\u0131rsat\u0131 verilen, ya\u015fant\u0131lar\u0131 da \u00e7o\u011fu zaman \u00fclkenin resmi tarihine kar\u0131\u015farak yitip giden sokaktaki insanlar\u0131n hik\u00e2yelerini kay\u0131t alt\u0131na al\u0131yor. \u00c7inko \u00c7ocuklar\u2019da Aleksiyevi\u00e7 1979 ile 1989 aras\u0131nda on y\u0131l kadar s\u00fcren, Sovyetler Birli\u011fi\u2019nin \u00e7\u00f6k\u00fc\u015f\u00fcndeki en b\u00fcy\u00fck etkenlerden biri olan ve 15.000\u2019e yak\u0131n Sovyet askerinin \u00f6lmesine, on binlercesinin yaralanmas\u0131na, Afganistan taraf\u0131nda da \u00e7ok b\u00fcy\u00fck kay\u0131plara yol a\u00e7an Sovyet-Afgan Sava\u015f\u0131\u2019n\u0131 merkeze alarak bu sava\u015fta sava\u015fm\u0131\u015f 500.000\u2019i a\u015fk\u0131n Sovyet ke\u015fif erinin, piyadenin, pilotun, subay\u0131n, cephe gerisindeki hastanelerde g\u00f6rev yapm\u0131\u015f cerrahlar\u0131n, hem\u015firelerin bireysel tan\u0131kl\u0131klar\u0131na ve sava\u015f t\u00fcm hararetiyle devam ederken Sovyetler\u2019de evlatlar\u0131n\u0131n, babalar\u0131n\u0131n, e\u015flerinin sa\u011f salim geri d\u00f6n\u00fc\u015f\u00fcn\u00fc hasretle beklemi\u015f olan annelerin, e\u015flerin, evlatlar\u0131n ac\u0131lar\u0131na, trajedilerine ses veriyor. Eserin son k\u0131sm\u0131ndaysa, Aleksiyevi\u00e7 bu kitap y\u00fcz\u00fcnden \u201conur ve haysiyetlerinin\u201d hakarete u\u011frad\u0131\u011f\u0131n\u0131 s\u00f6yleyen tan\u0131klar\u0131n\u0131n sonradan kendisi aleyhinde a\u00e7t\u0131\u011f\u0131 davadan \u00e7arp\u0131c\u0131 b\u00f6l\u00fcmler sunuyor. \u00c7inko \u00c7ocuklar sava\u015f\u0131n say\u0131lardan ibaret olan \u201ckay\u0131plar\u0131n\u0131\u201d birer birey olarak; hayalleri, \u00fcmitleri, sevenleri, sevdikleri olan bireyler olarak tekrar ortaya \u00e7\u0131kar\u0131rken, yurtlar\u0131na \u00e7inko tabutlarda g\u00f6nderilmi\u015f olan \u201ckahramanlara\u201d insanl\u0131klar\u0131n\u0131 geri veriyor. <\/p>\n","protected":false},"excerpt":{"rendered":"<p>\u201cGeceler korkun\u00e7, \u00e7\u00fcnk\u00fc g\u00f6r\u00fcyorum&#8230; R\u00fcyada k\u00f6r de\u011filim ki\u2026\u201d 2015 Nobel Edebiyat \u00d6d\u00fcl\u00fc\u2019n\u00fcn sahibi Svetlana Aleksiyevi\u00e7\u2019in \u00f6nemli eserlerinden \u00c7inko \u00c7ocuklar, SSCB-Afgan Sava\u015f\u0131 s\u0131ras\u0131nda ve sonras\u0131nda ya\u015fananlara dair<span class=\"excerpt-hellip\"> [\u2026]<\/span><\/p>\n","protected":false},"featured_media":0,"template":"","meta":{"_monsterinsights_skip_tracking":false,"_monsterinsights_sitenote_active":false,"_monsterinsights_sitenote_note":"","_monsterinsights_sitenote_category":0},"product_brand":[],"product_cat":[13701,12291],"product_tag":[],"class_list":{"0":"post-712396","1":"product","2":"type-product","3":"status-publish","5":"product_cat-ani-mektup-gunluk","6":"product_cat-edebiyat","7":"pa_cilt-ciltsiz","8":"pa_tur-kitap","9":"pa_yayinevi-kafka-yayinevi","10":"pa_yazar-svetlana-aleksiyevic","12":"first","13":"instock","14":"sale","15":"shipping-taxable","16":"purchasable","17":"product-type-simple"},"_links":{"self":[{"href":"https:\/\/roveyayinevi.com.tr\/index.php\/wp-json\/wp\/v2\/product\/712396","targetHints":{"allow":["GET"]}}],"collection":[{"href":"https:\/\/roveyayinevi.com.tr\/index.php\/wp-json\/wp\/v2\/product"}],"about":[{"href":"https:\/\/roveyayinevi.com.tr\/index.php\/wp-json\/wp\/v2\/types\/product"}],"wp:attachment":[{"href":"https:\/\/roveyayinevi.com.tr\/index.php\/wp-json\/wp\/v2\/media?parent=712396"}],"wp:term":[{"taxonomy":"product_brand","embeddable":true,"href":"https:\/\/roveyayinevi.com.tr\/index.php\/wp-json\/wp\/v2\/product_brand?post=712396"},{"taxonomy":"product_cat","embeddable":true,"href":"https:\/\/roveyayinevi.com.tr\/index.php\/wp-json\/wp\/v2\/product_cat?post=712396"},{"taxonomy":"product_tag","embeddable":true,"href":"https:\/\/roveyayinevi.com.tr\/index.php\/wp-json\/wp\/v2\/product_tag?post=712396"}],"curies":[{"name":"wp","href":"https:\/\/api.w.org\/{rel}","templated":true}]}}