{"id":712395,"date":"2025-08-27T16:55:18","date_gmt":"2025-08-27T13:55:18","guid":{"rendered":"https:\/\/roveyayinevi.com.tr\/index.php\/urun\/denizde-sayilar\/"},"modified":"2026-04-16T02:20:59","modified_gmt":"2026-04-15T23:20:59","slug":"denizde-sayilar","status":"publish","type":"product","link":"https:\/\/roveyayinevi.com.tr\/index.php\/urun\/denizde-sayilar\/","title":{"rendered":"Denizde Say\u0131lar"},"content":{"rendered":"<p>Say\u0131lar\u0131 \u00f6\u011frenmek art\u0131k \u00e7ok kolay! \u00dcstelik e\u011flenerek\u2026  Keyifli bir \u00f6yk\u00fc e\u015fli\u011finde \u00e7ocuklara alfabeyi \u00f6\u011freten Ormanda Alfabe kitab\u0131n\u0131n yarat\u0131c\u0131lar\u0131 Didem \u00dcnal ve O\u011fuz Demir, bu kez \u00e7ocuklar\u0131 say\u0131lar\u0131n hareketli d\u00fcnyas\u0131na davet ediyor.Denizde Say\u0131lar, 1&#8217;den ba\u015flay\u0131p 20&#8217;ye kadar uzanan say\u0131lar\u0131, kitab\u0131n sayfalar\u0131nda sakl\u0131 s\u00fcrpriz oyunlarla bulu\u015fturarak denizde ge\u00e7en e\u011flenceli bir \u00f6yk\u00fc anlat\u0131yor.5 ya\u015f ve \u00fczeri okurlara hitap eden oyun tad\u0131ndaki bu e\u011flenceli kitap, say\u0131lar\u0131 bir \u00f6yk\u00fc e\u015fli\u011finde tan\u0131t\u0131rken i\u00e7indeki ipu\u00e7lar\u0131yla dikkat alg\u0131s\u0131n\u0131 g\u00fc\u00e7lendiriyor.Renkli \u00f6yk\u00fcs\u00fc ile farkl\u0131la\u015fan Denizde Say\u0131lar, her sayfada yeni bir g\u00f6rselin eklenmesiyle miniklerin hayal g\u00fc\u00e7lerini zenginle\u015ftiriyor. A\u011fa tak\u0131lm\u0131\u015f deniz canl\u0131lar\u0131n m\u00fccadelesinin anlat\u0131ld\u0131\u011f\u0131 kitap, \u201c1\u201d deniz feneri ile ba\u015flay\u0131p,\u201c20&#8243; denizat\u0131\u201d ile tamamlan\u0131yor. Ritmik bir anlat\u0131mla ilerleyen Denizde Say\u0131lar&#8217;\u0131n sonunda ortaya \u00e7\u0131kan deniz tablosu ile \u00e7ocuklar\u0131n yarat\u0131c\u0131 d\u00fc\u015f\u00fcnme becerileri geli\u015firken, kitab\u0131n son b\u00f6l\u00fcm\u00fcnde etkinlik sayfalar\u0131 yer al\u0131yor. Ke\u015fiflerle dolu hik\u00e2yesi ve zengin g\u00f6rselleriyle Denizde Say\u0131lar, miniklere say\u0131lar\u0131n d\u00fcnyas\u0131n\u0131n kap\u0131lar\u0131n\u0131 e\u011flenceli bir oyunla aral\u0131yor. <\/p>\n","protected":false},"excerpt":{"rendered":"<p>Say\u0131lar\u0131 \u00f6\u011frenmek art\u0131k \u00e7ok kolay! \u00dcstelik e\u011flenerek\u2026 Keyifli bir \u00f6yk\u00fc e\u015fli\u011finde \u00e7ocuklara alfabeyi \u00f6\u011freten Ormanda Alfabe kitab\u0131n\u0131n yarat\u0131c\u0131lar\u0131 Didem \u00dcnal ve O\u011fuz Demir, bu kez \u00e7ocuklar\u0131<span class=\"excerpt-hellip\"> [\u2026]<\/span><\/p>\n","protected":false},"featured_media":0,"template":"","meta":{"_monsterinsights_skip_tracking":false,"_monsterinsights_sitenote_active":false,"_monsterinsights_sitenote_note":"","_monsterinsights_sitenote_category":0},"product_brand":[],"product_cat":[12275,12274],"product_tag":[],"class_list":{"0":"post-712395","1":"product","2":"type-product","3":"status-publish","5":"product_cat-6-12-yas-kitaplari","6":"product_cat-cocuk-ve-genclik-kitaplari","7":"pa_cilt-ciltsiz","8":"pa_tur-kitap","9":"pa_yayinevi-ucanbalik-yayincilik","10":"pa_yazar-didem-unal-oguz-demir","12":"first","13":"instock","14":"sale","15":"shipping-taxable","16":"purchasable","17":"product-type-simple"},"_links":{"self":[{"href":"https:\/\/roveyayinevi.com.tr\/index.php\/wp-json\/wp\/v2\/product\/712395","targetHints":{"allow":["GET"]}}],"collection":[{"href":"https:\/\/roveyayinevi.com.tr\/index.php\/wp-json\/wp\/v2\/product"}],"about":[{"href":"https:\/\/roveyayinevi.com.tr\/index.php\/wp-json\/wp\/v2\/types\/product"}],"wp:attachment":[{"href":"https:\/\/roveyayinevi.com.tr\/index.php\/wp-json\/wp\/v2\/media?parent=712395"}],"wp:term":[{"taxonomy":"product_brand","embeddable":true,"href":"https:\/\/roveyayinevi.com.tr\/index.php\/wp-json\/wp\/v2\/product_brand?post=712395"},{"taxonomy":"product_cat","embeddable":true,"href":"https:\/\/roveyayinevi.com.tr\/index.php\/wp-json\/wp\/v2\/product_cat?post=712395"},{"taxonomy":"product_tag","embeddable":true,"href":"https:\/\/roveyayinevi.com.tr\/index.php\/wp-json\/wp\/v2\/product_tag?post=712395"}],"curies":[{"name":"wp","href":"https:\/\/api.w.org\/{rel}","templated":true}]}}