{"id":712394,"date":"2025-08-27T16:55:17","date_gmt":"2025-08-27T13:55:17","guid":{"rendered":"https:\/\/roveyayinevi.com.tr\/index.php\/urun\/bulutlar-ortmese-gunesi\/"},"modified":"2026-04-16T02:20:59","modified_gmt":"2026-04-15T23:20:59","slug":"bulutlar-ortmese-gunesi","status":"publish","type":"product","link":"https:\/\/roveyayinevi.com.tr\/index.php\/urun\/bulutlar-ortmese-gunesi\/","title":{"rendered":"Bulutlar \u00d6rtmese G\u00fcne\u015fi"},"content":{"rendered":"<p>\u00c7ok sevgili okur!G\u00f6khan Ak\u00e7i\u00e7ek, ya\u015fanm\u0131\u015f duygular\u0131n \u015fairidir. \u00c7ocuklar\u0131n ya\u015fad\u0131\u011f\u0131 ac\u0131lar\u0131, sevin\u00e7leri, \u00fcz\u00fcnt\u00fc ve mutluluklar\u0131 bir ressam nas\u0131l renklerle anlat\u0131rsa \u015fair de s\u00f6zc\u00fcklerle \u00f6yle anlat\u0131r \u00e7ocuklara.\u015eiirlerindeki s\u00f6zc\u00fckler renktir, duygudur, ezgidir. Bu \u015fiirleri okuyan \u00e7ocuklar renklerle, duygularla ve ezgilerle yolculu\u011fa \u00e7\u0131kar \u015fairle.Bulutlar \u00d6rtmese G\u00fcne\u015fi kitab\u0131n\u0131 Mustafa Ruhi \u015eirin\u2019in tan\u0131t\u0131m yaz\u0131s\u0131 ile birlikte okuman\u0131z ve Mustafa Delio\u011flu\u2019nun resimleri ile \u00e7ocuk \u00fclkesine yolculu\u011fa \u00e7\u0131kman\u0131z dile\u011fiyle. <\/p>\n","protected":false},"excerpt":{"rendered":"<p>\u00c7ok sevgili okur!G\u00f6khan Ak\u00e7i\u00e7ek, ya\u015fanm\u0131\u015f duygular\u0131n \u015fairidir. \u00c7ocuklar\u0131n ya\u015fad\u0131\u011f\u0131 ac\u0131lar\u0131, sevin\u00e7leri, \u00fcz\u00fcnt\u00fc ve mutluluklar\u0131 bir ressam nas\u0131l renklerle anlat\u0131rsa \u015fair de s\u00f6zc\u00fcklerle \u00f6yle anlat\u0131r \u00e7ocuklara.\u015eiirlerindeki s\u00f6zc\u00fckler<span class=\"excerpt-hellip\"> [\u2026]<\/span><\/p>\n","protected":false},"featured_media":0,"template":"","meta":{"_monsterinsights_skip_tracking":false,"_monsterinsights_sitenote_active":false,"_monsterinsights_sitenote_note":"","_monsterinsights_sitenote_category":0},"product_brand":[],"product_cat":[12274,12631],"product_tag":[],"class_list":{"0":"post-712394","1":"product","2":"type-product","3":"status-publish","5":"product_cat-cocuk-ve-genclik-kitaplari","6":"product_cat-diger-cocuk-ve-genclik-kitaplari","7":"pa_cilt-ciltsiz","8":"pa_tur-kitap","9":"pa_yayinevi-ucan-at","10":"pa_yazar-gokhan-akcicek","12":"first","13":"instock","14":"sale","15":"shipping-taxable","16":"purchasable","17":"product-type-simple"},"_links":{"self":[{"href":"https:\/\/roveyayinevi.com.tr\/index.php\/wp-json\/wp\/v2\/product\/712394","targetHints":{"allow":["GET"]}}],"collection":[{"href":"https:\/\/roveyayinevi.com.tr\/index.php\/wp-json\/wp\/v2\/product"}],"about":[{"href":"https:\/\/roveyayinevi.com.tr\/index.php\/wp-json\/wp\/v2\/types\/product"}],"wp:attachment":[{"href":"https:\/\/roveyayinevi.com.tr\/index.php\/wp-json\/wp\/v2\/media?parent=712394"}],"wp:term":[{"taxonomy":"product_brand","embeddable":true,"href":"https:\/\/roveyayinevi.com.tr\/index.php\/wp-json\/wp\/v2\/product_brand?post=712394"},{"taxonomy":"product_cat","embeddable":true,"href":"https:\/\/roveyayinevi.com.tr\/index.php\/wp-json\/wp\/v2\/product_cat?post=712394"},{"taxonomy":"product_tag","embeddable":true,"href":"https:\/\/roveyayinevi.com.tr\/index.php\/wp-json\/wp\/v2\/product_tag?post=712394"}],"curies":[{"name":"wp","href":"https:\/\/api.w.org\/{rel}","templated":true}]}}