{"id":712393,"date":"2025-08-27T16:55:17","date_gmt":"2025-08-27T13:55:17","guid":{"rendered":"https:\/\/roveyayinevi.com.tr\/index.php\/urun\/cucu\/"},"modified":"2026-04-16T02:20:59","modified_gmt":"2026-04-15T23:20:59","slug":"cucu","status":"publish","type":"product","link":"https:\/\/roveyayinevi.com.tr\/index.php\/urun\/cucu\/","title":{"rendered":"C\u00fcc\u00fc"},"content":{"rendered":"<p>\u00c7ok sevgili okur!C\u00fcc\u00fc\u2019de hayal g\u00fcc\u00fc \u00e7ok zengin, merakl\u0131 m\u0131 merakl\u0131 \u00c7a\u011f\u0131l\u2019\u0131nmaceralar\u0131n\u0131 okuyacaks\u0131n. \u201cYaramaz\u201d diyorlar ona ama de\u011fil, birazhareketli bir \u00e7ocuk sadece. Roman\u0131n yazar\u0131 Mustafa Balel onu \u00fcnl\u00fcdenizci, gezgin ve k\u00e2\u015fif Macellan\u2019a benzetiyor. \u00c7a\u011f\u0131l sana benziyorolabilir mi ya da sen \u00c7a\u011f\u0131l\u2019a benziyor olabilir misin? Bunu ancak\u00c7a\u011f\u0131l\u2019la e\u011flenceli bir yolculu\u011fa \u00e7\u0131kt\u0131\u011f\u0131n zaman g\u00f6receksin. O,b\u00fcy\u00fcklerini \u015fa\u015f\u0131rtmay\u0131 seviyor. Sen de seviyor musun?\u00d6yleyse \u00c7a\u011f\u0131l, tam sana g\u00f6re bir arkada\u015f. Bu ilgin\u00e7 roman\u0131 okurken de\u011ferli\u00e7izerimiz Ferit Avc\u0131\u2019n\u0131n \u00e7izgileriyle de bulu\u015fmak sana iyi gelecek. <\/p>\n","protected":false},"excerpt":{"rendered":"<p>\u00c7ok sevgili okur!C\u00fcc\u00fc\u2019de hayal g\u00fcc\u00fc \u00e7ok zengin, merakl\u0131 m\u0131 merakl\u0131 \u00c7a\u011f\u0131l\u2019\u0131nmaceralar\u0131n\u0131 okuyacaks\u0131n. \u201cYaramaz\u201d diyorlar ona ama de\u011fil, birazhareketli bir \u00e7ocuk sadece. Roman\u0131n yazar\u0131 Mustafa Balel onu<span class=\"excerpt-hellip\"> [\u2026]<\/span><\/p>\n","protected":false},"featured_media":0,"template":"","meta":{"_monsterinsights_skip_tracking":false,"_monsterinsights_sitenote_active":false,"_monsterinsights_sitenote_note":"","_monsterinsights_sitenote_category":0},"product_brand":[],"product_cat":[12274,12284],"product_tag":[],"class_list":{"0":"post-712393","1":"product","2":"type-product","3":"status-publish","5":"product_cat-cocuk-ve-genclik-kitaplari","6":"product_cat-hikayeler","7":"pa_cilt-ciltsiz","8":"pa_tur-kitap","9":"pa_yayinevi-ucan-at","10":"pa_yazar-mustafa-balel","12":"first","13":"instock","14":"sale","15":"shipping-taxable","16":"purchasable","17":"product-type-simple"},"_links":{"self":[{"href":"https:\/\/roveyayinevi.com.tr\/index.php\/wp-json\/wp\/v2\/product\/712393","targetHints":{"allow":["GET"]}}],"collection":[{"href":"https:\/\/roveyayinevi.com.tr\/index.php\/wp-json\/wp\/v2\/product"}],"about":[{"href":"https:\/\/roveyayinevi.com.tr\/index.php\/wp-json\/wp\/v2\/types\/product"}],"wp:attachment":[{"href":"https:\/\/roveyayinevi.com.tr\/index.php\/wp-json\/wp\/v2\/media?parent=712393"}],"wp:term":[{"taxonomy":"product_brand","embeddable":true,"href":"https:\/\/roveyayinevi.com.tr\/index.php\/wp-json\/wp\/v2\/product_brand?post=712393"},{"taxonomy":"product_cat","embeddable":true,"href":"https:\/\/roveyayinevi.com.tr\/index.php\/wp-json\/wp\/v2\/product_cat?post=712393"},{"taxonomy":"product_tag","embeddable":true,"href":"https:\/\/roveyayinevi.com.tr\/index.php\/wp-json\/wp\/v2\/product_tag?post=712393"}],"curies":[{"name":"wp","href":"https:\/\/api.w.org\/{rel}","templated":true}]}}