{"id":712387,"date":"2025-08-27T16:55:13","date_gmt":"2025-08-27T13:55:13","guid":{"rendered":"https:\/\/roveyayinevi.com.tr\/index.php\/urun\/donusum-17\/"},"modified":"2026-04-16T02:20:59","modified_gmt":"2026-04-15T23:20:59","slug":"donusum-17","status":"publish","type":"product","link":"https:\/\/roveyayinevi.com.tr\/index.php\/urun\/donusum-17\/","title":{"rendered":"D\u00f6n\u00fc\u015f\u00fcm"},"content":{"rendered":"<p>D\u00f6n\u00fc\u015f\u00fcm \u201cBir kitap ba\u015f\u0131m\u0131za inen bir darbe gibi bizi sars\u0131yorsa neden zahmet edip okuyal\u0131m ki?\u201d Franz Kafka 3 Temmuz 1882 &#8211; 3 Haziran 1924\u2026 insan \u00f6mr\u00fc i\u00e7in a\u00e7\u0131lm\u0131\u015f k\u0131rk y\u0131ll\u0131k k\u0131sa bir parantez ve bu k\u0131sa aral\u0131kl\u0131 paranteze s\u0131\u011fd\u0131r\u0131lan \u00f6mre derinlik katan yedi eser, bunlar\u0131n yan\u0131nda tamamlanmam\u0131\u015f \u00fc\u00e7 roman, i\u00e7 d\u00f6k\u00fcm\u00fc y\u00fczlerde mektup\u2026 Gotik \u00f6\u011felerle bezeli Gregor\u2019un \u00f6yk\u00fcs\u00fc, birey ile muktedir aras\u0131nda ya\u015fanan \u00e7at\u0131\u015fma d\u00f6ng\u00fcs\u00fcne ve yabanc\u0131la\u015fman\u0131n tekinsizli\u011fine dair bit manifestodur. D\u00f6n\u00fc\u015f\u00fcm, kurmacan\u0131n s\u0131n\u0131rlar\u0131na giren pek \u00e7ok olguyu ve kavram\u0131 harmanlayarak sunan bir yap\u0131t olmas\u0131 y\u00f6n\u00fcyle metin odakl\u0131 ele\u015ftiri noktas\u0131nda okura \u00f6zel \u00f6zg\u00fcrl\u00fck alanlar\u0131 a\u00e7ar. Bu nedenledir ki gerek liselerde gerek \u00fcniversitelerde okuma listelerinin vazge\u00e7ilmezleri aras\u0131ndad\u0131r. Bu vazge\u00e7emeyi\u015fin gizi D\u00f6n\u00fc\u015f\u00fcm\u2019\u00fcn alt metinlerine s\u0131zm\u0131\u015ft\u0131r. Eserin sonunda fark ederiz ki trajik olan Gregor\u2019un ba\u015f\u0131na gelenler de\u011fil, eserde a\u00e7maz olarak sunulan insanl\u0131k sorunlar\u0131n\u0131n aradan ge\u00e7en onlarca y\u0131la ra\u011fmen ge\u00e7erlili\u011fini koruyor olmas\u0131d\u0131r. Kafka, \u00f6yk\u00fcsel manifestosunu yap\u0131land\u0131r\u0131rken ironinin olanaklar\u0131n\u0131 da g\u00f6z ard\u0131 etmez. <\/p>\n","protected":false},"excerpt":{"rendered":"<p>D\u00f6n\u00fc\u015f\u00fcm \u201cBir kitap ba\u015f\u0131m\u0131za inen bir darbe gibi bizi sars\u0131yorsa neden zahmet edip okuyal\u0131m ki?\u201d Franz Kafka 3 Temmuz 1882 &#8211; 3 Haziran 1924\u2026 insan \u00f6mr\u00fc<span class=\"excerpt-hellip\"> [\u2026]<\/span><\/p>\n","protected":false},"featured_media":0,"template":"","meta":{"_monsterinsights_skip_tracking":false,"_monsterinsights_sitenote_active":false,"_monsterinsights_sitenote_note":"","_monsterinsights_sitenote_category":0},"product_brand":[],"product_cat":[12416,12291],"product_tag":[],"class_list":{"0":"post-712387","1":"product","2":"type-product","3":"status-publish","5":"product_cat-cizgi-roman","6":"product_cat-edebiyat","7":"pa_cilt-ciltsiz","8":"pa_tur-kitap","9":"pa_yayinevi-kurukafa","10":"pa_yazar-franz-kafka","12":"first","13":"instock","14":"sale","15":"shipping-taxable","16":"purchasable","17":"product-type-simple"},"_links":{"self":[{"href":"https:\/\/roveyayinevi.com.tr\/index.php\/wp-json\/wp\/v2\/product\/712387","targetHints":{"allow":["GET"]}}],"collection":[{"href":"https:\/\/roveyayinevi.com.tr\/index.php\/wp-json\/wp\/v2\/product"}],"about":[{"href":"https:\/\/roveyayinevi.com.tr\/index.php\/wp-json\/wp\/v2\/types\/product"}],"wp:attachment":[{"href":"https:\/\/roveyayinevi.com.tr\/index.php\/wp-json\/wp\/v2\/media?parent=712387"}],"wp:term":[{"taxonomy":"product_brand","embeddable":true,"href":"https:\/\/roveyayinevi.com.tr\/index.php\/wp-json\/wp\/v2\/product_brand?post=712387"},{"taxonomy":"product_cat","embeddable":true,"href":"https:\/\/roveyayinevi.com.tr\/index.php\/wp-json\/wp\/v2\/product_cat?post=712387"},{"taxonomy":"product_tag","embeddable":true,"href":"https:\/\/roveyayinevi.com.tr\/index.php\/wp-json\/wp\/v2\/product_tag?post=712387"}],"curies":[{"name":"wp","href":"https:\/\/api.w.org\/{rel}","templated":true}]}}