{"id":712386,"date":"2025-08-27T16:55:12","date_gmt":"2025-08-27T13:55:12","guid":{"rendered":"https:\/\/roveyayinevi.com.tr\/index.php\/urun\/galata-sokagi\/"},"modified":"2026-04-16T02:20:59","modified_gmt":"2026-04-15T23:20:59","slug":"galata-sokagi","status":"publish","type":"product","link":"https:\/\/roveyayinevi.com.tr\/index.php\/urun\/galata-sokagi\/","title":{"rendered":"Galata Soka\u011f\u0131"},"content":{"rendered":"<p>Galata Kulesi\u2019nin bir rivayeti vard\u0131r:Galata Kulesi efsaneleri aras\u0131nda yer alan belki de en ilgin\u00e7 efsane, en eski olan\u0131d\u0131r. Bu efsaneye g\u00f6re Romal\u0131lar \u015funa inan\u0131yorlard\u0131: E\u011fer bir kad\u0131n ve erkek, Galata Kulesi\u2019ne ilk kez birlikte \u00e7\u0131karlarsa, onlar mutlaka evlenirler\u2026 Ama \u00e7iftlerden biri daha \u00f6nce kuleye bir kere bile olsa \u00e7\u0131kt\u0131ysa bu, onlar i\u00e7in ge\u00e7ersiz say\u0131lmaktaym\u0131\u015f.Elbet bir g\u00fcn seninle \u0130stiklal\u2019de el ele y\u00fcr\u00fcy\u00fcp sokak \u00e7alg\u0131c\u0131lar\u0131n\u0131 dinleyece\u011fiz. Kalabal\u0131\u011fa ald\u0131r\u0131\u015f etmeden Galata sokaklar\u0131nda dans edece\u011fiz. Ellerin ellerime kokun gibi sar\u0131lm\u0131\u015fken seni o Galata\u2019ya \u00e7\u0131karaca\u011f\u0131m. Biraz daha zaman laz\u0131m, l\u00fctfen dayan\u2026 <\/p>\n","protected":false},"excerpt":{"rendered":"<p>Galata Kulesi\u2019nin bir rivayeti vard\u0131r:Galata Kulesi efsaneleri aras\u0131nda yer alan belki de en ilgin\u00e7 efsane, en eski olan\u0131d\u0131r. Bu efsaneye g\u00f6re Romal\u0131lar \u015funa inan\u0131yorlard\u0131: E\u011fer bir<span class=\"excerpt-hellip\"> [\u2026]<\/span><\/p>\n","protected":false},"featured_media":0,"template":"","meta":{"_monsterinsights_skip_tracking":false,"_monsterinsights_sitenote_active":false,"_monsterinsights_sitenote_note":"","_monsterinsights_sitenote_category":0},"product_brand":[],"product_cat":[12777,12291],"product_tag":[],"class_list":{"0":"post-712386","1":"product","2":"type-product","3":"status-publish","5":"product_cat-deneme","6":"product_cat-edebiyat","7":"pa_cilt-ciltsiz","8":"pa_tur-kitap","9":"pa_yayinevi-dokuz-yayinlari","10":"pa_yazar-furkan-taha-postalli","12":"first","13":"instock","14":"sale","15":"shipping-taxable","16":"purchasable","17":"product-type-simple"},"_links":{"self":[{"href":"https:\/\/roveyayinevi.com.tr\/index.php\/wp-json\/wp\/v2\/product\/712386","targetHints":{"allow":["GET"]}}],"collection":[{"href":"https:\/\/roveyayinevi.com.tr\/index.php\/wp-json\/wp\/v2\/product"}],"about":[{"href":"https:\/\/roveyayinevi.com.tr\/index.php\/wp-json\/wp\/v2\/types\/product"}],"wp:attachment":[{"href":"https:\/\/roveyayinevi.com.tr\/index.php\/wp-json\/wp\/v2\/media?parent=712386"}],"wp:term":[{"taxonomy":"product_brand","embeddable":true,"href":"https:\/\/roveyayinevi.com.tr\/index.php\/wp-json\/wp\/v2\/product_brand?post=712386"},{"taxonomy":"product_cat","embeddable":true,"href":"https:\/\/roveyayinevi.com.tr\/index.php\/wp-json\/wp\/v2\/product_cat?post=712386"},{"taxonomy":"product_tag","embeddable":true,"href":"https:\/\/roveyayinevi.com.tr\/index.php\/wp-json\/wp\/v2\/product_tag?post=712386"}],"curies":[{"name":"wp","href":"https:\/\/api.w.org\/{rel}","templated":true}]}}