{"id":712385,"date":"2025-08-27T16:55:12","date_gmt":"2025-08-27T13:55:12","guid":{"rendered":"https:\/\/roveyayinevi.com.tr\/index.php\/urun\/bir-kadin-seni-seviyorsa\/"},"modified":"2026-04-16T02:20:59","modified_gmt":"2026-04-15T23:20:59","slug":"bir-kadin-seni-seviyorsa","status":"publish","type":"product","link":"https:\/\/roveyayinevi.com.tr\/index.php\/urun\/bir-kadin-seni-seviyorsa\/","title":{"rendered":"Bir Kad\u0131n Seni Seviyorsa"},"content":{"rendered":"<p>Bir kad\u0131n seni seviyorsa sana aittir. Mutlaka bir foto\u011fraf\u0131n vard\u0131r bir yerinde odas\u0131n\u0131n, onu kald\u0131rtma! Bir kad\u0131n seni seviyorsa uyumadan \u00f6nce dua ediyordur, senin ad\u0131nla ba\u015flayan dualar ve biten senin ad\u0131nla, onu susturma! Bir kad\u0131n seni seviyorsa sana zarar veremez. Yaln\u0131z gen\u00e7 adam, kad\u0131nlar vazge\u00e7tikleri adamlara da ac\u0131may\u0131 beceremez, bu da kals\u0131n akl\u0131nda\u2026 Bir kad\u0131n seni seviyorsa koklayarak \u00f6per seni. Seni seven bir kad\u0131n sevdi\u011fi kadar sar\u0131labilirse kemiklerin k\u0131r\u0131l\u0131r. Ve bir kad\u0131n seni seviyorsa, sen ne kadar g\u00fc\u00e7l\u00fcysen o kadar g\u00fc\u00e7l\u00fc hisseder kendini, onu yan\u0131ltma. \u0130lk darbede yere \u00e7ak\u0131lma o\u011flum, ilk imtihanda s\u0131n\u0131fta kalma! Ve asla, ama asla! Araya umutsuzlu\u011fu sokma. Oras\u0131d\u0131r kad\u0131n\u0131n \u015fah damar\u0131, umudu\u2026 Kesildi\u011fi an, vazge\u00e7er kad\u0131n. Sevmekten, beklemekten, \u00f6zlemekten, hatta dua etmekten\u2026 Can havliyle, ka\u00e7ar. Yakalayamazs\u0131n. Art\u0131k o kad\u0131n\u0131 \u00fcst\u00fcne al\u0131namazs\u0131n. Sahip \u00e7\u0131kamad\u0131\u011f\u0131n kad\u0131na hesap da soramazs\u0131n. Kad\u0131nlar\u0131 bomba gibi d\u00fc\u015f\u00fcn gen\u00e7 adam, Yanl\u0131\u015f kabloyu kesersen onunla birlikte sen de patlars\u0131n. Bak o\u011flum! Bu hayatta her \u015feyi al\u0131rs\u0131n, yaln\u0131z seni seven kad\u0131n\u0131n yoktur fiyat\u0131. Seni her \u015feye ra\u011fmen sevebilen kad\u0131n\u0131 sat\u0131n alamazs\u0131n. C\u00fczdan\u0131n kilo kaybettik\u00e7e, sevgileri eksilen sevgililerin olur en fazla&#8230; Falan filan sonra, bilirsin ya\u2026 Sen sen ol, o kad\u0131n\u0131 satma! Bir kad\u0131n seni seviyorsa kavga eder. Hem birazdan bo\u011faz\u0131na yap\u0131\u015facak san\u0131rs\u0131n hem g\u00f6r\u00fcrs\u00fcn g\u00f6zlerindeki korkuyu. Kad\u0131nlar susmaz gen\u00e7 adam, susmu\u015f kad\u0131n gitmi\u015f kad\u0131nd\u0131r. Susmu\u015f bir kad\u0131n i\u00e7in, bitmi\u015f bir adams\u0131nd\u0131r. Bu kad\u0131nlar\u0131n de\u011fi\u015fmez ve de\u011fi\u015ftirilmesi teklif bile edilemez olan maddelerinden biridir. Kad\u0131n olman\u0131n kural\u0131d\u0131r&#8230; Bir \u015fey daha vard\u0131r ki, Ku\u015ftur kad\u0131n! Ve bir g\u00f6ky\u00fcz\u00fc vard\u0131r her kad\u0131n\u0131n. \u00d6yle bir havan olmal\u0131 ki adam\u0131m, senden g\u00f6\u00e7medi\u011fi i\u00e7in, onu dondurmamal\u0131s\u0131n. Bunu bir zamanlar seni g\u00f6ky\u00fcz\u00fc ilan etmi\u015f kad\u0131n\u0131n, ba\u015fka bir g\u00f6ky\u00fcz\u00fcnde kahkaha at\u0131\u015f\u0131n\u0131 duyunca anlars\u0131n\u2026 <\/p>\n","protected":false},"excerpt":{"rendered":"<p>Bir kad\u0131n seni seviyorsa sana aittir. Mutlaka bir foto\u011fraf\u0131n vard\u0131r bir yerinde odas\u0131n\u0131n, onu kald\u0131rtma! Bir kad\u0131n seni seviyorsa uyumadan \u00f6nce dua ediyordur, senin ad\u0131nla ba\u015flayan<span class=\"excerpt-hellip\"> [\u2026]<\/span><\/p>\n","protected":false},"featured_media":0,"template":"","meta":{"_monsterinsights_skip_tracking":false,"_monsterinsights_sitenote_active":false,"_monsterinsights_sitenote_note":"","_monsterinsights_sitenote_category":0},"product_brand":[],"product_cat":[12777,12291],"product_tag":[],"class_list":{"0":"post-712385","1":"product","2":"type-product","3":"status-publish","5":"product_cat-deneme","6":"product_cat-edebiyat","7":"pa_cilt-ciltsiz","8":"pa_tur-kitap","9":"pa_yayinevi-dokuz-yayinlari","10":"pa_yazar-nursen-yildirim","12":"first","13":"instock","14":"sale","15":"shipping-taxable","16":"purchasable","17":"product-type-simple"},"_links":{"self":[{"href":"https:\/\/roveyayinevi.com.tr\/index.php\/wp-json\/wp\/v2\/product\/712385","targetHints":{"allow":["GET"]}}],"collection":[{"href":"https:\/\/roveyayinevi.com.tr\/index.php\/wp-json\/wp\/v2\/product"}],"about":[{"href":"https:\/\/roveyayinevi.com.tr\/index.php\/wp-json\/wp\/v2\/types\/product"}],"wp:attachment":[{"href":"https:\/\/roveyayinevi.com.tr\/index.php\/wp-json\/wp\/v2\/media?parent=712385"}],"wp:term":[{"taxonomy":"product_brand","embeddable":true,"href":"https:\/\/roveyayinevi.com.tr\/index.php\/wp-json\/wp\/v2\/product_brand?post=712385"},{"taxonomy":"product_cat","embeddable":true,"href":"https:\/\/roveyayinevi.com.tr\/index.php\/wp-json\/wp\/v2\/product_cat?post=712385"},{"taxonomy":"product_tag","embeddable":true,"href":"https:\/\/roveyayinevi.com.tr\/index.php\/wp-json\/wp\/v2\/product_tag?post=712385"}],"curies":[{"name":"wp","href":"https:\/\/api.w.org\/{rel}","templated":true}]}}