{"id":712383,"date":"2025-08-27T16:55:10","date_gmt":"2025-08-27T13:55:10","guid":{"rendered":"https:\/\/roveyayinevi.com.tr\/index.php\/urun\/dunyanin-en-komik-adami\/"},"modified":"2026-04-16T02:20:59","modified_gmt":"2026-04-15T23:20:59","slug":"dunyanin-en-komik-adami","status":"publish","type":"product","link":"https:\/\/roveyayinevi.com.tr\/index.php\/urun\/dunyanin-en-komik-adami\/","title":{"rendered":"D\u00fcnya&#8217;n\u0131n En Komik Adam\u0131"},"content":{"rendered":"<p>Kar ve okyanus kokulu bir kahramanl\u0131k hik\u00e2yesi!  \u015eapkada Eriyen Bay Karp kitab\u0131n\u0131n yazar\u0131 Cary Fagan\u2019\u0131n yal\u0131n, samimi \u00fcslubu ve ince mizah\u0131yla \u00f6r\u00fcl\u00fc yeni roman\u0131!D\u00fcnyan\u0131n En Komik Adam\u0131, \u00e7ocuklarla yeti\u015fkinlerin d\u00fcnyas\u0131n\u0131 ve birbirleriyle olan ili\u015fkilerini ele al\u0131yor. 10 ya\u015f ve \u00fczeri kitapseverlere uygun bu e\u011flenceli roman, karde\u015fler aras\u0131 \u00e7eki\u015fme, yeni arkada\u015flar edinme, ko\u015fulsuz yard\u0131mla\u015fma ve dayan\u0131\u015fma gibi konular\u0131 hem duygusal hem mizahi bir dille anlat\u0131yor.  Ailesiyle birlikte Kanada\u2019n\u0131n Toronto kentinde m\u00fctevaz\u0131 bir ya\u015fam s\u00fcren on bir ya\u015f\u0131ndaki Norman\u2019\u0131n ba\u015f\u0131, a\u011fabeyleriyle ve k\u0131\u015f mevsimiyle derttedir. Fakat bir AVM\u2019nin d\u00fczenledi\u011fi \u201cFantastik Drajeler\u201d yar\u0131\u015fmas\u0131ndan 1000 dolar \u00f6d\u00fcl kazan\u0131nca i\u015fler onun i\u00e7in de\u011fi\u015fir. Acaba kazand\u0131\u011f\u0131 parayla ne yapacakt\u0131r? Onun tek bir dile\u011fi vard\u0131r: Ailesiyle, \u201c\u015fahane \u00f6tesi\u201d bir tatile \u00e7\u0131kmak. Tropik iklimli, bol g\u00fcne\u015fli Miami\u2019de bir haftal\u0131k tatil, hem aile \u00fcyelerinin hem de tatilde tan\u0131\u015ft\u0131klar\u0131 \u201cD\u00fcnyan\u0131n En Komik Adam\u0131\u201d Mort Ziff\u2019in hayat\u0131nda yepyeni bir sayfa a\u00e7acakt\u0131r.   \u00d6d\u00fcll\u00fc yazar Cary Fagan\u2019\u0131n \u00e7ocukken ailesiyle \u00e7\u0131kt\u0131\u011f\u0131 seyahatlerden esinlenerek kaleme ald\u0131\u011f\u0131 D\u00fcnyan\u0131n En Komik Adam\u0131, okurlar\u0131n\u0131 so\u011fuk diyarlardan al\u0131p tropik bir tatil beldesine g\u00f6t\u00fcr\u00fcyor ve hik\u00e2yenin sat\u0131r aralar\u0131nda ekliyor:   Her ne yapm\u0131\u015f olursa olsun, herkes ikinci bir \u015fans\u0131 hak eder&#8230; <\/p>\n","protected":false},"excerpt":{"rendered":"<p>Kar ve okyanus kokulu bir kahramanl\u0131k hik\u00e2yesi! \u015eapkada Eriyen Bay Karp kitab\u0131n\u0131n yazar\u0131 Cary Fagan\u2019\u0131n yal\u0131n, samimi \u00fcslubu ve ince mizah\u0131yla \u00f6r\u00fcl\u00fc yeni roman\u0131!D\u00fcnyan\u0131n En Komik<span class=\"excerpt-hellip\"> [\u2026]<\/span><\/p>\n","protected":false},"featured_media":0,"template":"","meta":{"_monsterinsights_skip_tracking":false,"_monsterinsights_sitenote_active":false,"_monsterinsights_sitenote_note":"","_monsterinsights_sitenote_category":0},"product_brand":[],"product_cat":[12274,12284],"product_tag":[],"class_list":{"0":"post-712383","1":"product","2":"type-product","3":"status-publish","5":"product_cat-cocuk-ve-genclik-kitaplari","6":"product_cat-hikayeler","7":"pa_cilt-ciltsiz","8":"pa_tur-kitap","9":"pa_yayinevi-tudem-yayinlari","10":"pa_yazar-cary-fagan","12":"first","13":"instock","14":"sale","15":"shipping-taxable","16":"purchasable","17":"product-type-simple"},"_links":{"self":[{"href":"https:\/\/roveyayinevi.com.tr\/index.php\/wp-json\/wp\/v2\/product\/712383","targetHints":{"allow":["GET"]}}],"collection":[{"href":"https:\/\/roveyayinevi.com.tr\/index.php\/wp-json\/wp\/v2\/product"}],"about":[{"href":"https:\/\/roveyayinevi.com.tr\/index.php\/wp-json\/wp\/v2\/types\/product"}],"wp:attachment":[{"href":"https:\/\/roveyayinevi.com.tr\/index.php\/wp-json\/wp\/v2\/media?parent=712383"}],"wp:term":[{"taxonomy":"product_brand","embeddable":true,"href":"https:\/\/roveyayinevi.com.tr\/index.php\/wp-json\/wp\/v2\/product_brand?post=712383"},{"taxonomy":"product_cat","embeddable":true,"href":"https:\/\/roveyayinevi.com.tr\/index.php\/wp-json\/wp\/v2\/product_cat?post=712383"},{"taxonomy":"product_tag","embeddable":true,"href":"https:\/\/roveyayinevi.com.tr\/index.php\/wp-json\/wp\/v2\/product_tag?post=712383"}],"curies":[{"name":"wp","href":"https:\/\/api.w.org\/{rel}","templated":true}]}}