{"id":712382,"date":"2025-08-27T16:55:10","date_gmt":"2025-08-27T13:55:10","guid":{"rendered":"https:\/\/roveyayinevi.com.tr\/index.php\/urun\/zen-ebeveynligi-bildigini-ogrenme-sanati\/"},"modified":"2026-04-16T02:20:59","modified_gmt":"2026-04-15T23:20:59","slug":"zen-ebeveynligi-bildigini-ogrenme-sanati","status":"publish","type":"product","link":"https:\/\/roveyayinevi.com.tr\/index.php\/urun\/zen-ebeveynligi-bildigini-ogrenme-sanati\/","title":{"rendered":"Zen Ebeveynli\u011fi &#8211; Bildi\u011fini \u00d6\u011frenme Sanat\u0131"},"content":{"rendered":"<p>Buda\u2019n\u0131n m\u00fcritlerinin Asya k\u0131tas\u0131 boyunca yay\u0131lmas\u0131yla geli\u015fen Zen, \u201colan\u0131 kabul etmek\u201d anlay\u0131\u015f\u0131n\u0131 temel alan kadim bir \u00f6\u011fretidir. Zen, beklentilerden ve \u00f6n yarg\u0131lardan kurtularak, ya\u015fanmakta olan an\u0131n g\u00fczelli\u011fine, gizemine ve yenili\u011fine dikkat kesilmekle ilgilidir.Ya\u015fam\u0131 b\u00fct\u00fcn\u00fcyle kabullenme yetene\u011fi, asl\u0131nda do\u011fu\u015ftan i\u00e7imizde getirdi\u011fimiz ama zamanla unutup gitti\u011fimiz bir bilgeliktir. T\u0131pk\u0131 g\u00f6m\u00fcl\u00fc kalm\u0131\u015f bir hazine gibi, onu tekrar ke\u015ffetmemizi beklemektedir.Zen Ebeveynli\u011fi , ebeveynlerin bu i\u00e7sel bilgeliklerini yeniden ke\u015ffetmelerine, \u00e7ocuklar\u0131yla daha derin bir ba\u011flant\u0131 kurmalar\u0131na ve ebeveynli\u011fin her an\u0131n\u0131n keyfini \u00e7\u0131karmalar\u0131na yard\u0131mc\u0131 olacakt\u0131r. B\u00f6ylece, beklentilerle dolu \u201cm\u00fckemmel ebeveyn\u201d g\u00f6mle\u011fini giymek yerine, daha nitelikli, daha uygun ve daha stressiz bir yolla ebeveynlik yapmak i\u00e7in yol g\u00f6sterecektir.Judith Costello, \u201c\u0130nsan Geli\u015fimi\u201d konusunda y\u00fcksek lisans sahibidir ve ayn\u0131 zamanda tablolar\u0131 \u00fclke \u00e7ap\u0131ndaki galerilerde sergilenen bir sanat\u00e7\u0131d\u0131r.Jurgen Haver, Pazarlama ve y\u00f6netim alanlar\u0131nda uzman olmas\u0131n\u0131n yan\u0131 s\u0131ra, baz\u0131 CEO\u2019lara ve siyaset\u00e7ilere ki\u015fisel dan\u0131\u015fmanl\u0131k yapmaktad\u0131r.Yazarlar, Parenting with Spirit adl\u0131 derginin kurucular\u0131 ve edit\u00f6rleridirler. <\/p>\n","protected":false},"excerpt":{"rendered":"<p>Buda\u2019n\u0131n m\u00fcritlerinin Asya k\u0131tas\u0131 boyunca yay\u0131lmas\u0131yla geli\u015fen Zen, \u201colan\u0131 kabul etmek\u201d anlay\u0131\u015f\u0131n\u0131 temel alan kadim bir \u00f6\u011fretidir. Zen, beklentilerden ve \u00f6n yarg\u0131lardan kurtularak, ya\u015fanmakta olan an\u0131n<span class=\"excerpt-hellip\"> [\u2026]<\/span><\/p>\n","protected":false},"featured_media":0,"template":"","meta":{"_monsterinsights_skip_tracking":false,"_monsterinsights_sitenote_active":false,"_monsterinsights_sitenote_note":"","_monsterinsights_sitenote_category":0},"product_brand":[],"product_cat":[20502,12357],"product_tag":[],"class_list":{"0":"post-712382","1":"product","2":"type-product","3":"status-publish","5":"product_cat-basvuru-kitaplari-psikoloji","6":"product_cat-psikoloji","7":"pa_cilt-ciltsiz","8":"pa_tur-kitap","9":"pa_yayinevi-remzi-kitabevi","10":"pa_yazar-judith-costello-jurgen-haver","12":"first","13":"instock","14":"sale","15":"shipping-taxable","16":"purchasable","17":"product-type-simple"},"_links":{"self":[{"href":"https:\/\/roveyayinevi.com.tr\/index.php\/wp-json\/wp\/v2\/product\/712382","targetHints":{"allow":["GET"]}}],"collection":[{"href":"https:\/\/roveyayinevi.com.tr\/index.php\/wp-json\/wp\/v2\/product"}],"about":[{"href":"https:\/\/roveyayinevi.com.tr\/index.php\/wp-json\/wp\/v2\/types\/product"}],"wp:attachment":[{"href":"https:\/\/roveyayinevi.com.tr\/index.php\/wp-json\/wp\/v2\/media?parent=712382"}],"wp:term":[{"taxonomy":"product_brand","embeddable":true,"href":"https:\/\/roveyayinevi.com.tr\/index.php\/wp-json\/wp\/v2\/product_brand?post=712382"},{"taxonomy":"product_cat","embeddable":true,"href":"https:\/\/roveyayinevi.com.tr\/index.php\/wp-json\/wp\/v2\/product_cat?post=712382"},{"taxonomy":"product_tag","embeddable":true,"href":"https:\/\/roveyayinevi.com.tr\/index.php\/wp-json\/wp\/v2\/product_tag?post=712382"}],"curies":[{"name":"wp","href":"https:\/\/api.w.org\/{rel}","templated":true}]}}