{"id":712381,"date":"2025-08-27T16:55:09","date_gmt":"2025-08-27T13:55:09","guid":{"rendered":"https:\/\/roveyayinevi.com.tr\/index.php\/urun\/kurulus-yillarindan-12-eylule-cumhuriyet-donemi-turk-siyasal-hayati\/"},"modified":"2026-04-16T02:20:59","modified_gmt":"2026-04-15T23:20:59","slug":"kurulus-yillarindan-12-eylule-cumhuriyet-donemi-turk-siyasal-hayati","status":"publish","type":"product","link":"https:\/\/roveyayinevi.com.tr\/index.php\/urun\/kurulus-yillarindan-12-eylule-cumhuriyet-donemi-turk-siyasal-hayati\/","title":{"rendered":"Kurulu\u015f Y\u0131llar\u0131ndan 12 Eyl\u00fcl\u2019e Cumhuriyet D\u00f6nemi T\u00fcrk Siyasal Hayat\u0131"},"content":{"rendered":"<p>Cumhuriyet D\u00f6nemi T\u00fcrk Siyasal Hayat\u0131 ba\u015fl\u0131\u011f\u0131n\u0131 ta\u015f\u0131yan bu \u00e7al\u0131\u015fma T\u00fcrkiye\u2019de Cumhuriyet\u2019in kurulu\u015fundan 12 Eyl\u00fcl\u2019e kadar olan s\u00fcreci ideolojiler, imgeler etraf\u0131nda yarat\u0131lan hegemonya s\u00f6ylemleri, temel tart\u0131\u015fma konular\u0131, \u00fcretim ve b\u00f6l\u00fc\u015f\u00fcm ili\u015fkilerinin bi\u00e7imlenmesi ve d\u00f6n\u00fc\u015fmesi gibi meseleler etraf\u0131nda ele al\u0131yor. Kolektif bir eme\u011fin \u00fcr\u00fcn\u00fc olan bu metindeki makaleler okundu\u011funda T\u00fcrkiye\u2019de siyasal zeminin alt\u0131nda 1971\u2019e kadar yere ve zamana g\u00f6re de\u011fi\u015fkenlik g\u00f6steren amorf bir kemalizm alg\u0131s\u0131n\u0131n daha do\u011frusu kemalizmlerin belirleyicili\u011fi; 1971 sonras\u0131 d\u00f6nemde ise anti-kom\u00fcnist diskurla birle\u015fen, bu arada mukaddesat\u00e7\u0131l\u0131\u011f\u0131 da beraberine alan pop\u00fclist bir milliyet\u00e7ili\u011fin belirleyicili\u011fi tespit edilecektir. <\/p>\n","protected":false},"excerpt":{"rendered":"<p>Cumhuriyet D\u00f6nemi T\u00fcrk Siyasal Hayat\u0131 ba\u015fl\u0131\u011f\u0131n\u0131 ta\u015f\u0131yan bu \u00e7al\u0131\u015fma T\u00fcrkiye\u2019de Cumhuriyet\u2019in kurulu\u015fundan 12 Eyl\u00fcl\u2019e kadar olan s\u00fcreci ideolojiler, imgeler etraf\u0131nda yarat\u0131lan hegemonya s\u00f6ylemleri, temel tart\u0131\u015fma konular\u0131,<span class=\"excerpt-hellip\"> [\u2026]<\/span><\/p>\n","protected":false},"featured_media":0,"template":"","meta":{"_monsterinsights_skip_tracking":false,"_monsterinsights_sitenote_active":false,"_monsterinsights_sitenote_note":"","_monsterinsights_sitenote_category":0},"product_brand":[],"product_cat":[13590,12337],"product_tag":[],"class_list":{"0":"post-712381","1":"product","2":"type-product","3":"status-publish","5":"product_cat-arastirma-inceleme-politika-siyaset","6":"product_cat-politika-siyaset","7":"pa_cilt-ciltsiz","8":"pa_tur-kitap","9":"pa_yayinevi-bibliyotek-yayinlari","10":"pa_yazar-kollektif","12":"first","13":"instock","14":"sale","15":"shipping-taxable","16":"purchasable","17":"product-type-simple"},"_links":{"self":[{"href":"https:\/\/roveyayinevi.com.tr\/index.php\/wp-json\/wp\/v2\/product\/712381","targetHints":{"allow":["GET"]}}],"collection":[{"href":"https:\/\/roveyayinevi.com.tr\/index.php\/wp-json\/wp\/v2\/product"}],"about":[{"href":"https:\/\/roveyayinevi.com.tr\/index.php\/wp-json\/wp\/v2\/types\/product"}],"wp:attachment":[{"href":"https:\/\/roveyayinevi.com.tr\/index.php\/wp-json\/wp\/v2\/media?parent=712381"}],"wp:term":[{"taxonomy":"product_brand","embeddable":true,"href":"https:\/\/roveyayinevi.com.tr\/index.php\/wp-json\/wp\/v2\/product_brand?post=712381"},{"taxonomy":"product_cat","embeddable":true,"href":"https:\/\/roveyayinevi.com.tr\/index.php\/wp-json\/wp\/v2\/product_cat?post=712381"},{"taxonomy":"product_tag","embeddable":true,"href":"https:\/\/roveyayinevi.com.tr\/index.php\/wp-json\/wp\/v2\/product_tag?post=712381"}],"curies":[{"name":"wp","href":"https:\/\/api.w.org\/{rel}","templated":true}]}}