{"id":712380,"date":"2025-08-27T16:55:09","date_gmt":"2025-08-27T13:55:09","guid":{"rendered":"https:\/\/roveyayinevi.com.tr\/index.php\/urun\/turk-sinemasi-toplumu-sekillendirmenin-toplum-tarafindan-sekillendirilmenin-sosyolojisi\/"},"modified":"2026-04-16T02:20:59","modified_gmt":"2026-04-15T23:20:59","slug":"turk-sinemasi-toplumu-sekillendirmenin-toplum-tarafindan-sekillendirilmenin-sosyolojisi","status":"publish","type":"product","link":"https:\/\/roveyayinevi.com.tr\/index.php\/urun\/turk-sinemasi-toplumu-sekillendirmenin-toplum-tarafindan-sekillendirilmenin-sosyolojisi\/","title":{"rendered":"T\u00fcrk Sinemas\u0131 : Toplumu \u015eekillendirmenin, Toplum Taraf\u0131ndan \u015eekillendirilmenin Sosyolojisi"},"content":{"rendered":"<p>Sosyal Bilimler Kongresinde bir sunu\u015fu, 1960&#8217;l\u0131, 1970&#8217;li y\u0131llardaki yerli film seyircileriyle ger\u00e7ekle\u015fen s\u00f6zl\u00fc tarih ara\u015ft\u0131rmas\u0131n\u0131n sunu\u015funu dinlerken Ferhat Ero\u011flu&#8217;na &#8220;Babanla bir konu\u015fma yap, d\u00f6nemin daha sahici bir foto\u011fraf\u0131n\u0131 yakalar\u0131z&#8221; dedim.S\u0131tk\u0131 Bey&#8217;in konu\u015fmas\u0131 T\u00fcrk sinemas\u0131n\u0131n \u00e7ok de\u011fi\u015fik kesimleri sar\u0131p sarmalad\u0131\u011f\u0131n\u0131n i\u015fareti. Bir de Kemal Filmin kalabal\u0131k kadrolu filmlerine g\u00f6nderme yapmas\u0131 kendisinin e\u011flenmek ama\u00e7l\u0131 film seyretti\u011fi ifadesinin tam da d\u00f6nemi yans\u0131tt\u0131\u011f\u0131n\u0131 g\u00f6steriyor. Alim \u015eerif Onaran&#8217;\u0131n L\u00fctfi Akad, Osman Seden beraberli\u011finin alt\u0131n\u0131 \u00e7izmesinin onu okumadan S\u0131tk\u0131 Ero\u011flu da fark\u0131nda. Daha da ilginci sinema akademisyenlerinin, sinema yazarlar\u0131n\u0131n fark\u0131nda olmad\u0131klar\u0131 Beyaz Mendil\u2019in alt\u0131n\u0131 \u00e7izmesi. \u00d6nemli olan d\u00f6nemin yerli filmlerini izlerken \u0131zd\u0131rap \u00e7ekmeden izlemek. Asl\u0131nda \u015fimdilerdeki bir sinema profes\u00f6r\u00fcn\u00fcn T\u00fcrkan \u015eoray&#8217;\u0131n Azap filmi \u00fczerine \u201cAzap&#8217;\u0131 \u0130zlerken \u00c7ekilen Azap&#8221; ba\u015fl\u0131kl\u0131 ya da buna benzer ba\u015fl\u0131kta bir yaz\u0131s\u0131 var. Ya\u015flar\u0131 yeten ya da yetmeyen sinema akademisyenleri bir zamanlar seyrederken azap duyduklar\u0131 yerli filmleri art\u0131k azap duymadan seyrediyorlar. Ama S\u0131tk\u0131 Ero\u011flu gibi keyifle de\u011fil.T\u00fcrk sinemas\u0131 ba\u015fl\u0131kl\u0131 kitap sinemam\u0131z\u0131n keyifli bir serg\u00fcze\u015fti. <\/p>\n","protected":false},"excerpt":{"rendered":"<p>Sosyal Bilimler Kongresinde bir sunu\u015fu, 1960&#8217;l\u0131, 1970&#8217;li y\u0131llardaki yerli film seyircileriyle ger\u00e7ekle\u015fen s\u00f6zl\u00fc tarih ara\u015ft\u0131rmas\u0131n\u0131n sunu\u015funu dinlerken Ferhat Ero\u011flu&#8217;na &#8220;Babanla bir konu\u015fma yap, d\u00f6nemin daha sahici<span class=\"excerpt-hellip\"> [\u2026]<\/span><\/p>\n","protected":false},"featured_media":0,"template":"","meta":{"_monsterinsights_skip_tracking":false,"_monsterinsights_sitenote_active":false,"_monsterinsights_sitenote_note":"","_monsterinsights_sitenote_category":0},"product_brand":[],"product_cat":[12409,12408],"product_tag":[],"class_list":{"0":"post-712380","1":"product","2":"type-product","3":"status-publish","5":"product_cat-fotograf-sinema-tiyatro","6":"product_cat-sanat","7":"pa_cilt-ciltsiz","8":"pa_tur-kitap","9":"pa_yayinevi-bibliyotek-yayinlari","10":"pa_yazar-kollektif","12":"first","13":"instock","14":"sale","15":"shipping-taxable","16":"purchasable","17":"product-type-simple"},"_links":{"self":[{"href":"https:\/\/roveyayinevi.com.tr\/index.php\/wp-json\/wp\/v2\/product\/712380","targetHints":{"allow":["GET"]}}],"collection":[{"href":"https:\/\/roveyayinevi.com.tr\/index.php\/wp-json\/wp\/v2\/product"}],"about":[{"href":"https:\/\/roveyayinevi.com.tr\/index.php\/wp-json\/wp\/v2\/types\/product"}],"wp:attachment":[{"href":"https:\/\/roveyayinevi.com.tr\/index.php\/wp-json\/wp\/v2\/media?parent=712380"}],"wp:term":[{"taxonomy":"product_brand","embeddable":true,"href":"https:\/\/roveyayinevi.com.tr\/index.php\/wp-json\/wp\/v2\/product_brand?post=712380"},{"taxonomy":"product_cat","embeddable":true,"href":"https:\/\/roveyayinevi.com.tr\/index.php\/wp-json\/wp\/v2\/product_cat?post=712380"},{"taxonomy":"product_tag","embeddable":true,"href":"https:\/\/roveyayinevi.com.tr\/index.php\/wp-json\/wp\/v2\/product_tag?post=712380"}],"curies":[{"name":"wp","href":"https:\/\/api.w.org\/{rel}","templated":true}]}}