{"id":712378,"date":"2025-08-27T16:55:08","date_gmt":"2025-08-27T13:55:08","guid":{"rendered":"https:\/\/roveyayinevi.com.tr\/index.php\/urun\/bilinmeyen-numaralar-yeni-kesfedenler-icin\/"},"modified":"2026-04-16T02:20:59","modified_gmt":"2026-04-15T23:20:59","slug":"bilinmeyen-numaralar-yeni-kesfedenler-icin","status":"publish","type":"product","link":"https:\/\/roveyayinevi.com.tr\/index.php\/urun\/bilinmeyen-numaralar-yeni-kesfedenler-icin\/","title":{"rendered":"Bilinmeyen Numaralar &#8211; Yeni Ke\u015ffedenler \u0130\u00e7in"},"content":{"rendered":"<p>Can Y\u0131lmaz\u2019\u0131n \u00f6yk\u00fclerinde okudu\u011fumuz cakas\u0131z, sossuz, \u00e7al\u0131m atmaya \u00e7al\u0131\u015fmayan bir tan\u0131kl\u0131kt\u0131r.    Bu \u00f6yk\u00fclerde yazar\u0131n sesini duymay\u0131z. Az ama \u00f6z konu\u015fan bir a\u011f\u0131rba\u015fl\u0131l\u0131ktan s\u00f6z ediyorum. Grandiy\u00f6z bir tutumdan itinayla ka\u00e7ar. Bize b\u00fcy\u00fckl\u00fck taslamaz. Ne g\u00f6rd\u00fcyse onu s\u00f6ylemektedir. Bir gelene\u011fe yaslanman\u0131n yazar\u0131n i\u015fini kolayla\u015ft\u0131ran yan\u0131 da i\u015fte buradad\u0131r.    Dilimiz, \u015fakam\u0131z, ac\u0131m\u0131z Can Y\u0131lmaz\u2019la ortakt\u0131r. O y\u00fczden birdenbire tan\u0131\u015f olur, bize laf\u0131n tamam\u0131n\u0131 s\u00f6ylemesini beklemeyiz. Kolay oldu\u011fu kadar zor, basit oldu\u011fu kadar karma\u015f\u0131k, amac\u0131na ula\u015ft\u0131\u011f\u0131 anda da hemen evin i\u00e7ine giren bu \u00fcslubu ya\u015fatmak Can Y\u0131lmaz\u2019\u0131n yaz\u0131n derdidir.    Bug\u00fcn \u00fc\u00e7\u00fcnc\u00fc kitaptan, on binlerce okurdan s\u00f6z ediyoruz. \u00d6yleyse yolun b\u00fcy\u00fck k\u0131sm\u0131 y\u00fcr\u00fcnm\u00fc\u015f demektir.    Ba\u015far Ba\u015faran <\/p>\n","protected":false},"excerpt":{"rendered":"<p>Can Y\u0131lmaz\u2019\u0131n \u00f6yk\u00fclerinde okudu\u011fumuz cakas\u0131z, sossuz, \u00e7al\u0131m atmaya \u00e7al\u0131\u015fmayan bir tan\u0131kl\u0131kt\u0131r. Bu \u00f6yk\u00fclerde yazar\u0131n sesini duymay\u0131z. Az ama \u00f6z konu\u015fan bir a\u011f\u0131rba\u015fl\u0131l\u0131ktan s\u00f6z ediyorum. Grandiy\u00f6z bir<span class=\"excerpt-hellip\"> [\u2026]<\/span><\/p>\n","protected":false},"featured_media":0,"template":"","meta":{"_monsterinsights_skip_tracking":false,"_monsterinsights_sitenote_active":false,"_monsterinsights_sitenote_note":"","_monsterinsights_sitenote_category":0},"product_brand":[],"product_cat":[13072,12291],"product_tag":[],"class_list":{"0":"post-712378","1":"product","2":"type-product","3":"status-publish","5":"product_cat-arastirma-inceleme-referans","6":"product_cat-edebiyat","7":"pa_cilt-ciltsiz","8":"pa_tur-kitap","9":"pa_yayinevi-inkilap-kitabevi","10":"pa_yazar-can-yilmaz","12":"first","13":"instock","14":"sale","15":"shipping-taxable","16":"purchasable","17":"product-type-simple"},"_links":{"self":[{"href":"https:\/\/roveyayinevi.com.tr\/index.php\/wp-json\/wp\/v2\/product\/712378","targetHints":{"allow":["GET"]}}],"collection":[{"href":"https:\/\/roveyayinevi.com.tr\/index.php\/wp-json\/wp\/v2\/product"}],"about":[{"href":"https:\/\/roveyayinevi.com.tr\/index.php\/wp-json\/wp\/v2\/types\/product"}],"wp:attachment":[{"href":"https:\/\/roveyayinevi.com.tr\/index.php\/wp-json\/wp\/v2\/media?parent=712378"}],"wp:term":[{"taxonomy":"product_brand","embeddable":true,"href":"https:\/\/roveyayinevi.com.tr\/index.php\/wp-json\/wp\/v2\/product_brand?post=712378"},{"taxonomy":"product_cat","embeddable":true,"href":"https:\/\/roveyayinevi.com.tr\/index.php\/wp-json\/wp\/v2\/product_cat?post=712378"},{"taxonomy":"product_tag","embeddable":true,"href":"https:\/\/roveyayinevi.com.tr\/index.php\/wp-json\/wp\/v2\/product_tag?post=712378"}],"curies":[{"name":"wp","href":"https:\/\/api.w.org\/{rel}","templated":true}]}}