{"id":712377,"date":"2025-08-27T16:55:07","date_gmt":"2025-08-27T13:55:07","guid":{"rendered":"https:\/\/roveyayinevi.com.tr\/index.php\/urun\/seni-de-gorcez-anne-olunca\/"},"modified":"2026-04-16T02:20:59","modified_gmt":"2026-04-15T23:20:59","slug":"seni-de-gorcez-anne-olunca","status":"publish","type":"product","link":"https:\/\/roveyayinevi.com.tr\/index.php\/urun\/seni-de-gorcez-anne-olunca\/","title":{"rendered":"Seni De G\u00f6rcez Anne Olunca"},"content":{"rendered":"<p>\u00c7ocuk do\u011furmaya karar verdiniz ve onlarca kitap okudunuz, bloglar\u0131 takip ederken g\u00f6zleriniz akt\u0131, bir o kadar video izlediniz, anneanneden babaanneden tavsiyeler dinlediniz\u2026 Eh, art\u0131k her sorunla ba\u015f etmeye haz\u0131rs\u0131n\u0131z de\u011fil mi?De\u011fil\u2026Do\u011fumdan sonra her anne gibi siz de anlayacaks\u0131n\u0131z ki, ger\u00e7ek d\u00fcnya \u201cepey\u201d ba\u015fka. En ufak bir sendeleme sezen \u201cteyzeler korosu\u201d f\u0131rsat\u0131 ka\u00e7\u0131rmayacak: Annesi ac\u0131km\u0131\u015ft\u0131r o, sak\u0131n \u00f6yle oturtma,  kuca\u011fa al\u0131\u015ft\u0131rma, \u015fundan ye yoksa s\u00fct\u00fcn kesilir\u2026 Derdini yaln\u0131zca a\u011flayarak dile getirebilen bir bebek ve halinizi kimi zaman anlamakta zorlanan bir e\u015f de cabas\u0131\u2026\u00c7ocuk psikolo\u011fu K\u00fcbra Kaplan Erturgut, elinizdeki kitapta, kendi do\u011fum sonras\u0131 s\u00fcrecinden yola \u00e7\u0131karak annelerin kar\u015f\u0131la\u015fabilece\u011fi pek \u00e7ok sorunu a\u015fmak i\u00e7in \u00f6nerilerini e\u011flenceli bir dille kaleme ald\u0131. Beslenme tarzlar\u0131na, merakl\u0131 teyzelere yeti\u015ftirilecek cevaplara, a\u011flayan \u00e7ocu\u011fu susturabilmenin yollar\u0131na ve ya\u015f d\u00f6n\u00fcm\u00fc sendromlar\u0131na dair pek \u00e7ok \u00f6neriyi Seni de G\u00f6rcez Anne Olunca\u2019da bulabilirsiniz. <\/p>\n","protected":false},"excerpt":{"rendered":"<p>\u00c7ocuk do\u011furmaya karar verdiniz ve onlarca kitap okudunuz, bloglar\u0131 takip ederken g\u00f6zleriniz akt\u0131, bir o kadar video izlediniz, anneanneden babaanneden tavsiyeler dinlediniz\u2026 Eh, art\u0131k her sorunla<span class=\"excerpt-hellip\"> [\u2026]<\/span><\/p>\n","protected":false},"featured_media":0,"template":"","meta":{"_monsterinsights_skip_tracking":false,"_monsterinsights_sitenote_active":false,"_monsterinsights_sitenote_note":"","_monsterinsights_sitenote_category":0},"product_brand":[],"product_cat":[13772,12364],"product_tag":[],"class_list":{"0":"post-712377","1":"product","2":"type-product","3":"status-publish","5":"product_cat-basvuru-kitaplari","6":"product_cat-genel-konular","7":"pa_cilt-ciltsiz","8":"pa_tur-kitap","9":"pa_yayinevi-inkilap-kitabevi","10":"pa_yazar-kubra-kaplan-turgut","12":"first","13":"instock","14":"sale","15":"shipping-taxable","16":"purchasable","17":"product-type-simple"},"_links":{"self":[{"href":"https:\/\/roveyayinevi.com.tr\/index.php\/wp-json\/wp\/v2\/product\/712377","targetHints":{"allow":["GET"]}}],"collection":[{"href":"https:\/\/roveyayinevi.com.tr\/index.php\/wp-json\/wp\/v2\/product"}],"about":[{"href":"https:\/\/roveyayinevi.com.tr\/index.php\/wp-json\/wp\/v2\/types\/product"}],"wp:attachment":[{"href":"https:\/\/roveyayinevi.com.tr\/index.php\/wp-json\/wp\/v2\/media?parent=712377"}],"wp:term":[{"taxonomy":"product_brand","embeddable":true,"href":"https:\/\/roveyayinevi.com.tr\/index.php\/wp-json\/wp\/v2\/product_brand?post=712377"},{"taxonomy":"product_cat","embeddable":true,"href":"https:\/\/roveyayinevi.com.tr\/index.php\/wp-json\/wp\/v2\/product_cat?post=712377"},{"taxonomy":"product_tag","embeddable":true,"href":"https:\/\/roveyayinevi.com.tr\/index.php\/wp-json\/wp\/v2\/product_tag?post=712377"}],"curies":[{"name":"wp","href":"https:\/\/api.w.org\/{rel}","templated":true}]}}