{"id":712376,"date":"2025-08-27T16:55:07","date_gmt":"2025-08-27T13:55:07","guid":{"rendered":"https:\/\/roveyayinevi.com.tr\/index.php\/urun\/sissoylu-5-benligin-golgeleri\/"},"modified":"2026-04-16T02:20:59","modified_gmt":"2026-04-15T23:20:59","slug":"sissoylu-5-benligin-golgeleri","status":"publish","type":"product","link":"https:\/\/roveyayinevi.com.tr\/index.php\/urun\/sissoylu-5-benligin-golgeleri\/","title":{"rendered":"Sissoylu 5: Benli\u011fin G\u00f6lgeleri"},"content":{"rendered":"<p>New York Times \u00c7ok Satanlar Listelerinin gediklisi Brandon Sanderson&#8217;dan politik entrikalar, b\u00fcy\u00fc ve d\u00f6v\u00fc\u015f sanatlar\u0131yla bezeli bir soygun hik\u00e2yesi! Sissoylu \u00dc\u00e7lemesi&#8217;nde ya\u015fanan olaylar\u0131n ard\u0131ndan \u00fc\u00e7 y\u00fcz y\u0131l geride kald\u0131 ve Scadrial modern zamanlar\u0131n e\u015fi\u011finde. Bir \u00c7iftsoylu olan ve soylu Ev&#8217;inin ba\u015f\u0131na ge\u00e7en Waxillium Ladrian, Yabanlar&#8217;da edindi\u011fi \u015feriflik deneyiminin b\u00fcy\u00fck \u015fehirde de i\u015fine yarayaca\u011f\u0131n\u0131 art\u0131k biliyor. S\u00fcrekli devinen, gelece\u011fe umutla bakan ancak h\u00e2l\u00e2 dengeleri oturmam\u0131\u015f Scadrial toplumu, ilk s\u0131nav\u0131n\u0131 i\u015f d\u00fcnyas\u0131na kaos getirmeyi ve dinsel \u00e7at\u0131\u015fmalar\u0131 k\u00f6r\u00fcklemeyi hedefleyen bir dizi suikast ve ter\u00f6r eylemi kar\u015f\u0131s\u0131nda verecek. Art\u0131k polis te\u015fkilat\u0131n\u0131n resmen \u00fcyesi h\u00e2line gelen Wax, eksantrik orta\u011f\u0131 Wayne ve zeki bir gen\u00e7 olan Marasi, Scadrial&#8217;da her \u015feyi allak bullak edebilecek bir i\u00e7 karga\u015faya mani olmak zorunda. <\/p>\n","protected":false},"excerpt":{"rendered":"<p>New York Times \u00c7ok Satanlar Listelerinin gediklisi Brandon Sanderson&#8217;dan politik entrikalar, b\u00fcy\u00fc ve d\u00f6v\u00fc\u015f sanatlar\u0131yla bezeli bir soygun hik\u00e2yesi! Sissoylu \u00dc\u00e7lemesi&#8217;nde ya\u015fanan olaylar\u0131n ard\u0131ndan \u00fc\u00e7 y\u00fcz<span class=\"excerpt-hellip\"> [\u2026]<\/span><\/p>\n","protected":false},"featured_media":0,"template":"","meta":{"_monsterinsights_skip_tracking":false,"_monsterinsights_sitenote_active":false,"_monsterinsights_sitenote_note":"","_monsterinsights_sitenote_category":0},"product_brand":[],"product_cat":[12291,14777],"product_tag":[],"class_list":{"0":"post-712376","1":"product","2":"type-product","3":"status-publish","5":"product_cat-edebiyat","6":"product_cat-fantastik","7":"pa_cilt-ciltsiz","8":"pa_tur-kitap","9":"pa_yayinevi-akil-celen-kitaplar","10":"pa_yazar-brandon-sanderson","12":"first","13":"instock","14":"sale","15":"shipping-taxable","16":"purchasable","17":"product-type-simple"},"_links":{"self":[{"href":"https:\/\/roveyayinevi.com.tr\/index.php\/wp-json\/wp\/v2\/product\/712376","targetHints":{"allow":["GET"]}}],"collection":[{"href":"https:\/\/roveyayinevi.com.tr\/index.php\/wp-json\/wp\/v2\/product"}],"about":[{"href":"https:\/\/roveyayinevi.com.tr\/index.php\/wp-json\/wp\/v2\/types\/product"}],"wp:attachment":[{"href":"https:\/\/roveyayinevi.com.tr\/index.php\/wp-json\/wp\/v2\/media?parent=712376"}],"wp:term":[{"taxonomy":"product_brand","embeddable":true,"href":"https:\/\/roveyayinevi.com.tr\/index.php\/wp-json\/wp\/v2\/product_brand?post=712376"},{"taxonomy":"product_cat","embeddable":true,"href":"https:\/\/roveyayinevi.com.tr\/index.php\/wp-json\/wp\/v2\/product_cat?post=712376"},{"taxonomy":"product_tag","embeddable":true,"href":"https:\/\/roveyayinevi.com.tr\/index.php\/wp-json\/wp\/v2\/product_tag?post=712376"}],"curies":[{"name":"wp","href":"https:\/\/api.w.org\/{rel}","templated":true}]}}