{"id":712375,"date":"2025-08-27T16:55:06","date_gmt":"2025-08-27T13:55:06","guid":{"rendered":"https:\/\/roveyayinevi.com.tr\/index.php\/urun\/elif-kurabiye-yapiyor-ilk-okuma-kitabim\/"},"modified":"2026-04-16T02:20:59","modified_gmt":"2026-04-15T23:20:59","slug":"elif-kurabiye-yapiyor-ilk-okuma-kitabim","status":"publish","type":"product","link":"https:\/\/roveyayinevi.com.tr\/index.php\/urun\/elif-kurabiye-yapiyor-ilk-okuma-kitabim\/","title":{"rendered":"Elif Kurabiye Yap\u0131yor &#8211; \u0130lk Okuma Kitab\u0131m"},"content":{"rendered":"<p>Elif g\u00fcnlerdir annesiyle birlikte kurabiye yapmak istiyordu. Ancak annesinin hi\u00e7 vakti yoktu.Elif tek ba\u015f\u0131na kurabiye yapmaya karar verdi\u2026 Elif kurabiye yapaca\u011f\u0131 malzemeleri haz\u0131rlarken, yumurtalardan biri masadan yuvarlan\u0131p yere d\u00fc\u015f\u00fcverdi. Annesi, mutfa\u011f\u0131n halini g\u00f6r\u00fcnce, tek ba\u015f\u0131na kurabiye yapmaya kalk\u0131\u015fan Elif\u2019e k\u0131zd\u0131 m\u0131 dersiniz? <\/p>\n","protected":false},"excerpt":{"rendered":"<p>Elif g\u00fcnlerdir annesiyle birlikte kurabiye yapmak istiyordu. Ancak annesinin hi\u00e7 vakti yoktu.Elif tek ba\u015f\u0131na kurabiye yapmaya karar verdi\u2026 Elif kurabiye yapaca\u011f\u0131 malzemeleri haz\u0131rlarken, yumurtalardan biri masadan<span class=\"excerpt-hellip\"> [\u2026]<\/span><\/p>\n","protected":false},"featured_media":0,"template":"","meta":{"_monsterinsights_skip_tracking":false,"_monsterinsights_sitenote_active":false,"_monsterinsights_sitenote_note":"","_monsterinsights_sitenote_category":0},"product_brand":[],"product_cat":[12275,12274],"product_tag":[],"class_list":{"0":"post-712375","1":"product","2":"type-product","3":"status-publish","5":"product_cat-6-12-yas-kitaplari","6":"product_cat-cocuk-ve-genclik-kitaplari","7":"pa_cilt-ciltsiz","8":"pa_tur-kitap","9":"pa_yayinevi-is-bankasi-kultur-yayinlari","10":"pa_yazar-liane-schneider","12":"first","13":"instock","14":"sale","15":"shipping-taxable","16":"purchasable","17":"product-type-simple"},"_links":{"self":[{"href":"https:\/\/roveyayinevi.com.tr\/index.php\/wp-json\/wp\/v2\/product\/712375","targetHints":{"allow":["GET"]}}],"collection":[{"href":"https:\/\/roveyayinevi.com.tr\/index.php\/wp-json\/wp\/v2\/product"}],"about":[{"href":"https:\/\/roveyayinevi.com.tr\/index.php\/wp-json\/wp\/v2\/types\/product"}],"wp:attachment":[{"href":"https:\/\/roveyayinevi.com.tr\/index.php\/wp-json\/wp\/v2\/media?parent=712375"}],"wp:term":[{"taxonomy":"product_brand","embeddable":true,"href":"https:\/\/roveyayinevi.com.tr\/index.php\/wp-json\/wp\/v2\/product_brand?post=712375"},{"taxonomy":"product_cat","embeddable":true,"href":"https:\/\/roveyayinevi.com.tr\/index.php\/wp-json\/wp\/v2\/product_cat?post=712375"},{"taxonomy":"product_tag","embeddable":true,"href":"https:\/\/roveyayinevi.com.tr\/index.php\/wp-json\/wp\/v2\/product_tag?post=712375"}],"curies":[{"name":"wp","href":"https:\/\/api.w.org\/{rel}","templated":true}]}}