{"id":712374,"date":"2025-08-27T16:55:05","date_gmt":"2025-08-27T13:55:05","guid":{"rendered":"https:\/\/roveyayinevi.com.tr\/index.php\/urun\/evrim-dunya-uzerindeki-yasamin-tam-hikayesi\/"},"modified":"2026-04-16T02:20:59","modified_gmt":"2026-04-15T23:20:59","slug":"evrim-dunya-uzerindeki-yasamin-tam-hikayesi","status":"publish","type":"product","link":"https:\/\/roveyayinevi.com.tr\/index.php\/urun\/evrim-dunya-uzerindeki-yasamin-tam-hikayesi\/","title":{"rendered":"Evrim &#8211; D\u00fcnya \u00dczerindeki Ya\u015fam\u0131n Tam Hikayesi"},"content":{"rendered":"<p>BENC\u0130L GEN NED\u0130R? YA\u015eAMIN KRALLIKLARI NELERD\u0130R? NEDEN ARABA B\u00dcY\u00dcKL\u00dc\u011e\u00dcNDE B\u00d6CEKLER YOK? \u201cS\u00dcM\u00dcK NEDEN YE\u015e\u0130LD\u0130R?\u201d K\u0130TABININ YAZARI GLENN MURPHY, BU VE BUNUN G\u0130B\u0130 B\u0130R\u00c7OK PARLAK SORUYU, EL\u0130N\u0130ZDE TUTTU\u011eUNUZ KOM\u0130K VE E\u011e\u0130T\u0130C\u0130 K\u0130TAPTA CEVAPLIYOR. \u0130\u00c7\u0130NDE KARALAMALAR VE HER \u00c7E\u015e\u0130T \u0130NANILMAZ OLAYA DA\u0130R \u0130LG\u0130N\u00c7 GER\u00c7EKLER VAR. \u0130NSANA NASIL D\u00d6N\u00dc\u015eT\u00dc\u011e\u00dcM\u00dcZ\u00dc, B\u00d6CEKLER\u0130N NEDEN D\u00dcNYAYA H\u00dcKMETT\u0130\u011e\u0130N\u0130 VE BUNUN G\u0130B\u0130 B\u0130R\u00c7OK B\u0130L\u0130MSEL GER\u00c7E\u011e\u0130 ANLATAN BU K\u0130TAP, B\u0130R AN B\u0130LE SIKILMANIZA FIRSAT VERM\u0130YOR! <\/p>\n","protected":false},"excerpt":{"rendered":"<p>BENC\u0130L GEN NED\u0130R? YA\u015eAMIN KRALLIKLARI NELERD\u0130R? NEDEN ARABA B\u00dcY\u00dcKL\u00dc\u011e\u00dcNDE B\u00d6CEKLER YOK? \u201cS\u00dcM\u00dcK NEDEN YE\u015e\u0130LD\u0130R?\u201d K\u0130TABININ YAZARI GLENN MURPHY, BU VE BUNUN G\u0130B\u0130 B\u0130R\u00c7OK PARLAK SORUYU, EL\u0130N\u0130ZDE<span class=\"excerpt-hellip\"> [\u2026]<\/span><\/p>\n","protected":false},"featured_media":0,"template":"","meta":{"_monsterinsights_skip_tracking":false,"_monsterinsights_sitenote_active":false,"_monsterinsights_sitenote_note":"","_monsterinsights_sitenote_category":0},"product_brand":[],"product_cat":[13829,12274],"product_tag":[],"class_list":{"0":"post-712374","1":"product","2":"type-product","3":"status-publish","5":"product_cat-bilimsel-kitaplar","6":"product_cat-cocuk-ve-genclik-kitaplari","7":"pa_cilt-ciltsiz","8":"pa_tur-kitap","9":"pa_yayinevi-is-bankasi-kultur-yayinlari","10":"pa_yazar-glenn-murphy","12":"first","13":"instock","14":"sale","15":"shipping-taxable","16":"purchasable","17":"product-type-simple"},"_links":{"self":[{"href":"https:\/\/roveyayinevi.com.tr\/index.php\/wp-json\/wp\/v2\/product\/712374","targetHints":{"allow":["GET"]}}],"collection":[{"href":"https:\/\/roveyayinevi.com.tr\/index.php\/wp-json\/wp\/v2\/product"}],"about":[{"href":"https:\/\/roveyayinevi.com.tr\/index.php\/wp-json\/wp\/v2\/types\/product"}],"wp:attachment":[{"href":"https:\/\/roveyayinevi.com.tr\/index.php\/wp-json\/wp\/v2\/media?parent=712374"}],"wp:term":[{"taxonomy":"product_brand","embeddable":true,"href":"https:\/\/roveyayinevi.com.tr\/index.php\/wp-json\/wp\/v2\/product_brand?post=712374"},{"taxonomy":"product_cat","embeddable":true,"href":"https:\/\/roveyayinevi.com.tr\/index.php\/wp-json\/wp\/v2\/product_cat?post=712374"},{"taxonomy":"product_tag","embeddable":true,"href":"https:\/\/roveyayinevi.com.tr\/index.php\/wp-json\/wp\/v2\/product_tag?post=712374"}],"curies":[{"name":"wp","href":"https:\/\/api.w.org\/{rel}","templated":true}]}}