{"id":712369,"date":"2025-08-27T16:55:03","date_gmt":"2025-08-27T13:55:03","guid":{"rendered":"https:\/\/roveyayinevi.com.tr\/index.php\/urun\/teskilat-i-mahsusanin-reisi-suleyman-askeri-bey\/"},"modified":"2026-04-16T02:20:58","modified_gmt":"2026-04-15T23:20:58","slug":"teskilat-i-mahsusanin-reisi-suleyman-askeri-bey","status":"publish","type":"product","link":"https:\/\/roveyayinevi.com.tr\/index.php\/urun\/teskilat-i-mahsusanin-reisi-suleyman-askeri-bey\/","title":{"rendered":"Te\u015fkilat-\u0131 Mahsusa\u2019n\u0131n Reisi S\u00fcleyman Askeri Bey"},"content":{"rendered":"<p>S\u00fcleyman Asker\u00ee, vatan\u0131 i\u00e7in vatan\u0131ndan ba\u015fka her \u015feyini isteyerek ve g\u00fclerek feda etmi\u015f bir Osmanl\u0131 idi!&#8230;&#8221;S\u00fcleyman Nazif &#8211; Ba\u011fdat Valisi 1911&#8217;de ad\u0131n\u0131 duyuran, 1914&#8217;de Harbiye Nezaretine ba\u011flanan Te\u015fkilat-\u0131 Mahsusa, Osmanl\u0131 Devletini par\u00e7alamak ve yok etmek isteyen emperyalist devletlerin ve T\u00fcrk-\u0130slam d\u00fc\u015fmanlar\u0131n\u0131n faaliyetlerini bo\u015fa \u00e7\u0131karmak i\u00e7in vatansever, idealist insanlar\u0131n kurdu\u011fu bir te\u015fkilatt\u0131r. Te\u015fkilat-\u0131 Mahsusa, \u0130ttihat ve Terakki&#8217;nin iktidardan d\u00fc\u015fmesiyle 1918&#8217;de feshedilmi\u015ftir. Ancak bu \u00f6rg\u00fct\u00fcn \u00fcyeleri davalar\u0131ndan vazge\u00e7memi\u015flerdir. Anadolu&#8217;yu i\u015fgal eden istilac\u0131 g\u00fc\u00e7lere kar\u015f\u0131 M\u00fcdafa-i Hukuk derneklerini kurmu\u015flar ve Kuv\u00e2-i Milliye&#8217;nin olu\u015fmas\u0131na \u00f6nc\u00fcl\u00fck etmi\u015flerdir. Devletin ve milletin menfaatlerini her \u015feyin \u00fczerinde tutan ve hayatlar\u0131n\u0131 bu u\u011furda feda etmekte bir an bile teredd\u00fct etmeyen insanlar\u0131 b\u00fcnyesinde bar\u0131nd\u0131ran Te\u015fkilat-\u0131 Mahsusa&#8217;n\u0131n ilk ba\u015fkan\u0131 S\u00fcleyman Asker\u00ee&#8217;dir. Askeri e\u011fitimini tamamlad\u0131k sonra \u0130ttihat ve Terakki Cemiyeti i\u00e7erisinde \u00f6nemli g\u00f6revler almaya ba\u015flayan S\u00fcleyman Asker\u00ee Bey, Makedonya&#8217;daki \u00e7ete takiplerinde kendini g\u00f6stermeye ba\u015flam\u0131\u015f, ilerleyen y\u0131llarda Ku\u015f\u00e7uba\u015f\u0131 E\u015fref ile birlikte Bat\u0131 Trakya&#8217;da \u00f6nemli faaliyetler y\u00fcr\u00fctm\u00fc\u015ft\u00fcr. II. Balkan Sava\u015f\u0131 sonras\u0131nda Bulgarlar ile yap\u0131lan \u0130stanbul Anla\u015fmas\u0131 \u00f6ncesinde Garbi Trakya H\u00fck\u00fcmeti&#8217;nin kurulmas\u0131n\u0131 sa\u011flam\u0131\u015ft\u0131r. <\/p>\n","protected":false},"excerpt":{"rendered":"<p>S\u00fcleyman Asker\u00ee, vatan\u0131 i\u00e7in vatan\u0131ndan ba\u015fka her \u015feyini isteyerek ve g\u00fclerek feda etmi\u015f bir Osmanl\u0131 idi!&#8230;&#8221;S\u00fcleyman Nazif &#8211; Ba\u011fdat Valisi 1911&#8217;de ad\u0131n\u0131 duyuran, 1914&#8217;de Harbiye Nezaretine<span class=\"excerpt-hellip\"> [\u2026]<\/span><\/p>\n","protected":false},"featured_media":0,"template":"","meta":{"_monsterinsights_skip_tracking":false,"_monsterinsights_sitenote_active":false,"_monsterinsights_sitenote_note":"","_monsterinsights_sitenote_category":0},"product_brand":[],"product_cat":[13946,12304],"product_tag":[],"class_list":{"0":"post-712369","1":"product","2":"type-product","3":"status-publish","5":"product_cat-biyografi-otobiyografi","6":"product_cat-tarih","7":"pa_cilt-ciltsiz","8":"pa_tur-kitap","9":"pa_yayinevi-altinordu-yayinlari","10":"pa_yazar-nurettin-simsek","12":"first","13":"instock","14":"sale","15":"shipping-taxable","16":"purchasable","17":"product-type-simple"},"_links":{"self":[{"href":"https:\/\/roveyayinevi.com.tr\/index.php\/wp-json\/wp\/v2\/product\/712369","targetHints":{"allow":["GET"]}}],"collection":[{"href":"https:\/\/roveyayinevi.com.tr\/index.php\/wp-json\/wp\/v2\/product"}],"about":[{"href":"https:\/\/roveyayinevi.com.tr\/index.php\/wp-json\/wp\/v2\/types\/product"}],"wp:attachment":[{"href":"https:\/\/roveyayinevi.com.tr\/index.php\/wp-json\/wp\/v2\/media?parent=712369"}],"wp:term":[{"taxonomy":"product_brand","embeddable":true,"href":"https:\/\/roveyayinevi.com.tr\/index.php\/wp-json\/wp\/v2\/product_brand?post=712369"},{"taxonomy":"product_cat","embeddable":true,"href":"https:\/\/roveyayinevi.com.tr\/index.php\/wp-json\/wp\/v2\/product_cat?post=712369"},{"taxonomy":"product_tag","embeddable":true,"href":"https:\/\/roveyayinevi.com.tr\/index.php\/wp-json\/wp\/v2\/product_tag?post=712369"}],"curies":[{"name":"wp","href":"https:\/\/api.w.org\/{rel}","templated":true}]}}